{"id":4060,"date":"2023-11-10T14:19:52","date_gmt":"2023-11-10T13:19:52","guid":{"rendered":"https:\/\/cormac.eu\/?post_type=product&#038;p=4060"},"modified":"2023-11-10T14:25:30","modified_gmt":"2023-11-10T13:25:30","slug":"encaisseuse-2","status":"publish","type":"product","link":"https:\/\/cormac.eu\/fr\/product\/case-packer\/","title":{"rendered":"Encaisseuse"},"content":{"rendered":"<p>Les encaisseuses sont des machines de fin de ligne con\u00e7ues pour former et remplir des caisses am\u00e9ricaines. Ces machines ouvrent une caisse pr\u00e9encoll\u00e9e et ins\u00e8rent le produit (ou le groupe de produits) dans la caisse \u00e0 l'aide d'un syst\u00e8me de chargement lat\u00e9ral ou d'une unit\u00e9 robotis\u00e9e de chargement par le haut.<br \/>\nLa fermeture de la caisse est assur\u00e9e par de la colle thermofusible ou du ruban adh\u00e9sif. Ces encaisseuses sont des machines tr\u00e8s flexibles et le changement de format peut \u00eatre effectu\u00e9 facilement et rapidement afin de traiter diff\u00e9rents types de produits de mani\u00e8re efficace.<\/p>\n<p><img decoding=\"async\" class=\"alignnone size-medium wp-image-4033\" src=\"https:\/\/cormac.eu\/wp-content\/uploads\/2023\/11\/case-packer-process-300x159.jpg\" alt=\"\" width=\"300\" height=\"159\" srcset=\"https:\/\/cormac.eu\/wp-content\/uploads\/2023\/11\/case-packer-process-300x159.jpg 300w, https:\/\/cormac.eu\/wp-content\/uploads\/2023\/11\/case-packer-process.jpg 437w\" sizes=\"(max-width: 300px) 100vw, 300px\" \/><\/p>\n<p>&nbsp;<\/p>\n<p>MOD\u00c8LES DISPONIBLES :<\/p>\n<ul>\n<li>Machine d'encaissage avec fermeture de la bo\u00eete par colle thermofusible<\/li>\n<li>Machine \u00e0 emballer les bo\u00eetes avec fermeture par ruban adh\u00e9sif<\/li>\n<\/ul>\n<p>&nbsp;<\/p>\n<table style=\"height: 311px\" width=\"730\">\n<tbody>\n<tr>\n<td width=\"264\"><strong>F<\/strong><strong>caract\u00e9ristiques<\/strong><\/td>\n<td width=\"340\"><strong>Avantages<\/strong><\/td>\n<\/tr>\n<tr>\n<td width=\"264\">\u00a0Contr\u00f4le de la vitesse<\/td>\n<td width=\"340\">Vitesse r\u00e9glable<\/td>\n<\/tr>\n<tr>\n<td width=\"264\">Changement rapide<\/td>\n<td width=\"340\">Changement moyen dans le temps 5-10 minutes<\/td>\n<\/tr>\n<tr>\n<td width=\"264\">Options de chargement par le haut ou par le c\u00f4t\u00e9<\/td>\n<td width=\"340\">Meilleure m\u00e9thode de chargement possible pour le produit\/la bo\u00eete<\/td>\n<\/tr>\n<tr>\n<td width=\"264\">Sans \u00e9trier de construction en acier peint<\/td>\n<td width=\"340\">Adapt\u00e9 \u00e0 diff\u00e9rents secteurs d'activit\u00e9<\/td>\n<\/tr>\n<\/tbody>\n<\/table>","protected":false},"excerpt":{"rendered":"<p>Machine pour former des caisses am\u00e9ricaines \u00e0 partir d'un blanc et les charger par le c\u00f4t\u00e9 ou par le haut.<\/p>","protected":false},"featured_media":4034,"comment_status":"open","ping_status":"closed","template":"","meta":{"uix_meta_title":"","uix_meta_description":"","uix_canonical_url":""},"product_brand":[],"product_cat":[114],"product_tag":[],"class_list":{"0":"post-4060","1":"product","2":"type-product","3":"status-publish","4":"has-post-thumbnail","6":"product_cat-secondary-packaging","8":"first","9":"instock","10":"shipping-taxable","11":"product-type-simple"},"_links":{"self":[{"href":"https:\/\/cormac.eu\/fr\/wp-json\/wp\/v2\/product\/4060","targetHints":{"allow":["GET"]}}],"collection":[{"href":"https:\/\/cormac.eu\/fr\/wp-json\/wp\/v2\/product"}],"about":[{"href":"https:\/\/cormac.eu\/fr\/wp-json\/wp\/v2\/types\/product"}],"replies":[{"embeddable":true,"href":"https:\/\/cormac.eu\/fr\/wp-json\/wp\/v2\/comments?post=4060"}],"wp:featuredmedia":[{"embeddable":true,"href":"https:\/\/cormac.eu\/fr\/wp-json\/wp\/v2\/media\/4034"}],"wp:attachment":[{"href":"https:\/\/cormac.eu\/fr\/wp-json\/wp\/v2\/media?parent=4060"}],"wp:term":[{"taxonomy":"product_brand","embeddable":true,"href":"https:\/\/cormac.eu\/fr\/wp-json\/wp\/v2\/product_brand?post=4060"},{"taxonomy":"product_cat","embeddable":true,"href":"https:\/\/cormac.eu\/fr\/wp-json\/wp\/v2\/product_cat?post=4060"},{"taxonomy":"product_tag","embeddable":true,"href":"https:\/\/cormac.eu\/fr\/wp-json\/wp\/v2\/product_tag?post=4060"}],"curies":[{"name":"wp","href":"https:\/\/api.w.org\/{rel}","templated":true}]}}