{"id":4058,"date":"2023-11-10T13:26:28","date_gmt":"2023-11-10T12:26:28","guid":{"rendered":"https:\/\/cormac.eu\/?post_type=product&#038;p=4058"},"modified":"2023-11-10T13:36:51","modified_gmt":"2023-11-10T12:36:51","slug":"ligne-complete-demballage-secondaire","status":"publish","type":"product","link":"https:\/\/cormac.eu\/fr\/product\/complete-secondary-packaging-line\/","title":{"rendered":"Ligne compl\u00e8te d'emballage secondaire"},"content":{"rendered":"<p>Toutes les machines individuelles de la gamme de machines d'emballage secondaire disponibles pour diff\u00e9rentes applications peuvent \u00eatre combin\u00e9es en une ligne d'emballage compl\u00e8te cl\u00e9 en main. Dans ces lignes compl\u00e8tes, nous utilisons des robots \u00e0 deux ou trois axes de notre propre conception pour placer et orienter les produits dans diverses configurations de bo\u00eetes. Les unit\u00e9s de chargement peuvent \u00eatre robotis\u00e9es ou automatiques. Notre d\u00e9partement R&amp;D con\u00e7oit et d\u00e9veloppe des lignes compl\u00e8tes en cr\u00e9ant des solutions ax\u00e9es sur le produit et l'emballage du client. Ces lignes peuvent \u00eatre enti\u00e8rement personnalis\u00e9es et con\u00e7ues pour r\u00e9pondre aux besoins du client, en utilisant les technologies les plus avanc\u00e9es. En fournissant des lignes compl\u00e8tes, nous garantissons l'uniformit\u00e9 des logiques des diff\u00e9rentes machines, l'uniformit\u00e9 de la gestion du projet, un service apr\u00e8s-vente rapide et une \u00e9quipe d\u00e9di\u00e9e pour r\u00e9pondre rapidement aux besoins d'assistance du client.<\/p>\n<p>&nbsp;<\/p>\n<p><img fetchpriority=\"high\" decoding=\"async\" class=\"alignnone size-medium wp-image-4039\" src=\"https:\/\/cormac.eu\/wp-content\/uploads\/2023\/11\/Robotic-loading-process-288x300.jpg\" alt=\"\" width=\"288\" height=\"300\" srcset=\"https:\/\/cormac.eu\/wp-content\/uploads\/2023\/11\/Robotic-loading-process-288x300.jpg 288w, https:\/\/cormac.eu\/wp-content\/uploads\/2023\/11\/Robotic-loading-process.jpg 407w\" sizes=\"(max-width: 288px) 100vw, 288px\" \/><\/p>\n<p><strong>\u00a0<\/strong><\/p>\n<p><u>QUI PEUVENT \u00caTRE INT\u00c9GR\u00c9S DANS LES LIGNES COMPL\u00c8TES :<\/u><\/p>\n<ul>\n<li>Syst\u00e8mes de contr\u00f4le du poids<\/li>\n<li>Syst\u00e8mes de vision<\/li>\n<li>Syst\u00e8mes d'\u00e9jection pour les produits non conformes<\/li>\n<li>Syst\u00e8mes d'\u00e9tiquetage<\/li>\n<li>Syst\u00e8mes de codage et d'impression<\/li>\n<li>Syst\u00e8mes de palettisation<\/li>\n<\/ul>\n<p>&nbsp;<\/p>\n<table style=\"height: 307px\" width=\"805\">\n<tbody>\n<tr>\n<td width=\"264\"><strong>F<\/strong><strong>caract\u00e9ristiques<\/strong><\/td>\n<td width=\"340\"><strong>Avantages<\/strong><\/td>\n<\/tr>\n<tr>\n<td width=\"264\">\u00a0Ing\u00e9nierie totale des lignes compl\u00e8tes<\/td>\n<td width=\"340\">Diff\u00e9rentes solutions d'emballage<\/td>\n<\/tr>\n<tr>\n<td width=\"264\">Chargement robotis\u00e9<\/td>\n<td width=\"340\">Rapide, efficace, fiable<\/td>\n<\/tr>\n<tr>\n<td width=\"264\">Fourniture cl\u00e9 en main<\/td>\n<td width=\"340\">Fournisseur unique responsable du projet<\/td>\n<\/tr>\n<tr>\n<td width=\"264\">Constructions en acier inoxydable ou en acier peint<\/td>\n<td width=\"340\">Fiabilit\u00e9 de l'industrie<\/td>\n<\/tr>\n<\/tbody>\n<\/table>","protected":false},"excerpt":{"rendered":"<p>Formage automatique de cartons, chargement de produits au moyen de cellules robotis\u00e9es de pr\u00e9l\u00e8vement et de mise en place ou d'autres syst\u00e8mes, int\u00e9gration de solutions de fin de ligne, y compris la palettisation.<\/p>","protected":false},"featured_media":4032,"comment_status":"open","ping_status":"closed","template":"","meta":{"uix_meta_title":"","uix_meta_description":"","uix_canonical_url":""},"product_brand":[],"product_cat":[114],"product_tag":[],"class_list":{"0":"post-4058","1":"product","2":"type-product","3":"status-publish","4":"has-post-thumbnail","6":"product_cat-secondary-packaging","8":"first","9":"instock","10":"shipping-taxable","11":"product-type-simple"},"_links":{"self":[{"href":"https:\/\/cormac.eu\/fr\/wp-json\/wp\/v2\/product\/4058","targetHints":{"allow":["GET"]}}],"collection":[{"href":"https:\/\/cormac.eu\/fr\/wp-json\/wp\/v2\/product"}],"about":[{"href":"https:\/\/cormac.eu\/fr\/wp-json\/wp\/v2\/types\/product"}],"replies":[{"embeddable":true,"href":"https:\/\/cormac.eu\/fr\/wp-json\/wp\/v2\/comments?post=4058"}],"wp:featuredmedia":[{"embeddable":true,"href":"https:\/\/cormac.eu\/fr\/wp-json\/wp\/v2\/media\/4032"}],"wp:attachment":[{"href":"https:\/\/cormac.eu\/fr\/wp-json\/wp\/v2\/media?parent=4058"}],"wp:term":[{"taxonomy":"product_brand","embeddable":true,"href":"https:\/\/cormac.eu\/fr\/wp-json\/wp\/v2\/product_brand?post=4058"},{"taxonomy":"product_cat","embeddable":true,"href":"https:\/\/cormac.eu\/fr\/wp-json\/wp\/v2\/product_cat?post=4058"},{"taxonomy":"product_tag","embeddable":true,"href":"https:\/\/cormac.eu\/fr\/wp-json\/wp\/v2\/product_tag?post=4058"}],"curies":[{"name":"wp","href":"https:\/\/api.w.org\/{rel}","templated":true}]}}