{"id":4054,"date":"2023-11-10T13:13:17","date_gmt":"2023-11-10T12:13:17","guid":{"rendered":"https:\/\/cormac.eu\/?post_type=product&#038;p=4054"},"modified":"2023-11-10T13:26:17","modified_gmt":"2023-11-10T12:26:17","slug":"machine-a-fermer-les-boites","status":"publish","type":"product","link":"https:\/\/cormac.eu\/fr\/product\/box-closing-machine\/","title":{"rendered":"Machine \u00e0 fermer les bo\u00eetes"},"content":{"rendered":"<p>Les machines de fermeture sont con\u00e7ues pour fermer les bo\u00eetes avec couvercles apr\u00e8s avoir \u00e9t\u00e9 remplies de produits. Les machines de fermeture peuvent \u00eatre lin\u00e9aires pour les solutions \u00e0 grande vitesse ou si les bo\u00eetes ont des couvercles \u00e0 1 rabat.<br \/>\nLes machines peuvent \u00eatre angulaires dans le cas de bo\u00eetes avec des couvercles \u00e0 trois volets. Ces machines ont un mouvement continu. Les bo\u00eetes peuvent \u00eatre ferm\u00e9es au moyen d'une colle thermofusible ou d'un syst\u00e8me d'embo\u00eetement.<br \/>\nLa vitesse est r\u00e9glable \u00e9lectroniquement jusqu'\u00e0 un maximum de 200 bo\u00eetes par minute. Le changement de format est rapide et facile.<\/p>\n<p>Capacit\u00e9 : Jusqu'\u00e0 200 bo\u00eetes par minute.<\/p>\n<p><img decoding=\"async\" class=\"alignnone size-medium wp-image-4055\" src=\"https:\/\/cormac.eu\/wp-content\/uploads\/2023\/11\/closing-process-300x123.jpg\" alt=\"\" width=\"300\" height=\"123\" srcset=\"https:\/\/cormac.eu\/wp-content\/uploads\/2023\/11\/closing-process-300x123.jpg 300w, https:\/\/cormac.eu\/wp-content\/uploads\/2023\/11\/closing-process-600x245.jpg 600w, https:\/\/cormac.eu\/wp-content\/uploads\/2023\/11\/closing-process.jpg 644w\" sizes=\"(max-width: 300px) 100vw, 300px\" \/><\/p>\n<p>&nbsp;<\/p>\n<p>&nbsp;<\/p>\n<table style=\"height: 395px\" width=\"841\">\n<tbody>\n<tr>\n<td width=\"264\"><strong>F<\/strong><strong>caract\u00e9ristiques<\/strong><\/td>\n<td width=\"340\"><strong>Avantages<\/strong><\/td>\n<\/tr>\n<tr>\n<td width=\"264\">Mouvement intermittent ou continu<\/td>\n<td width=\"340\">Int\u00e9gration des syst\u00e8mes<\/td>\n<\/tr>\n<tr>\n<td width=\"264\">Contr\u00f4le de la vitesse<\/td>\n<td width=\"340\">Vitesse r\u00e9glable<\/td>\n<\/tr>\n<tr>\n<td width=\"264\">Fermeture par colle thermofusible ou crochets<\/td>\n<td width=\"340\">Fermeture s\u00e9curis\u00e9e et conception cr\u00e9ative des bo\u00eetes<\/td>\n<\/tr>\n<tr>\n<td width=\"264\">Changement rapide<\/td>\n<td width=\"340\">Changement moyen dans le temps 5-10 minutes<\/td>\n<\/tr>\n<tr>\n<td width=\"264\">Construction en acier inoxydable ou peint<\/td>\n<td width=\"340\">Adapt\u00e9 \u00e0 diff\u00e9rents secteurs d'activit\u00e9<\/td>\n<\/tr>\n<\/tbody>\n<\/table>\n<p>&nbsp;<\/p>\n<p>&nbsp;<\/p>","protected":false},"excerpt":{"rendered":"<p>Machine permettant de fermer les bo\u00eetes et cartons remplis \u00e0 l'aide d'un couvercle.<\/p>","protected":false},"featured_media":4057,"comment_status":"open","ping_status":"closed","template":"","meta":{"uix_meta_title":"","uix_meta_description":"","uix_canonical_url":""},"product_brand":[],"product_cat":[114],"product_tag":[],"class_list":{"0":"post-4054","1":"product","2":"type-product","3":"status-publish","4":"has-post-thumbnail","6":"product_cat-secondary-packaging","8":"first","9":"instock","10":"shipping-taxable","11":"product-type-simple"},"_links":{"self":[{"href":"https:\/\/cormac.eu\/fr\/wp-json\/wp\/v2\/product\/4054","targetHints":{"allow":["GET"]}}],"collection":[{"href":"https:\/\/cormac.eu\/fr\/wp-json\/wp\/v2\/product"}],"about":[{"href":"https:\/\/cormac.eu\/fr\/wp-json\/wp\/v2\/types\/product"}],"replies":[{"embeddable":true,"href":"https:\/\/cormac.eu\/fr\/wp-json\/wp\/v2\/comments?post=4054"}],"wp:featuredmedia":[{"embeddable":true,"href":"https:\/\/cormac.eu\/fr\/wp-json\/wp\/v2\/media\/4057"}],"wp:attachment":[{"href":"https:\/\/cormac.eu\/fr\/wp-json\/wp\/v2\/media?parent=4054"}],"wp:term":[{"taxonomy":"product_brand","embeddable":true,"href":"https:\/\/cormac.eu\/fr\/wp-json\/wp\/v2\/product_brand?post=4054"},{"taxonomy":"product_cat","embeddable":true,"href":"https:\/\/cormac.eu\/fr\/wp-json\/wp\/v2\/product_cat?post=4054"},{"taxonomy":"product_tag","embeddable":true,"href":"https:\/\/cormac.eu\/fr\/wp-json\/wp\/v2\/product_tag?post=4054"}],"curies":[{"name":"wp","href":"https:\/\/api.w.org\/{rel}","templated":true}]}}