{"id":4052,"date":"2023-11-10T13:00:26","date_gmt":"2023-11-10T12:00:26","guid":{"rendered":"https:\/\/cormac.eu\/?post_type=product&#038;p=4052"},"modified":"2023-11-10T14:17:50","modified_gmt":"2023-11-10T13:17:50","slug":"machine-de-formage-de-caisses","status":"publish","type":"product","link":"https:\/\/cormac.eu\/fr\/product\/case-forming-machine\/","title":{"rendered":"Machine \u00e0 former les bo\u00eetes"},"content":{"rendered":"<p>Machines de formage pour bo\u00eetes et plateaux de dimensions et formes sp\u00e9ciales et pour les applications les plus vari\u00e9es. Nos machines de formage sont d\u00e9di\u00e9es \u00e0 la r\u00e9alisation de bo\u00eetes et de plateaux en carton avec une conicit\u00e9 de 90\u00b0 et 45\u00b0 ou avec une double paroi. Les bo\u00eetes et plateaux sont form\u00e9s \u00e0 partir de d\u00e9coupes plates au moyen de colle chaude, de colle froide ou de crochets. La vitesse est r\u00e9glable \u00e9lectroniquement jusqu'\u00e0 un maximum de 60 coups par minute avec une seule t\u00eate de formage. Des options avec double t\u00eate de formage (120 bo\u00eetes\/minute) ou triple t\u00eate de formage (180 bo\u00eetes\/minute) sont \u00e9galement disponibles, en fonction des vitesses requises et des caract\u00e9ristiques des flans. Le changement de format est rapide et facile. La t\u00eate de formage peut \u00eatre fixe ou r\u00e9glable. Le changement de format automatique est \u00e9galement disponible en option.  Gr\u00e2ce \u00e0 des syst\u00e8mes automatis\u00e9s et robotis\u00e9s de chargement des produits, nos machines de formage peuvent \u00eatre int\u00e9gr\u00e9es \u00e0 des machines de fermeture et d'operculage pour former des lignes d'emballage compl\u00e8tes.<\/p>\n<p><img decoding=\"async\" class=\"alignnone wp-image-4053\" src=\"https:\/\/cormac.eu\/wp-content\/uploads\/2023\/11\/product-line-case-forming-300x48.jpg\" alt=\"\" width=\"337\" height=\"54\" srcset=\"https:\/\/cormac.eu\/wp-content\/uploads\/2023\/11\/product-line-case-forming-300x48.jpg 300w, https:\/\/cormac.eu\/wp-content\/uploads\/2023\/11\/product-line-case-forming-600x96.jpg 600w, https:\/\/cormac.eu\/wp-content\/uploads\/2023\/11\/product-line-case-forming.jpg 659w\" sizes=\"(max-width: 337px) 100vw, 337px\" \/><\/p>\n<p>MOD\u00c8LES DISPONIBLES :<\/p>\n<ul>\n<li>\u00a0Machines de formage au moyen de colle thermofusible<\/li>\n<li>Machine \u00e0 former par collage \u00e0 froid, avec ou sans unit\u00e9 de pliage de rabats<\/li>\n<li>Machine de formage pour bo\u00eetes \u00e0 clapet<\/li>\n<li>Machines de formage \u00e0 simple ou double t\u00eate avec fermeture par crochets<\/li>\n<li>Machines de formage pour bo\u00eetes \u00e0 double paroi avec fermeture \u00e0 embo\u00eetement<\/li>\n<li>SP\u00c9CIALES : Machines de formage comprenant des unit\u00e9s de manutention, des unit\u00e9s de pliage de rabats lat\u00e9raux, des s\u00e9parateurs internes, des unit\u00e9s de positionnement, etc.<\/li>\n<\/ul>\n<p>&nbsp;<\/p>\n<table style=\"height: 515px\" width=\"870\">\n<tbody>\n<tr>\n<td width=\"264\"><strong>F<\/strong><strong>caract\u00e9ristiques<\/strong><\/td>\n<td width=\"340\"><strong>Avantages<\/strong><\/td>\n<\/tr>\n<tr>\n<td width=\"264\">Diff\u00e9rentes m\u00e9thodes de collage<\/td>\n<td width=\"340\">Colle thermofusible, colle froide ou crochets<\/td>\n<\/tr>\n<tr>\n<td width=\"264\">Vitesse r\u00e9glable<\/td>\n<td width=\"340\">Contr\u00f4le de la vitesse<\/td>\n<\/tr>\n<tr>\n<td width=\"264\">Formateurs de t\u00eates simples, doubles et triples<\/td>\n<td width=\"340\">Choix de diff\u00e9rentes capacit\u00e9s d'ex\u00e9cution<\/td>\n<\/tr>\n<tr>\n<td width=\"264\">Changement rapide<\/td>\n<td width=\"340\">Changement de format 5-10 minutes<\/td>\n<\/tr>\n<tr>\n<td width=\"264\">Int\u00e9gration possible<\/td>\n<td width=\"340\">Pour former des lignes d'emballage compl\u00e8tes<\/td>\n<\/tr>\n<tr>\n<td width=\"264\">Ing\u00e9nierie sp\u00e9ciale<\/td>\n<td width=\"340\">Diff\u00e9rentes configurations possibles<\/td>\n<\/tr>\n<tr>\n<td width=\"264\">Construction en acier inoxydable ou peint<\/td>\n<td width=\"340\">Adapt\u00e9 \u00e0 diff\u00e9rents secteurs d'activit\u00e9<\/td>\n<\/tr>\n<\/tbody>\n<\/table>\n<p>&nbsp;<\/p>","protected":false},"excerpt":{"rendered":"<p>Machines pour le formage de bo\u00eetes et de plateaux de dimensions et de formes sp\u00e9ciales, \u00e0 partir de blancs plats.<\/p>","protected":false},"featured_media":4029,"comment_status":"open","ping_status":"closed","template":"","meta":{"uix_meta_title":"","uix_meta_description":"","uix_canonical_url":""},"product_brand":[],"product_cat":[114],"product_tag":[],"class_list":{"0":"post-4052","1":"product","2":"type-product","3":"status-publish","4":"has-post-thumbnail","6":"product_cat-secondary-packaging","8":"first","9":"instock","10":"shipping-taxable","11":"product-type-simple"},"_links":{"self":[{"href":"https:\/\/cormac.eu\/fr\/wp-json\/wp\/v2\/product\/4052","targetHints":{"allow":["GET"]}}],"collection":[{"href":"https:\/\/cormac.eu\/fr\/wp-json\/wp\/v2\/product"}],"about":[{"href":"https:\/\/cormac.eu\/fr\/wp-json\/wp\/v2\/types\/product"}],"replies":[{"embeddable":true,"href":"https:\/\/cormac.eu\/fr\/wp-json\/wp\/v2\/comments?post=4052"}],"wp:featuredmedia":[{"embeddable":true,"href":"https:\/\/cormac.eu\/fr\/wp-json\/wp\/v2\/media\/4029"}],"wp:attachment":[{"href":"https:\/\/cormac.eu\/fr\/wp-json\/wp\/v2\/media?parent=4052"}],"wp:term":[{"taxonomy":"product_brand","embeddable":true,"href":"https:\/\/cormac.eu\/fr\/wp-json\/wp\/v2\/product_brand?post=4052"},{"taxonomy":"product_cat","embeddable":true,"href":"https:\/\/cormac.eu\/fr\/wp-json\/wp\/v2\/product_cat?post=4052"},{"taxonomy":"product_tag","embeddable":true,"href":"https:\/\/cormac.eu\/fr\/wp-json\/wp\/v2\/product_tag?post=4052"}],"curies":[{"name":"wp","href":"https:\/\/api.w.org\/{rel}","templated":true}]}}