{"id":4048,"date":"2023-11-10T12:43:37","date_gmt":"2023-11-10T11:43:37","guid":{"rendered":"https:\/\/cormac.eu\/?post_type=product&#038;p=4048"},"modified":"2023-11-10T12:59:40","modified_gmt":"2023-11-10T11:59:40","slug":"machine-dencartonnage-2","status":"publish","type":"product","link":"https:\/\/cormac.eu\/fr\/product\/cartoning-machine\/","title":{"rendered":"Machine d'\u00e9tuyage"},"content":{"rendered":"<p>Gamme de machines d'\u00e9tuyage comprenant des machines intermittentes, intermittentes \u00e0 pas multiples et \u00e0 mouvement continu. Le mouvement d\u00e9pend des sp\u00e9cifications du produit et de la vitesse requise, qui peut atteindre jusqu'\u00e0 300 pi\u00e8ces par minute.<em>.<br \/>\n<\/em>Les machines d'\u00e9tuyage sont d\u00e9di\u00e9es \u00e0 la <strong>chargement lat\u00e9ral<\/strong> et la fermeture de cartons pr\u00e9encoll\u00e9s \u00e0 l'aide d'une colle thermofusible ou d'un syst\u00e8me d'embo\u00eetement. Le changement de format est rapide et facile<em>. <\/em>Tous les mod\u00e8les d'encartonneuses sont disponibles avec une vari\u00e9t\u00e9 de pas de machine pour r\u00e9pondre aux diff\u00e9rents besoins du client.<em>. <\/em>Diff\u00e9rentes solutions d'alimentation en produits sont disponibles. Des ex\u00e9cutions sp\u00e9ciales pour des dimensions ou des formes particuli\u00e8res des bo\u00eetes peuvent \u00eatre \u00e9tudi\u00e9es.<\/p>\n<p><img decoding=\"async\" class=\"alignnone size-medium wp-image-4051\" src=\"https:\/\/cormac.eu\/wp-content\/uploads\/2023\/11\/carton-loading-process-300x91.jpg\" alt=\"\" width=\"300\" height=\"91\" srcset=\"https:\/\/cormac.eu\/wp-content\/uploads\/2023\/11\/carton-loading-process-300x91.jpg 300w, https:\/\/cormac.eu\/wp-content\/uploads\/2023\/11\/carton-loading-process.jpg 538w\" sizes=\"(max-width: 300px) 100vw, 300px\" \/><\/p>\n<p>Capacit\u00e9s\/mod\u00e8les<\/p>\n<ul>\n<li>Mod\u00e8le CCM100 : encartonneuse en continu, vitesse max 300 ppm<\/li>\n<li>Mod\u00e8le ICMMP100 : encartonneuse intermittente, pas multiples, vitesse max 90 ppm<\/li>\n<li>Mod\u00e8le ICM100 : encartonneuse intermittente, vitesse max 60 ppm<\/li>\n<li>Ex\u00e9cutions sp\u00e9ciales : sur demande<\/li>\n<\/ul>\n<p>&nbsp;<\/p>\n<table style=\"height: 487px\" width=\"698\">\n<tbody>\n<tr>\n<td width=\"264\"><strong>F<\/strong><strong>caract\u00e9ristiques<\/strong><\/td>\n<td width=\"340\"><strong>Avantages<\/strong><\/td>\n<\/tr>\n<tr>\n<td width=\"264\">Mouvement intermittent ou continu<\/td>\n<td width=\"340\">Int\u00e9gration des syst\u00e8mes<\/td>\n<\/tr>\n<tr>\n<td width=\"264\">Chargement robotis\u00e9 de produits<\/td>\n<td width=\"340\">Efficace, hygi\u00e9nique, rapide<\/td>\n<\/tr>\n<tr>\n<td width=\"264\">Chargement de produits personnalis\u00e9s<\/td>\n<td width=\"340\">Chargement des produits selon les exigences du client<\/td>\n<\/tr>\n<tr>\n<td width=\"264\">Contr\u00f4le \u00e9lectronique de la vitesse<\/td>\n<td width=\"340\">Vitesse r\u00e9glable<\/td>\n<\/tr>\n<tr>\n<td width=\"264\">Fermeture par colle thermofusible<\/td>\n<td width=\"340\">M\u00e9thode de collage fiable<\/td>\n<\/tr>\n<tr>\n<td width=\"264\">Changement rapide<\/td>\n<td width=\"340\">Changement moyen sur une p\u00e9riode de 5 \u00e0 10 minutes<\/td>\n<\/tr>\n<tr>\n<td width=\"264\">Construction en acier sans acier ou en acier peint<\/td>\n<td width=\"340\">Adapt\u00e9 \u00e0 diff\u00e9rents secteurs d'activit\u00e9<\/td>\n<\/tr>\n<\/tbody>\n<\/table>","protected":false},"excerpt":{"rendered":"<p>Machine d\u00e9di\u00e9e au chargement lat\u00e9ral de produits dans des cartons pr\u00e9encoll\u00e9s et \u00e0 leur fermeture.<\/p>","protected":false},"featured_media":4028,"comment_status":"open","ping_status":"closed","template":"","meta":{"uix_meta_title":"","uix_meta_description":"","uix_canonical_url":""},"product_brand":[],"product_cat":[114],"product_tag":[300,271,299],"class_list":{"0":"post-4048","1":"product","2":"type-product","3":"status-publish","4":"has-post-thumbnail","6":"product_cat-secondary-packaging","7":"product_tag-cartoning","8":"product_tag-packaging-lines","9":"product_tag-secondary-packaging","11":"first","12":"instock","13":"shipping-taxable","14":"product-type-simple"},"_links":{"self":[{"href":"https:\/\/cormac.eu\/fr\/wp-json\/wp\/v2\/product\/4048","targetHints":{"allow":["GET"]}}],"collection":[{"href":"https:\/\/cormac.eu\/fr\/wp-json\/wp\/v2\/product"}],"about":[{"href":"https:\/\/cormac.eu\/fr\/wp-json\/wp\/v2\/types\/product"}],"replies":[{"embeddable":true,"href":"https:\/\/cormac.eu\/fr\/wp-json\/wp\/v2\/comments?post=4048"}],"wp:featuredmedia":[{"embeddable":true,"href":"https:\/\/cormac.eu\/fr\/wp-json\/wp\/v2\/media\/4028"}],"wp:attachment":[{"href":"https:\/\/cormac.eu\/fr\/wp-json\/wp\/v2\/media?parent=4048"}],"wp:term":[{"taxonomy":"product_brand","embeddable":true,"href":"https:\/\/cormac.eu\/fr\/wp-json\/wp\/v2\/product_brand?post=4048"},{"taxonomy":"product_cat","embeddable":true,"href":"https:\/\/cormac.eu\/fr\/wp-json\/wp\/v2\/product_cat?post=4048"},{"taxonomy":"product_tag","embeddable":true,"href":"https:\/\/cormac.eu\/fr\/wp-json\/wp\/v2\/product_tag?post=4048"}],"curies":[{"name":"wp","href":"https:\/\/api.w.org\/{rel}","templated":true}]}}