{"id":4006,"date":"2023-11-02T21:54:50","date_gmt":"2023-11-02T20:54:50","guid":{"rendered":"https:\/\/cormac.eu\/?post_type=product&#038;p=4006"},"modified":"2023-11-02T22:35:46","modified_gmt":"2023-11-02T21:35:46","slug":"kcm-omega-chocolate-depositor","status":"publish","type":"product","link":"https:\/\/cormac.eu\/fr\/product\/kcm-omega-chocolate-depositor\/","title":{"rendered":"KCM Omega chocolate depositor"},"content":{"rendered":"<p>Le KCM 9\/18 Omega est l'outil ultime pour la production artisanale de produits fourr\u00e9s en une seule fois. Il contient un d\u00e9poseur enti\u00e8rement \u00e9lectro-servo avec un syst\u00e8me de piston rotatif brevet\u00e9. Le corps mince s'adapte au plus petit coin et est plac\u00e9 sur des roulettes pour pouvoir \u00eatre d\u00e9plac\u00e9. Une couverture de s\u00e9curit\u00e9 int\u00e9gr\u00e9e permet un acc\u00e8s total aux tr\u00e9mies pendant la production. Le d\u00e9poseur a une chemise de cylindre de 35 mm avec un choix de 3 diam\u00e8tres de piston diff\u00e9rents disponibles 10\/20\/25 mm. La longueur de course des pistons est de 32 mm. La machine permet des d\u00e9bits optimaux pour les produits contenant des inclusions. Elle dispose d'une activation individuelle des pistons avec un syst\u00e8me de couplage brevet\u00e9. Les rails lat\u00e9raux sont r\u00e9glables de 380 \u00e0 275 mm. Cela vous permet d'utiliser des moules standard, des moules form\u00e9s sous vide et des plaques !<\/p>\n<p>&nbsp;<\/p>\n<table style=\"height: 366px\" width=\"879\">\n<tbody>\n<tr>\n<td width=\"197\">\u00a0<strong>Caract\u00e9ristiques<\/strong><\/td>\n<td width=\"197\">\u00a0<strong>Avantages<\/strong><\/td>\n<\/tr>\n<tr>\n<td>Machine sur roulettes<\/td>\n<td>\n<ul>\n<li>facilit\u00e9 de d\u00e9placement<\/li>\n<\/ul>\n<\/td>\n<\/tr>\n<tr>\n<td>Syst\u00e8me de piston tournant<\/td>\n<td>\n<ul>\n<li>la plus grande pr\u00e9cision<\/li>\n<\/ul>\n<\/td>\n<\/tr>\n<tr>\n<td>Bloc piston en porte-\u00e0-faux<\/td>\n<td>\n<ul>\n<li>acc\u00e8s facile<\/li>\n<li>nettoyage facile<\/li>\n<\/ul>\n<\/td>\n<\/tr>\n<tr>\n<td>Fixation de la plaque de buse avec syst\u00e8me de verrouillage central<\/td>\n<td>\n<ul>\n<li>Changement rapide de la plaque de buse<\/li>\n<\/ul>\n<\/td>\n<\/tr>\n<\/tbody>\n<\/table>\n<p>&nbsp;<\/p>\n<p>&nbsp;<\/p>","protected":false},"excerpt":{"rendered":"<p>D\u00e9poseur de chocolat tr\u00e8s pr\u00e9cis et mobile pour le chocolatier ambitieux.<\/p>","protected":false},"featured_media":4025,"comment_status":"open","ping_status":"closed","template":"","meta":{"uix_meta_title":"","uix_meta_description":"","uix_canonical_url":""},"product_brand":[],"product_cat":[107,104],"product_tag":[],"class_list":{"0":"post-4006","1":"product","2":"type-product","3":"status-publish","4":"has-post-thumbnail","6":"product_cat-artisanal","7":"product_cat-processing","9":"first","10":"instock","11":"shipping-taxable","12":"product-type-simple"},"_links":{"self":[{"href":"https:\/\/cormac.eu\/fr\/wp-json\/wp\/v2\/product\/4006","targetHints":{"allow":["GET"]}}],"collection":[{"href":"https:\/\/cormac.eu\/fr\/wp-json\/wp\/v2\/product"}],"about":[{"href":"https:\/\/cormac.eu\/fr\/wp-json\/wp\/v2\/types\/product"}],"replies":[{"embeddable":true,"href":"https:\/\/cormac.eu\/fr\/wp-json\/wp\/v2\/comments?post=4006"}],"wp:featuredmedia":[{"embeddable":true,"href":"https:\/\/cormac.eu\/fr\/wp-json\/wp\/v2\/media\/4025"}],"wp:attachment":[{"href":"https:\/\/cormac.eu\/fr\/wp-json\/wp\/v2\/media?parent=4006"}],"wp:term":[{"taxonomy":"product_brand","embeddable":true,"href":"https:\/\/cormac.eu\/fr\/wp-json\/wp\/v2\/product_brand?post=4006"},{"taxonomy":"product_cat","embeddable":true,"href":"https:\/\/cormac.eu\/fr\/wp-json\/wp\/v2\/product_cat?post=4006"},{"taxonomy":"product_tag","embeddable":true,"href":"https:\/\/cormac.eu\/fr\/wp-json\/wp\/v2\/product_tag?post=4006"}],"curies":[{"name":"wp","href":"https:\/\/api.w.org\/{rel}","templated":true}]}}