{"id":3987,"date":"2023-10-27T14:59:24","date_gmt":"2023-10-27T12:59:24","guid":{"rendered":"https:\/\/cormac.eu\/?post_type=product&#038;p=3987"},"modified":"2023-10-27T15:28:07","modified_gmt":"2023-10-27T13:28:07","slug":"broyeur-a-boulets","status":"publish","type":"product","link":"https:\/\/cormac.eu\/fr\/product\/ball-mill\/","title":{"rendered":"Moulin \u00e0 boulets"},"content":{"rendered":"<p>Broyeur \u00e0 billes d'une capacit\u00e9 de 20-50 KG convenant aux petits et moyens producteurs de chocolat et aux confiseries. La machine peut raffiner les cr\u00e8mes, les masses de chocolat, les cr\u00e8mes de chocolat et diff\u00e9rentes sortes de gla\u00e7ages jusqu'\u00e0 une finesse de 20 microns. La machine est solide, fiable et facile \u00e0 manipuler. Son branchement \u00e9lectrique est r\u00e9gl\u00e9 sur 220 V, ce qui lui permet de s'int\u00e9grer facilement dans n'importe quelle installation de production.<\/p>\n<p>&nbsp;<\/p>\n<table width=\"491\">\n<tbody>\n<tr>\n<td width=\"246\"><strong>Caract\u00e9ristiques<\/strong><\/td>\n<td width=\"246\"><strong>Avantages<\/strong><\/td>\n<\/tr>\n<tr>\n<td width=\"246\">Conception compacte<\/td>\n<td width=\"246\">Facile \u00e0 placer et \u00e0 manipuler<\/td>\n<\/tr>\n<tr>\n<td width=\"246\">Alimentation 220 V<\/td>\n<td width=\"246\">Peut \u00eatre utilis\u00e9 dans n'importe quelle installation, atelier ou laboratoire<\/td>\n<\/tr>\n<tr>\n<td width=\"246\"><\/td>\n<td width=\"246\"><\/td>\n<\/tr>\n<tr>\n<td width=\"246\">Dimensions<\/td>\n<td width=\"246\">L 875 x L 675 x H 1100 MM<\/td>\n<\/tr>\n<tr>\n<td width=\"246\">Poids<\/td>\n<td width=\"246\">340 Kg<\/td>\n<\/tr>\n<\/tbody>\n<\/table>","protected":false},"excerpt":{"rendered":"<p>Broyeur \u00e0 billes de faible capacit\u00e9 pour les petits et moyens producteurs de chocolat et les confiseries.<\/p>","protected":false},"featured_media":3986,"comment_status":"open","ping_status":"closed","template":"","meta":{"uix_meta_title":"","uix_meta_description":"","uix_canonical_url":""},"product_brand":[],"product_cat":[104],"product_tag":[],"class_list":{"0":"post-3987","1":"product","2":"type-product","3":"status-publish","4":"has-post-thumbnail","6":"product_cat-processing","8":"first","9":"instock","10":"shipping-taxable","11":"product-type-simple"},"_links":{"self":[{"href":"https:\/\/cormac.eu\/fr\/wp-json\/wp\/v2\/product\/3987","targetHints":{"allow":["GET"]}}],"collection":[{"href":"https:\/\/cormac.eu\/fr\/wp-json\/wp\/v2\/product"}],"about":[{"href":"https:\/\/cormac.eu\/fr\/wp-json\/wp\/v2\/types\/product"}],"replies":[{"embeddable":true,"href":"https:\/\/cormac.eu\/fr\/wp-json\/wp\/v2\/comments?post=3987"}],"wp:featuredmedia":[{"embeddable":true,"href":"https:\/\/cormac.eu\/fr\/wp-json\/wp\/v2\/media\/3986"}],"wp:attachment":[{"href":"https:\/\/cormac.eu\/fr\/wp-json\/wp\/v2\/media?parent=3987"}],"wp:term":[{"taxonomy":"product_brand","embeddable":true,"href":"https:\/\/cormac.eu\/fr\/wp-json\/wp\/v2\/product_brand?post=3987"},{"taxonomy":"product_cat","embeddable":true,"href":"https:\/\/cormac.eu\/fr\/wp-json\/wp\/v2\/product_cat?post=3987"},{"taxonomy":"product_tag","embeddable":true,"href":"https:\/\/cormac.eu\/fr\/wp-json\/wp\/v2\/product_tag?post=3987"}],"curies":[{"name":"wp","href":"https:\/\/api.w.org\/{rel}","templated":true}]}}