{"id":3938,"date":"2023-05-19T10:50:29","date_gmt":"2023-05-19T08:50:29","guid":{"rendered":"https:\/\/cormac.eu\/?post_type=product&#038;p=3938"},"modified":"2023-05-25T21:10:07","modified_gmt":"2023-05-25T19:10:07","slug":"alimentateur-automatique-de-limaces","status":"publish","type":"product","link":"https:\/\/cormac.eu\/fr\/product\/automatic-slug-feeder\/","title":{"rendered":"Alimentateur automatique de limaces"},"content":{"rendered":"<p>L'alimentateur de limaces appartient \u00e0 la cat\u00e9gorie des syst\u00e8mes de manutention et d'alimentation. Il s'agit d'une unit\u00e9 de chargement et d'alimentation verticale, install\u00e9e entre la sortie d'une ligne de production et la machine d'emballage \/ flowpack.<br \/>\nL'alimentateur de limaces cr\u00e9e automatiquement des portions de produits sur le bord. Ces lopins sont ensuite transf\u00e9r\u00e9s automatiquement vers le convoyeur \u00e0 plat via une unit\u00e9 de transfert \u00e0 90\u00b0. Les distributeurs de bouchons peuvent avoir de 2 \u00e0 16 canaux, en fonction du nombre de voies du produit entrant et de leur vitesse. Les unit\u00e9s peuvent \u00e9galement \u00eatre utilis\u00e9es pour placer des produits dans des plateaux.<\/p>\n<p><strong>Gamme de capacit\u00e9<\/strong>: Sur mesure \/ sur demande<\/p>\n<p>&nbsp;<\/p>\n<table>\n<tbody>\n<tr>\n<td><strong>Caract\u00e9ristiques<\/strong><\/td>\n<td><strong>Avantages<\/strong><\/td>\n<\/tr>\n<tr>\n<td>R\u00e9glage de la longueur de la pile<\/td>\n<td>Compensation des \u00e9carts d'\u00e9paisseur du produit<\/td>\n<\/tr>\n<tr>\n<td>Conception modulaire<\/td>\n<td>Disponible dans diff\u00e9rentes configurations<\/td>\n<\/tr>\n<\/tbody>\n<\/table>","protected":false},"excerpt":{"rendered":"<p>The slug feeder belongs to the category of Handling Feeding Systems. It is a vertical loading and feeding unit, installed between the outfeed end of a production line and the packaging \/ flowpack machine. The Slug feeder automatically creates portions of products on edge. These slugs are then automatically transferred to the flighted conveyor via [&hellip;]<\/p>\n","protected":false},"featured_media":3897,"comment_status":"open","ping_status":"closed","template":"","meta":{"uix_meta_title":"","uix_meta_description":"","uix_canonical_url":""},"product_brand":[],"product_cat":[105],"product_tag":[265,266,271,279],"class_list":{"0":"post-3938","1":"product","2":"type-product","3":"status-publish","4":"has-post-thumbnail","6":"product_cat-packaging","7":"product_tag-flowpack","8":"product_tag-flowwrapping","9":"product_tag-packaging-lines","10":"product_tag-slug-feeder","12":"first","13":"instock","14":"shipping-taxable","15":"product-type-simple"},"_links":{"self":[{"href":"https:\/\/cormac.eu\/fr\/wp-json\/wp\/v2\/product\/3938","targetHints":{"allow":["GET"]}}],"collection":[{"href":"https:\/\/cormac.eu\/fr\/wp-json\/wp\/v2\/product"}],"about":[{"href":"https:\/\/cormac.eu\/fr\/wp-json\/wp\/v2\/types\/product"}],"replies":[{"embeddable":true,"href":"https:\/\/cormac.eu\/fr\/wp-json\/wp\/v2\/comments?post=3938"}],"wp:featuredmedia":[{"embeddable":true,"href":"https:\/\/cormac.eu\/fr\/wp-json\/wp\/v2\/media\/3897"}],"wp:attachment":[{"href":"https:\/\/cormac.eu\/fr\/wp-json\/wp\/v2\/media?parent=3938"}],"wp:term":[{"taxonomy":"product_brand","embeddable":true,"href":"https:\/\/cormac.eu\/fr\/wp-json\/wp\/v2\/product_brand?post=3938"},{"taxonomy":"product_cat","embeddable":true,"href":"https:\/\/cormac.eu\/fr\/wp-json\/wp\/v2\/product_cat?post=3938"},{"taxonomy":"product_tag","embeddable":true,"href":"https:\/\/cormac.eu\/fr\/wp-json\/wp\/v2\/product_tag?post=3938"}],"curies":[{"name":"wp","href":"https:\/\/api.w.org\/{rel}","templated":true}]}}