{"id":3936,"date":"2023-05-19T10:38:59","date_gmt":"2023-05-19T08:38:59","guid":{"rendered":"https:\/\/cormac.eu\/?post_type=product&#038;p=3936"},"modified":"2023-05-25T21:11:43","modified_gmt":"2023-05-25T19:11:43","slug":"alimentateur-automatique-de-rouleaux","status":"publish","type":"product","link":"https:\/\/cormac.eu\/fr\/product\/automatic-roll-feeder\/","title":{"rendered":"Alimentateur automatique de rouleaux"},"content":{"rendered":"<p>L'alimentateur automatique de rouleaux appartient \u00e0 la cat\u00e9gorie des syst\u00e8mes d'alimentation de manutention. Il est install\u00e9 entre la sortie d'une ligne de production et la machine d'emballage \/ flowpack.<br \/>\nElle re\u00e7oit le produit et l'achemine vers la machine flowpack selon le nombre et la taille d'emballage requis. L'unit\u00e9 dispose d'un certain nombre de tr\u00e9mies de produits, con\u00e7ues en fonction de la forme sp\u00e9cifique du produit et de la vitesse de production requise. Chaque tr\u00e9mie est \u00e9quip\u00e9e d'une trappe de sortie et le nombre de paquets est d\u00e9termin\u00e9 par des cellules photo\u00e9lectriques de d\u00e9tection. Des convoyeurs avec des supports en acier inoxydable passent devant les cellules photo\u00e9lectriques et comptent le nombre correct de produits \u00e0 introduire dans chaque tr\u00e9mie.<\/p>\n<p><strong>Plage de capacit\u00e9 <\/strong>: Sur mesure\/\u00e0 la demande<\/p>","protected":false},"excerpt":{"rendered":"<p>Machine pour le comptage, le regroupement et l'alimentation automatique du tapis d'alimentation d'une flowpacker.<\/p>","protected":false},"featured_media":3898,"comment_status":"open","ping_status":"closed","template":"","meta":{"uix_meta_title":"","uix_meta_description":"","uix_canonical_url":""},"product_brand":[],"product_cat":[105],"product_tag":[277,278,271],"class_list":{"0":"post-3936","1":"product","2":"type-product","3":"status-publish","4":"has-post-thumbnail","6":"product_cat-packaging","7":"product_tag-bread-roll-feeder","8":"product_tag-feeding-system","9":"product_tag-packaging-lines","11":"first","12":"instock","13":"shipping-taxable","14":"product-type-simple"},"_links":{"self":[{"href":"https:\/\/cormac.eu\/fr\/wp-json\/wp\/v2\/product\/3936","targetHints":{"allow":["GET"]}}],"collection":[{"href":"https:\/\/cormac.eu\/fr\/wp-json\/wp\/v2\/product"}],"about":[{"href":"https:\/\/cormac.eu\/fr\/wp-json\/wp\/v2\/types\/product"}],"replies":[{"embeddable":true,"href":"https:\/\/cormac.eu\/fr\/wp-json\/wp\/v2\/comments?post=3936"}],"wp:featuredmedia":[{"embeddable":true,"href":"https:\/\/cormac.eu\/fr\/wp-json\/wp\/v2\/media\/3898"}],"wp:attachment":[{"href":"https:\/\/cormac.eu\/fr\/wp-json\/wp\/v2\/media?parent=3936"}],"wp:term":[{"taxonomy":"product_brand","embeddable":true,"href":"https:\/\/cormac.eu\/fr\/wp-json\/wp\/v2\/product_brand?post=3936"},{"taxonomy":"product_cat","embeddable":true,"href":"https:\/\/cormac.eu\/fr\/wp-json\/wp\/v2\/product_cat?post=3936"},{"taxonomy":"product_tag","embeddable":true,"href":"https:\/\/cormac.eu\/fr\/wp-json\/wp\/v2\/product_tag?post=3936"}],"curies":[{"name":"wp","href":"https:\/\/api.w.org\/{rel}","templated":true}]}}