{"id":3935,"date":"2023-05-18T23:09:21","date_gmt":"2023-05-18T21:09:21","guid":{"rendered":"https:\/\/cormac.eu\/?post_type=product&#038;p=3935"},"modified":"2023-05-19T10:50:05","modified_gmt":"2023-05-19T08:50:05","slug":"alimentateur-automatique-de-piles-2","status":"publish","type":"product","link":"https:\/\/cormac.eu\/fr\/product\/automatic-pile-feeder\/","title":{"rendered":"Alimentateur automatique de piles"},"content":{"rendered":"<p>L'alimentateur automatique de piles appartient \u00e0 la cat\u00e9gorie des syst\u00e8mes d'alimentation par manutention. Il s'agit d'une unit\u00e9 de chargement et d'alimentation horizontale install\u00e9e \u00e0 la sortie des lignes de production.  Sa fonction est de regrouper les produits \u00e0 plat en piles et de transf\u00e9rer les piles dans les vol\u00e9es d'alimentation de la (des) machine(s) d'emballage. Cet alimentateur de piles cr\u00e9e d\u00e9licatement des piles de hauteurs variables, allant d'une seule couche jusqu'\u00e0 la hauteur maximale stable. Les produits \u00e0 traiter sont g\u00e9n\u00e9ralement des biscuits, des crackers, des biscuits pour sandwichs, des tranches de pain grill\u00e9 ou des pains craquel\u00e9s.  L'unit\u00e9 d'alimentation horizontale haut de gamme \u00e0 quatre axes est actionn\u00e9e par quatre servomoteurs.  Cette version permet d'ajuster la hauteur de la pile pendant que la machine fonctionne sans interruption. Il existe \u00e9galement une version \u00e0 deux axes aliment\u00e9e par deux servomoteurs.<\/p>\n<p><strong>Gamme de capacit\u00e9<\/strong> : sur mesure\/\u00e0 la demande<\/p>\n<p>&nbsp;<\/p>\n<table>\n<tbody>\n<tr>\n<td><strong>Caract\u00e9ristiques<\/strong><\/td>\n<td><strong>Avantages<\/strong><\/td>\n<\/tr>\n<tr>\n<td>R\u00e9glage de la hauteur de la pile<\/td>\n<td>Compensation \u00e0 la vol\u00e9e des \u00e9carts d'\u00e9paisseur des produits<\/td>\n<\/tr>\n<tr>\n<td>Conception modulaire<\/td>\n<td>Disponible dans diff\u00e9rentes configurations<\/td>\n<\/tr>\n<\/tbody>\n<\/table>\n<p>&nbsp;<\/p>","protected":false},"excerpt":{"rendered":"<p>Cette machine assemble des produits tels que des biscuits, des crackers et des tranches de pain grill\u00e9 en piles et les achemine vers le tapis d'alimentation de la flowpacker.<\/p>","protected":false},"featured_media":3897,"comment_status":"open","ping_status":"closed","template":"","meta":{"uix_meta_title":"","uix_meta_description":"","uix_canonical_url":""},"product_brand":[],"product_cat":[105],"product_tag":[275,265,271,276],"class_list":{"0":"post-3935","1":"product","2":"type-product","3":"status-publish","4":"has-post-thumbnail","6":"product_cat-packaging","7":"product_tag-feeding","8":"product_tag-flowpack","9":"product_tag-packaging-lines","10":"product_tag-stacking","12":"first","13":"instock","14":"shipping-taxable","15":"product-type-simple"},"_links":{"self":[{"href":"https:\/\/cormac.eu\/fr\/wp-json\/wp\/v2\/product\/3935","targetHints":{"allow":["GET"]}}],"collection":[{"href":"https:\/\/cormac.eu\/fr\/wp-json\/wp\/v2\/product"}],"about":[{"href":"https:\/\/cormac.eu\/fr\/wp-json\/wp\/v2\/types\/product"}],"replies":[{"embeddable":true,"href":"https:\/\/cormac.eu\/fr\/wp-json\/wp\/v2\/comments?post=3935"}],"wp:featuredmedia":[{"embeddable":true,"href":"https:\/\/cormac.eu\/fr\/wp-json\/wp\/v2\/media\/3897"}],"wp:attachment":[{"href":"https:\/\/cormac.eu\/fr\/wp-json\/wp\/v2\/media?parent=3935"}],"wp:term":[{"taxonomy":"product_brand","embeddable":true,"href":"https:\/\/cormac.eu\/fr\/wp-json\/wp\/v2\/product_brand?post=3935"},{"taxonomy":"product_cat","embeddable":true,"href":"https:\/\/cormac.eu\/fr\/wp-json\/wp\/v2\/product_cat?post=3935"},{"taxonomy":"product_tag","embeddable":true,"href":"https:\/\/cormac.eu\/fr\/wp-json\/wp\/v2\/product_tag?post=3935"}],"curies":[{"name":"wp","href":"https:\/\/api.w.org\/{rel}","templated":true}]}}