{"id":3934,"date":"2023-05-18T23:02:16","date_gmt":"2023-05-18T21:02:16","guid":{"rendered":"https:\/\/cormac.eu\/?post_type=product&#038;p=3934"},"modified":"2023-05-18T23:08:29","modified_gmt":"2023-05-18T21:08:29","slug":"machine-flowpack-pack-9000","status":"publish","type":"product","link":"https:\/\/cormac.eu\/fr\/product\/flowpack-machine-pack-9000\/","title":{"rendered":"Machine Flowpack - pack 9000"},"content":{"rendered":"<p>Cette machine flowpack appartient \u00e0 la s\u00e9rie 9, qui dispose d'un porte-bobine sup\u00e9rieur. Cette plate-forme de conception est utilis\u00e9e pour de multiples configurations qui, en combinaison avec une large gamme d'accessoires, permettent \u00e0 la machine de s'adapter \u00e0 de nombreux produits diff\u00e9rents \u00e0 emballer dans diff\u00e9rents environnements de production. La machine peut \u00eatre livr\u00e9e en diff\u00e9rentes versions, par exemple pour la soudure \u00e0 chaud ou \u00e0 froid, avec une soudeuse\/coupeuse rotative, en acier inoxydable, avec une ex\u00e9cution \u00e0 droite ou \u00e0 gauche et avec diff\u00e9rents syst\u00e8mes d'alimentation.<\/p>\n<p>Plage de capacit\u00e9 : 600 \u00e0 800 pi\u00e8ces par minute ; 80 mts\/minute<\/p>\n<p>&nbsp;<\/p>\n<table>\n<tbody>\n<tr>\n<td>\n<p style=\"text-align: center\"><strong>Caract\u00e9ristiques<\/strong><\/p>\n<\/td>\n<td>\n<p style=\"text-align: center\"><strong>Avantages<\/strong><\/p>\n<\/td>\n<\/tr>\n<tr>\n<td>Conception en porte-\u00e0-faux<\/td>\n<td>\n<ul>\n<li>Acc\u00e8s ais\u00e9 \u00e0 toutes les parties de la machine<\/li>\n<li>Entretien facile<\/li>\n<\/ul>\n<\/td>\n<\/tr>\n<tr>\n<td>Bande transporteuse avec palettes de pouss\u00e9e<\/td>\n<td>\n<ul>\n<li>Variation facile de la distance des poussoirs<\/li>\n<li>sans outils<\/li>\n<\/ul>\n<\/td>\n<\/tr>\n<tr>\n<td>Construction modulaire<\/td>\n<td>\n<ul>\n<li>Adaptabilit\u00e9 aux exigences des clients<\/li>\n<\/ul>\n<\/td>\n<\/tr>\n<tr>\n<td>Porte-bobine pneumatique<\/td>\n<td>\n<ul>\n<li>Changement de bobine facile<\/li>\n<li>R\u00e9glage axial lorsque la machine est en marche<\/li>\n<\/ul>\n<\/td>\n<\/tr>\n<tr>\n<td>Bo\u00eete de formage fixe<\/td>\n<td>\n<ul>\n<li>Con\u00e7u pour un produit sp\u00e9cifique<\/li>\n<\/ul>\n<\/td>\n<\/tr>\n<tr>\n<td>Module d'\u00e9tanch\u00e9it\u00e9 longitudinale<\/td>\n<td>\n<ul>\n<li>1 paire de roues de traction \u00e0 froid<\/li>\n<li>2 paires de roues d'\u00e9tanch\u00e9it\u00e9 chauff\u00e9es<\/li>\n<li>1 paire de roues pliantes \u00e0 ailettes coniques<\/li>\n<\/ul>\n<\/td>\n<\/tr>\n<tr>\n<td>Module de soudage longitudinal<\/td>\n<td>\n<ul>\n<li>Facile \u00e0 enlever\/remplacer<\/li>\n<li>Nettoyage facile<\/li>\n<\/ul>\n<\/td>\n<\/tr>\n<tr>\n<td>Module de coupe et de soudage rotatif<\/td>\n<td>\n<ul>\n<li>Fabriqu\u00e9 en fonction des produits et des films<\/li>\n<\/ul>\n<\/td>\n<\/tr>\n<tr>\n<td>Convoyeur de sortie avec \u00e9jection<\/td>\n<td>\n<ul>\n<li>Vitesse variable<\/li>\n<li>syst\u00e8me de d\u00e9tection et de rejet des emballages vides\/doubles<\/li>\n<\/ul>\n<\/td>\n<\/tr>\n<tr>\n<td>\u00a0\u00c9cran tactile<\/td>\n<td>\n<ul>\n<li>Contr\u00f4le \u00e9lectronique int\u00e9gral<\/li>\n<li>Fonctionnement intuitif<\/li>\n<li>Stockage des param\u00e8tres<\/li>\n<li>Alarmes et avertissements<\/li>\n<\/ul>\n<\/td>\n<\/tr>\n<\/tbody>\n<\/table>\n<p>&nbsp;<\/p>","protected":false},"excerpt":{"rendered":"<p>Machine Flowpack pour l'emballage en flux de produits r\u00e9guliers \u00e0 des vitesses de production \u00e9lev\u00e9es avec des changements de format multiples, \u00e0 l'aide d'un syst\u00e8me d'alimentation automatique.<\/p>","protected":false},"featured_media":3896,"comment_status":"open","ping_status":"closed","template":"","meta":{"uix_meta_title":"","uix_meta_description":"","uix_canonical_url":""},"product_brand":[],"product_cat":[105],"product_tag":[265,266,271],"class_list":{"0":"post-3934","1":"product","2":"type-product","3":"status-publish","4":"has-post-thumbnail","6":"product_cat-packaging","7":"product_tag-flowpack","8":"product_tag-flowwrapping","9":"product_tag-packaging-lines","11":"first","12":"instock","13":"shipping-taxable","14":"product-type-simple"},"_links":{"self":[{"href":"https:\/\/cormac.eu\/fr\/wp-json\/wp\/v2\/product\/3934","targetHints":{"allow":["GET"]}}],"collection":[{"href":"https:\/\/cormac.eu\/fr\/wp-json\/wp\/v2\/product"}],"about":[{"href":"https:\/\/cormac.eu\/fr\/wp-json\/wp\/v2\/types\/product"}],"replies":[{"embeddable":true,"href":"https:\/\/cormac.eu\/fr\/wp-json\/wp\/v2\/comments?post=3934"}],"wp:featuredmedia":[{"embeddable":true,"href":"https:\/\/cormac.eu\/fr\/wp-json\/wp\/v2\/media\/3896"}],"wp:attachment":[{"href":"https:\/\/cormac.eu\/fr\/wp-json\/wp\/v2\/media?parent=3934"}],"wp:term":[{"taxonomy":"product_brand","embeddable":true,"href":"https:\/\/cormac.eu\/fr\/wp-json\/wp\/v2\/product_brand?post=3934"},{"taxonomy":"product_cat","embeddable":true,"href":"https:\/\/cormac.eu\/fr\/wp-json\/wp\/v2\/product_cat?post=3934"},{"taxonomy":"product_tag","embeddable":true,"href":"https:\/\/cormac.eu\/fr\/wp-json\/wp\/v2\/product_tag?post=3934"}],"curies":[{"name":"wp","href":"https:\/\/api.w.org\/{rel}","templated":true}]}}