{"id":3931,"date":"2023-05-18T22:52:56","date_gmt":"2023-05-18T20:52:56","guid":{"rendered":"https:\/\/cormac.eu\/?post_type=product&#038;p=3931"},"modified":"2023-05-18T22:59:15","modified_gmt":"2023-05-18T20:59:15","slug":"flowpack-machine-pack-900-2","status":"publish","type":"product","link":"https:\/\/cormac.eu\/fr\/product\/flowpack-machine-pack-900\/","title":{"rendered":"Machine Flowpack - Pack 900"},"content":{"rendered":"<p>Cette machine flowpack appartient \u00e0 la s\u00e9rie 9 qui dispose d'un porte-bobine sup\u00e9rieur. Cette plate-forme de conception est utilis\u00e9e pour de multiples configurations qui, en combinaison avec une large gamme d'accessoires, permettent \u00e0 la machine de s'adapter \u00e0 de nombreux produits diff\u00e9rents \u00e0 emballer dans diff\u00e9rents environnements de production. La machine peut \u00eatre livr\u00e9e en diff\u00e9rentes versions, notamment pour la soudure \u00e0 chaud ou \u00e0 froid, avec une soudeuse\/coupeuse rotative, en acier inoxydable et en version droite ou gauche.<\/p>\n<p><strong>Plage de capacit\u00e9 :<\/strong>\u00a0 200- 600 pi\u00e8ces par minute \/ 40 mts\/minute<\/p>\n<p>&nbsp;<\/p>\n<table style=\"height: 881px\" width=\"656\">\n<tbody>\n<tr>\n<td style=\"text-align: center\"><strong>Caract\u00e9ristiques<\/strong><\/td>\n<td>\n<p style=\"text-align: center\"><strong>Avantages<\/strong><\/p>\n<\/td>\n<\/tr>\n<tr>\n<td>Conception en porte-\u00e0-faux<\/td>\n<td>\n<ul>\n<li>Acc\u00e8s ais\u00e9 \u00e0 toutes les parties de la machine<\/li>\n<li>Entretien facile<\/li>\n<\/ul>\n<\/td>\n<\/tr>\n<tr>\n<td>Bande transporteuse avec palettes de pouss\u00e9e<\/td>\n<td>\n<ul>\n<li>Variation facile de la distance des poussoirs<\/li>\n<li>pas besoin d'outils<\/li>\n<\/ul>\n<\/td>\n<\/tr>\n<tr>\n<td>Construction modulaire<\/td>\n<td>\n<ul>\n<li>Adaptabilit\u00e9 aux exigences des clients<\/li>\n<\/ul>\n<\/td>\n<\/tr>\n<tr>\n<td>Porte-bobine pneumatique<\/td>\n<td>\n<ul>\n<li>Changement de bobine facile<\/li>\n<li>R\u00e9glage axial lorsque la machine est en marche<\/li>\n<\/ul>\n<\/td>\n<\/tr>\n<tr>\n<td>Bo\u00eete de formage universelle<\/td>\n<td>\n<ul>\n<li>Adaptable \u00e0 diff\u00e9rentes tailles de produits<\/li>\n<\/ul>\n<\/td>\n<\/tr>\n<tr>\n<td>Module d'\u00e9tanch\u00e9it\u00e9 longitudinale<\/td>\n<td>\n<ul>\n<li>1 paire de roues de traction \u00e0 froid<\/li>\n<li>2 paires de roues d'\u00e9tanch\u00e9it\u00e9 chauff\u00e9es<\/li>\n<li>1 paire de roues pliantes \u00e0 ailettes coniques<\/li>\n<\/ul>\n<\/td>\n<\/tr>\n<tr>\n<td>Module de soudage longitudinal<\/td>\n<td>\n<ul>\n<li>Facile \u00e0 enlever\/remplacer<\/li>\n<li>Nettoyage facile<\/li>\n<\/ul>\n<\/td>\n<\/tr>\n<tr>\n<td>Module de d\u00e9coupe et de soudage rotatif<\/td>\n<td>\n<ul>\n<li>Fabriqu\u00e9 en fonction des produits et des films<\/li>\n<\/ul>\n<\/td>\n<\/tr>\n<tr>\n<td>Convoyeur de sortie<\/td>\n<td>\n<ul>\n<li>Vitesse variable<\/li>\n<li>syst\u00e8me de d\u00e9tection et de rejet<\/li>\n<\/ul>\n<\/td>\n<\/tr>\n<tr>\n<td>\u00a0\u00c9cran tactile<\/td>\n<td>\n<ul>\n<li>Contr\u00f4le \u00e9lectronique int\u00e9gral<\/li>\n<li>Fonctionnement intuitif<\/li>\n<li>Stockage des param\u00e8tres<\/li>\n<li>Alarmes et avertissements<\/li>\n<\/ul>\n<\/td>\n<\/tr>\n<\/tbody>\n<\/table>\n<p>&nbsp;<\/p>","protected":false},"excerpt":{"rendered":"<p>Machine Flowpack pour l'emballage en flux de produits r\u00e9guliers \u00e0 des vitesses de production moyennes \u00e0 \u00e9lev\u00e9es, \u00e0 l'aide d'un syst\u00e8me d'alimentation semi-automatique ou enti\u00e8rement automatique.<\/p>","protected":false},"featured_media":3895,"comment_status":"open","ping_status":"closed","template":"","meta":{"uix_meta_title":"","uix_meta_description":"","uix_canonical_url":""},"product_brand":[],"product_cat":[105],"product_tag":[265,266,271],"class_list":{"0":"post-3931","1":"product","2":"type-product","3":"status-publish","4":"has-post-thumbnail","6":"product_cat-packaging","7":"product_tag-flowpack","8":"product_tag-flowwrapping","9":"product_tag-packaging-lines","11":"first","12":"instock","13":"shipping-taxable","14":"product-type-simple"},"_links":{"self":[{"href":"https:\/\/cormac.eu\/fr\/wp-json\/wp\/v2\/product\/3931","targetHints":{"allow":["GET"]}}],"collection":[{"href":"https:\/\/cormac.eu\/fr\/wp-json\/wp\/v2\/product"}],"about":[{"href":"https:\/\/cormac.eu\/fr\/wp-json\/wp\/v2\/types\/product"}],"replies":[{"embeddable":true,"href":"https:\/\/cormac.eu\/fr\/wp-json\/wp\/v2\/comments?post=3931"}],"wp:featuredmedia":[{"embeddable":true,"href":"https:\/\/cormac.eu\/fr\/wp-json\/wp\/v2\/media\/3895"}],"wp:attachment":[{"href":"https:\/\/cormac.eu\/fr\/wp-json\/wp\/v2\/media?parent=3931"}],"wp:term":[{"taxonomy":"product_brand","embeddable":true,"href":"https:\/\/cormac.eu\/fr\/wp-json\/wp\/v2\/product_brand?post=3931"},{"taxonomy":"product_cat","embeddable":true,"href":"https:\/\/cormac.eu\/fr\/wp-json\/wp\/v2\/product_cat?post=3931"},{"taxonomy":"product_tag","embeddable":true,"href":"https:\/\/cormac.eu\/fr\/wp-json\/wp\/v2\/product_tag?post=3931"}],"curies":[{"name":"wp","href":"https:\/\/api.w.org\/{rel}","templated":true}]}}