{"id":3928,"date":"2023-05-18T22:24:24","date_gmt":"2023-05-18T20:24:24","guid":{"rendered":"https:\/\/cormac.eu\/?post_type=product&#038;p=3928"},"modified":"2023-05-18T22:33:28","modified_gmt":"2023-05-18T20:33:28","slug":"flowpack-machine-pack-600","status":"publish","type":"product","link":"https:\/\/cormac.eu\/fr\/product\/flowpack-machine-pack-600\/","title":{"rendered":"Machine Flowpack - Pack 600"},"content":{"rendered":"<p>Cette machine flowpack appartient \u00e0 la s\u00e9rie 6 qui dispose d'un porte-bobine inf\u00e9rieur. Cette plate-forme de conception est utilis\u00e9e pour de multiples configurations qui, en combinaison avec une large gamme d'accessoires, permettent \u00e0 la machine de s'adapter \u00e0 de nombreux produits diff\u00e9rents \u00e0 emballer dans diff\u00e9rents environnements de production. La machine peut \u00eatre livr\u00e9e en diff\u00e9rentes versions, par exemple pour la soudure \u00e0 chaud ou \u00e0 froid, avec une soudeuse\/coupeuse rotative, en acier inoxydable et avec une ex\u00e9cution \u00e0 droite ou \u00e0 gauche. La machine peut \u00eatre livr\u00e9e avec diff\u00e9rents syst\u00e8mes d'alimentation adapt\u00e9s.<\/p>\n<p>Capacit\u00e9 : 200 \u00e0 600 pi\u00e8ces par minute ; 40 mts\/min.<\/p>\n<table style=\"height: 868px\" width=\"692\">\n<tbody>\n<tr>\n<td>\n<p style=\"text-align: center\"><strong>Caract\u00e9ristiques<\/strong><\/p>\n<\/td>\n<td>\n<p style=\"text-align: center\"><strong>Avantages<\/strong><\/p>\n<\/td>\n<\/tr>\n<tr>\n<td>Conception en porte-\u00e0-faux<\/td>\n<td>\n<ul>\n<li>Acc\u00e8s ais\u00e9 \u00e0 toutes les parties de la machine<\/li>\n<li>Entretien facile<\/li>\n<\/ul>\n<\/td>\n<\/tr>\n<tr>\n<td>Construction modulaire<\/td>\n<td>\n<ul>\n<li>Adaptabilit\u00e9 aux exigences des clients<\/li>\n<li>Grande flexibilit\u00e9<\/li>\n<\/ul>\n<\/td>\n<\/tr>\n<tr>\n<td>Convoyeur \u00e0 palettes<\/td>\n<td>\n<ul>\n<li>Distance du poussoir facile \u00e0 r\u00e9gler<\/li>\n<li>sans outils<\/li>\n<\/ul>\n<\/td>\n<\/tr>\n<tr>\n<td>Porte-bobine pneumatique<\/td>\n<td>\n<ul>\n<li>Changement de bobine facile<\/li>\n<li>R\u00e9glage axial lorsque la machine est en marche<\/li>\n<\/ul>\n<\/td>\n<\/tr>\n<tr>\n<td>Bo\u00eete de formage universelle<\/td>\n<td>\n<ul>\n<li>Adaptable \u00e0 diff\u00e9rentes tailles de produits<\/li>\n<\/ul>\n<\/td>\n<\/tr>\n<tr>\n<td>Unit\u00e9 modulaire de scellement longitudinal<\/td>\n<td>\n<ul>\n<li>1 paire de roues de traction \u00e0 froid<\/li>\n<li>2 paires de roues d'\u00e9tanch\u00e9it\u00e9 chauff\u00e9es<\/li>\n<li>1 paire de roues pliantes \u00e0 ailettes coniques<\/li>\n<\/ul>\n<\/td>\n<\/tr>\n<tr>\n<td>Module de soudage longitudinal<\/td>\n<td>\n<ul>\n<li>Facile \u00e0 nettoyer<\/li>\n<li>Facile \u00e0 enlever\/remplacer<\/li>\n<\/ul>\n<\/td>\n<\/tr>\n<tr>\n<td>Convoyeur de sortie avec \u00e9jection<\/td>\n<td>\n<ul>\n<li>R\u00e9glage de la vitesse variable<\/li>\n<li>d\u00e9tection et rejet des emballages vides ou doubles<\/li>\n<\/ul>\n<\/td>\n<\/tr>\n<tr>\n<td>\u00a0\u00c9cran tactile de 10,4 pouces<\/td>\n<td>\n<ul>\n<li>Contr\u00f4le \u00e9lectronique int\u00e9gral<\/li>\n<li>Fonctionnement intuitif<\/li>\n<li>Tous les param\u00e8tres sont indiqu\u00e9s<\/li>\n<li>Alarmes et avertissements affich\u00e9s<\/li>\n<\/ul>\n<\/td>\n<\/tr>\n<\/tbody>\n<\/table>","protected":false},"excerpt":{"rendered":"<p>Machine Flowpack pour l'emballage en flux de produits irr\u00e9guliers ou fragiles \u00e0 des vitesses de production moyennes \u00e0 \u00e9lev\u00e9es.<\/p>","protected":false},"featured_media":3894,"comment_status":"open","ping_status":"closed","template":"","meta":{"uix_meta_title":"","uix_meta_description":"","uix_canonical_url":""},"product_brand":[],"product_cat":[105],"product_tag":[265,266,271],"class_list":{"0":"post-3928","1":"product","2":"type-product","3":"status-publish","4":"has-post-thumbnail","6":"product_cat-packaging","7":"product_tag-flowpack","8":"product_tag-flowwrapping","9":"product_tag-packaging-lines","11":"first","12":"instock","13":"shipping-taxable","14":"product-type-simple"},"_links":{"self":[{"href":"https:\/\/cormac.eu\/fr\/wp-json\/wp\/v2\/product\/3928","targetHints":{"allow":["GET"]}}],"collection":[{"href":"https:\/\/cormac.eu\/fr\/wp-json\/wp\/v2\/product"}],"about":[{"href":"https:\/\/cormac.eu\/fr\/wp-json\/wp\/v2\/types\/product"}],"replies":[{"embeddable":true,"href":"https:\/\/cormac.eu\/fr\/wp-json\/wp\/v2\/comments?post=3928"}],"wp:featuredmedia":[{"embeddable":true,"href":"https:\/\/cormac.eu\/fr\/wp-json\/wp\/v2\/media\/3894"}],"wp:attachment":[{"href":"https:\/\/cormac.eu\/fr\/wp-json\/wp\/v2\/media?parent=3928"}],"wp:term":[{"taxonomy":"product_brand","embeddable":true,"href":"https:\/\/cormac.eu\/fr\/wp-json\/wp\/v2\/product_brand?post=3928"},{"taxonomy":"product_cat","embeddable":true,"href":"https:\/\/cormac.eu\/fr\/wp-json\/wp\/v2\/product_cat?post=3928"},{"taxonomy":"product_tag","embeddable":true,"href":"https:\/\/cormac.eu\/fr\/wp-json\/wp\/v2\/product_tag?post=3928"}],"curies":[{"name":"wp","href":"https:\/\/api.w.org\/{rel}","templated":true}]}}