{"id":3927,"date":"2023-05-18T22:15:35","date_gmt":"2023-05-18T20:15:35","guid":{"rendered":"https:\/\/cormac.eu\/?post_type=product&#038;p=3927"},"modified":"2023-05-19T11:00:29","modified_gmt":"2023-05-19T09:00:29","slug":"flowpack-machine-pack-60","status":"publish","type":"product","link":"https:\/\/cormac.eu\/fr\/product\/flowpack-machine-pack-60\/","title":{"rendered":"Machine Flowpack - Pack 60"},"content":{"rendered":"<p>Cette machine flowpack appartient \u00e0 la s\u00e9rie 6 qui dispose d'un porte-bobine inf\u00e9rieur.<br \/>\nCette plate-forme de conception est utilis\u00e9e pour de multiples configurations qui, en combinaison avec une large gamme d'accessoires, permettent \u00e0 la machine de s'adapter \u00e0 de nombreux produits diff\u00e9rents \u00e0 emballer dans diff\u00e9rents environnements de production.<br \/>\nLa machine peut \u00eatre livr\u00e9e en diff\u00e9rentes versions, par exemple pour la soudure \u00e0 chaud ou \u00e0 froid, avec une soudeuse\/coupeuse rotative, en acier inoxydable et en ex\u00e9cution \u00e0 droite ou \u00e0 gauche.<br \/>\nLa machine peut \u00eatre livr\u00e9e avec diff\u00e9rents syst\u00e8mes d'alimentation personnalis\u00e9s.<\/p>\n<p><strong>Gamme de capacit\u00e9<\/strong>: 100 \u00e0 300 pi\u00e8ces par minute ; 30 mts\/min<\/p>\n<p>&nbsp;<\/p>\n<table style=\"height: 742px\" width=\"638\">\n<tbody>\n<tr>\n<td>\n<p style=\"text-align: center\"><strong>Caract\u00e9ristiques<\/strong><\/p>\n<\/td>\n<td>\n<p style=\"text-align: center\"><strong>Avantages<\/strong><\/p>\n<\/td>\n<\/tr>\n<tr>\n<td>Conception en porte-\u00e0-faux<\/td>\n<td>\n<ul>\n<li>Acc\u00e8s ais\u00e9 \u00e0 toutes les parties de la machine<\/li>\n<li>Entretien facile<\/li>\n<\/ul>\n<\/td>\n<\/tr>\n<tr>\n<td>Construction modulaire<\/td>\n<td>\n<ul>\n<li>Adaptabilit\u00e9 aux exigences des clients<\/li>\n<li>grande flexibilit\u00e9<\/li>\n<\/ul>\n<\/td>\n<\/tr>\n<tr>\n<td>Porte-bobine pneumatique<\/td>\n<td>\n<ul>\n<li>Changement de bobine facile<\/li>\n<li>R\u00e9glage axial lorsque la machine est en marche<\/li>\n<\/ul>\n<\/td>\n<\/tr>\n<tr>\n<td>Bo\u00eete de formage universelle<\/td>\n<td>\n<ul>\n<li>Adaptable \u00e0 diff\u00e9rentes tailles de produits<\/li>\n<\/ul>\n<\/td>\n<\/tr>\n<tr>\n<td>Unit\u00e9 modulaire de scellement longitudinal<\/td>\n<td>\n<ul>\n<li>1 paire de roues de traction \u00e0 froid<\/li>\n<li>2 paires de roues d'\u00e9tanch\u00e9it\u00e9 chauff\u00e9es<\/li>\n<li>1 paire de roues pliantes \u00e0 ailettes coniques<\/li>\n<\/ul>\n<\/td>\n<\/tr>\n<tr>\n<td>Bo\u00eete de formage universelle<\/td>\n<td>\n<ul>\n<li>Adaptable \u00e0 diff\u00e9rentes tailles de produits<\/li>\n<\/ul>\n<\/td>\n<\/tr>\n<tr>\n<td>Convoyeur de sortie \u00e0 vitesse variable<\/td>\n<td>\n<ul>\n<li>R\u00e9glable en fonction de la vitesse d'enroulement<\/li>\n<\/ul>\n<\/td>\n<\/tr>\n<tr>\n<td>\u00a0\u00c9cran tactile de 10,4 pouces<\/td>\n<td>\n<ul>\n<li>Contr\u00f4le \u00e9lectronique int\u00e9gral<\/li>\n<li>Fonctionnement intuitif<\/li>\n<li>Stockage des param\u00e8tres<\/li>\n<li>Alarmes et avertissements affich\u00e9s<\/li>\n<\/ul>\n<\/td>\n<\/tr>\n<\/tbody>\n<\/table>","protected":false},"excerpt":{"rendered":"<p>Machine Flowpack pour l'emballage en flux de produits irr\u00e9guliers ou fragiles \u00e0 des vitesses de production faibles \u00e0 moyennes.<\/p>","protected":false},"featured_media":3891,"comment_status":"open","ping_status":"closed","template":"","meta":{"uix_meta_title":"","uix_meta_description":"","uix_canonical_url":""},"product_brand":[],"product_cat":[105],"product_tag":[274,265,266],"class_list":{"0":"post-3927","1":"product","2":"type-product","3":"status-publish","4":"has-post-thumbnail","6":"product_cat-packaging","7":"product_tag-complete-packaging-lines","8":"product_tag-flowpack","9":"product_tag-flowwrapping","11":"first","12":"instock","13":"shipping-taxable","14":"product-type-simple"},"_links":{"self":[{"href":"https:\/\/cormac.eu\/fr\/wp-json\/wp\/v2\/product\/3927","targetHints":{"allow":["GET"]}}],"collection":[{"href":"https:\/\/cormac.eu\/fr\/wp-json\/wp\/v2\/product"}],"about":[{"href":"https:\/\/cormac.eu\/fr\/wp-json\/wp\/v2\/types\/product"}],"replies":[{"embeddable":true,"href":"https:\/\/cormac.eu\/fr\/wp-json\/wp\/v2\/comments?post=3927"}],"wp:featuredmedia":[{"embeddable":true,"href":"https:\/\/cormac.eu\/fr\/wp-json\/wp\/v2\/media\/3891"}],"wp:attachment":[{"href":"https:\/\/cormac.eu\/fr\/wp-json\/wp\/v2\/media?parent=3927"}],"wp:term":[{"taxonomy":"product_brand","embeddable":true,"href":"https:\/\/cormac.eu\/fr\/wp-json\/wp\/v2\/product_brand?post=3927"},{"taxonomy":"product_cat","embeddable":true,"href":"https:\/\/cormac.eu\/fr\/wp-json\/wp\/v2\/product_cat?post=3927"},{"taxonomy":"product_tag","embeddable":true,"href":"https:\/\/cormac.eu\/fr\/wp-json\/wp\/v2\/product_tag?post=3927"}],"curies":[{"name":"wp","href":"https:\/\/api.w.org\/{rel}","templated":true}]}}