{"id":3911,"date":"2023-05-18T20:55:48","date_gmt":"2023-05-18T18:55:48","guid":{"rendered":"https:\/\/cormac.eu\/?post_type=product&#038;p=3911"},"modified":"2023-05-19T11:03:43","modified_gmt":"2023-05-19T09:03:43","slug":"flowpack-machine-pack-30","status":"publish","type":"product","link":"https:\/\/cormac.eu\/fr\/product\/flowpack-machine-pack-30\/","title":{"rendered":"Machine Flowpack - Emballage 30"},"content":{"rendered":"<p>Les machines Flowpack de la s\u00e9rie 3 sont dot\u00e9es d'un support de bobine de film sup\u00e9rieur et d'un support de bobine inf\u00e9rieur. Cette plate-forme de conception est utilis\u00e9e pour de multiples configurations qui, en combinaison avec une large gamme d'accessoires, permet \u00e0 la machine de s'adapter \u00e0 de nombreux produits diff\u00e9rents \u00e0 emballer dans diff\u00e9rents environnements de production. La machine peut \u00eatre livr\u00e9e en diff\u00e9rentes versions, par exemple pour la soudure \u00e0 chaud ou \u00e0 froid, avec une soudeuse\/coupeuse rotative, en acier inoxydable et en version droite ou gauche. La machine peut \u00eatre livr\u00e9e avec diff\u00e9rents syst\u00e8mes d'alimentation personnalis\u00e9s.<\/p>\n<p><strong>Plage de capacit\u00e9 :<\/strong> 100-300 ppm ; 30 mts\/min<\/p>\n<p>&nbsp;<\/p>\n<table style=\"height: 599px\" width=\"627\">\n<tbody>\n<tr>\n<td><strong>Caract\u00e9ristiques<\/strong><\/td>\n<td><strong>Avantages<\/strong><\/td>\n<\/tr>\n<tr>\n<td>Conception en porte-\u00e0-faux<\/td>\n<td>\n<ul>\n<li>Acc\u00e8s ais\u00e9 \u00e0 toutes les parties de la machine<\/li>\n<li>Entretien facile<\/li>\n<\/ul>\n<\/td>\n<\/tr>\n<tr>\n<td>Construction modulaire<\/td>\n<td>\n<ul>\n<li>Adaptabilit\u00e9 aux exigences des clients<\/li>\n<li>grande flexibilit\u00e9<\/li>\n<\/ul>\n<\/td>\n<\/tr>\n<tr>\n<td>Porte-bobine pneumatique<\/td>\n<td>\n<ul>\n<li>Changement de bobine facile<\/li>\n<li>R\u00e9glage axial lorsque la machine est en marche<\/li>\n<\/ul>\n<\/td>\n<\/tr>\n<tr>\n<td>Unit\u00e9 modulaire de scellement longitudinal<\/td>\n<td>\n<ul>\n<li>1 paire de roues de traction \u00e0 froid<\/li>\n<li>2 paires de roues d'\u00e9tanch\u00e9it\u00e9 chauff\u00e9es<\/li>\n<li>1 paire de roues pliantes \u00e0 ailettes coniques<\/li>\n<\/ul>\n<\/td>\n<\/tr>\n<tr>\n<td>Convoyeur de sortie<\/td>\n<td>\n<ul>\n<li>R\u00e9glage de la vitesse variable<\/li>\n<\/ul>\n<\/td>\n<\/tr>\n<tr>\n<td>\u00a0\u00c9cran tactile de 10,4 pouces<\/td>\n<td>\n<ul>\n<li>Contr\u00f4le \u00e9lectronique int\u00e9gral<\/li>\n<li>Fonctionnement intuitif<\/li>\n<li>Stockage et affichage des param\u00e8tres<\/li>\n<li>Alarmes et avertissements<\/li>\n<\/ul>\n<\/td>\n<\/tr>\n<\/tbody>\n<\/table>","protected":false},"excerpt":{"rendered":"<p>Machine Flowpack pour l'emballage en flux de produits plats \u00e0 des vitesses faibles \u00e0 moyennes.<\/p>","protected":false},"featured_media":3890,"comment_status":"open","ping_status":"closed","template":"","meta":{"uix_meta_title":"","uix_meta_description":"","uix_canonical_url":""},"product_brand":[],"product_cat":[105],"product_tag":[265,266],"class_list":{"0":"post-3911","1":"product","2":"type-product","3":"status-publish","4":"has-post-thumbnail","6":"product_cat-packaging","7":"product_tag-flowpack","8":"product_tag-flowwrapping","10":"first","11":"instock","12":"shipping-taxable","13":"product-type-simple"},"_links":{"self":[{"href":"https:\/\/cormac.eu\/fr\/wp-json\/wp\/v2\/product\/3911","targetHints":{"allow":["GET"]}}],"collection":[{"href":"https:\/\/cormac.eu\/fr\/wp-json\/wp\/v2\/product"}],"about":[{"href":"https:\/\/cormac.eu\/fr\/wp-json\/wp\/v2\/types\/product"}],"replies":[{"embeddable":true,"href":"https:\/\/cormac.eu\/fr\/wp-json\/wp\/v2\/comments?post=3911"}],"wp:featuredmedia":[{"embeddable":true,"href":"https:\/\/cormac.eu\/fr\/wp-json\/wp\/v2\/media\/3890"}],"wp:attachment":[{"href":"https:\/\/cormac.eu\/fr\/wp-json\/wp\/v2\/media?parent=3911"}],"wp:term":[{"taxonomy":"product_brand","embeddable":true,"href":"https:\/\/cormac.eu\/fr\/wp-json\/wp\/v2\/product_brand?post=3911"},{"taxonomy":"product_cat","embeddable":true,"href":"https:\/\/cormac.eu\/fr\/wp-json\/wp\/v2\/product_cat?post=3911"},{"taxonomy":"product_tag","embeddable":true,"href":"https:\/\/cormac.eu\/fr\/wp-json\/wp\/v2\/product_tag?post=3911"}],"curies":[{"name":"wp","href":"https:\/\/api.w.org\/{rel}","templated":true}]}}