{"id":3775,"date":"2023-03-03T17:50:36","date_gmt":"2023-03-03T16:50:36","guid":{"rendered":"https:\/\/cormac.eu\/?post_type=product&#038;p=3775"},"modified":"2023-03-03T18:08:03","modified_gmt":"2023-03-03T17:08:03","slug":"shop-coffee-roaster-professional-2","status":"publish","type":"product","link":"https:\/\/cormac.eu\/fr\/product\/shop-coffee-roaster-professional\/","title":{"rendered":"Machine \u00e0 torr\u00e9fier les caf\u00e9s (professionnelle)"},"content":{"rendered":"<p>Les torr\u00e9facteurs de caf\u00e9 disposent d'une technologie permettant de visualiser la courbe thermique du produit pendant le processus de torr\u00e9faction. Les courbes de torr\u00e9faction id\u00e9ales pour chaque produit peuvent \u00eatre con\u00e7ues \u00e0 l'aide d'un potentiom\u00e8tre ou par l'introduction de donn\u00e9es. En outre, le contr\u00f4le automatique et intelligent de la temp\u00e9rature permet de m\u00e9moriser la courbe de torr\u00e9faction id\u00e9ale pour un produit donn\u00e9 afin de pouvoir la reproduire facilement et exactement, m\u00eame en cas de diff\u00e9rences telles que l'introduction d'une quantit\u00e9 diff\u00e9rente de produit, une temp\u00e9rature ambiante plus \u00e9lev\u00e9e ou plus basse, une diff\u00e9rence d'humidit\u00e9 ou de temp\u00e9rature du produit vert, etc. Les torr\u00e9facteurs sont \u00e9quip\u00e9s d'un \u00e9cran tactile, de br\u00fbleurs modulants et d'un module WI-FI pour la surveillance et le contr\u00f4le \u00e0 distance \u00e0 partir d'un t\u00e9l\u00e9phone portable, d'une tablette ou d'un PC. Ce signal peut \u00eatre projet\u00e9 \u00e0 distance aux clients afin qu'ils puissent suivre en direct la courbe de torr\u00e9faction de leur produit, certifiant ainsi que leur produit est torr\u00e9fi\u00e9 de mani\u00e8re optimale.<\/p>\n<table width=\"586\">\n<tbody>\n<tr>\n<td colspan=\"2\" width=\"586\"><strong>Caract\u00e9ristiques<\/strong><\/td>\n<\/tr>\n<tr>\n<td width=\"292\">PLC et \u00e9cran tactile Schneider<\/td>\n<td width=\"293\">D\u00e9p\u00f4t de cosses<\/td>\n<\/tr>\n<tr>\n<td width=\"292\">Tr\u00e9mie de chargement<\/td>\n<td width=\"293\">Nettoyage du refroidisseur de porte<\/td>\n<\/tr>\n<tr>\n<td width=\"292\">Contr\u00f4le intelligent de la torr\u00e9faction<\/td>\n<td width=\"293\">\u00a0D\u00e9canteur ind\u00e9pendant<\/td>\n<\/tr>\n<tr>\n<td width=\"292\">Refroidisseur par aspiration<\/td>\n<td width=\"293\">Br\u00fbleur<\/td>\n<\/tr>\n<tr>\n<td width=\"292\">\u00c9chantillonnage<\/td>\n<td width=\"293\"><\/td>\n<\/tr>\n<\/tbody>\n<\/table>\n<p>&nbsp;<\/p>\n<table width=\"586\">\n<tbody>\n<tr>\n<td width=\"292\"><strong>D\u00e9tails techniques<\/strong><\/td>\n<td width=\"293\"><\/td>\n<\/tr>\n<tr>\n<td width=\"292\">Capacit\u00e9<\/td>\n<td width=\"293\">6-8 kg\/h<\/td>\n<\/tr>\n<tr>\n<td width=\"292\">Dimensions<\/td>\n<td width=\"293\">L 99 x L 80 x H 94 cm<\/td>\n<\/tr>\n<tr>\n<td width=\"292\">L'\u00e9nergie<\/td>\n<td width=\"293\">* Gaz naturel : 0,2 \u00e0 0,4 m3\/h<br \/>\n* Gaz butane : 0,1 \u00e0 0,3 kg\/h<\/td>\n<\/tr>\n<tr>\n<td width=\"292\">Puissance calorifique maximale<\/td>\n<td width=\"293\">\u00a05.000 Kcal \/ hr<\/td>\n<\/tr>\n<tr>\n<td width=\"292\">Tension<\/td>\n<td width=\"293\">\u00a0220 V 50\/60 Hz<\/td>\n<\/tr>\n<tr>\n<td width=\"292\">Puissance<\/td>\n<td width=\"293\">0,5 kW<\/td>\n<\/tr>\n<tr>\n<td width=\"292\">Poids<\/td>\n<td width=\"293\">85 Kg<\/td>\n<\/tr>\n<\/tbody>\n<\/table>","protected":false},"excerpt":{"rendered":"<p>Torr\u00e9facteur professionnel pour les magasins et les petites structures<\/p>","protected":false},"featured_media":3774,"comment_status":"open","ping_status":"closed","template":"","meta":{"uix_meta_title":"","uix_meta_description":"","uix_canonical_url":""},"product_brand":[],"product_cat":[107,104],"product_tag":[],"class_list":{"0":"post-3775","1":"product","2":"type-product","3":"status-publish","4":"has-post-thumbnail","6":"product_cat-artisanal","7":"product_cat-processing","9":"first","10":"instock","11":"shipping-taxable","12":"product-type-simple"},"_links":{"self":[{"href":"https:\/\/cormac.eu\/fr\/wp-json\/wp\/v2\/product\/3775","targetHints":{"allow":["GET"]}}],"collection":[{"href":"https:\/\/cormac.eu\/fr\/wp-json\/wp\/v2\/product"}],"about":[{"href":"https:\/\/cormac.eu\/fr\/wp-json\/wp\/v2\/types\/product"}],"replies":[{"embeddable":true,"href":"https:\/\/cormac.eu\/fr\/wp-json\/wp\/v2\/comments?post=3775"}],"wp:featuredmedia":[{"embeddable":true,"href":"https:\/\/cormac.eu\/fr\/wp-json\/wp\/v2\/media\/3774"}],"wp:attachment":[{"href":"https:\/\/cormac.eu\/fr\/wp-json\/wp\/v2\/media?parent=3775"}],"wp:term":[{"taxonomy":"product_brand","embeddable":true,"href":"https:\/\/cormac.eu\/fr\/wp-json\/wp\/v2\/product_brand?post=3775"},{"taxonomy":"product_cat","embeddable":true,"href":"https:\/\/cormac.eu\/fr\/wp-json\/wp\/v2\/product_cat?post=3775"},{"taxonomy":"product_tag","embeddable":true,"href":"https:\/\/cormac.eu\/fr\/wp-json\/wp\/v2\/product_tag?post=3775"}],"curies":[{"name":"wp","href":"https:\/\/api.w.org\/{rel}","templated":true}]}}