{"id":3773,"date":"2023-03-03T17:22:34","date_gmt":"2023-03-03T16:22:34","guid":{"rendered":"https:\/\/cormac.eu\/?post_type=product&#038;p=3773"},"modified":"2023-03-03T17:25:32","modified_gmt":"2023-03-03T16:25:32","slug":"machine-a-torrefier-les-cafes-moyenne","status":"publish","type":"product","link":"https:\/\/cormac.eu\/fr\/product\/coffee-shop-roasting-machine-medium\/","title":{"rendered":"Machine \u00e0 torr\u00e9fier les caf\u00e9s (moyenne)"},"content":{"rendered":"<p>Cette machine \u00e0 torr\u00e9fier convient aux points de vente de caf\u00e9 ou aux installations de production artisanale. Elle peut torr\u00e9fier non seulement les grains de caf\u00e9 vert, mais aussi d'autres produits tels que les c\u00e9r\u00e9ales et les fruits \u00e0 coque. Elle est facile \u00e0 utiliser et ne n\u00e9cessite pas beaucoup d'entretien. La qualit\u00e9 de la torr\u00e9faction sera excellente et l'effet de torr\u00e9faction sera constant avec un point de torr\u00e9faction stable.<\/p>\n<table width=\"586\">\n<tbody>\n<tr>\n<td colspan=\"2\" width=\"586\"><strong>Caract\u00e9ristiques<\/strong><\/td>\n<\/tr>\n<tr>\n<td width=\"292\">Refroidisseur avec aspiration<\/td>\n<td width=\"293\">R\u00e9cipient \u00e0 \u00e9chantillons<\/td>\n<\/tr>\n<tr>\n<td width=\"292\">Peinture noire brillante avec accents dor\u00e9s<\/td>\n<td width=\"293\">Aspect \u00e9l\u00e9gant<\/td>\n<\/tr>\n<tr>\n<td width=\"292\">Peu d'entretien<\/td>\n<td width=\"293\">Installation facile<\/td>\n<\/tr>\n<tr>\n<td width=\"292\">Chargement de la tr\u00e9mie<\/td>\n<td width=\"293\">Thermostat num\u00e9rique<\/td>\n<\/tr>\n<tr>\n<td width=\"292\">Tiroir \u00e0 paillettes<\/td>\n<td width=\"293\">R\u00e9cipient \u00e0 \u00e9chantillons<\/td>\n<\/tr>\n<\/tbody>\n<\/table>\n<p>&nbsp;<\/p>\n<table width=\"586\">\n<tbody>\n<tr>\n<td width=\"292\"><strong>D\u00e9tails techniques<\/strong><\/td>\n<td width=\"293\">&nbsp;<\/td>\n<\/tr>\n<tr>\n<td width=\"292\">Capacit\u00e9<\/td>\n<td width=\"293\">6-8 kg \/ hr<\/td>\n<\/tr>\n<tr>\n<td width=\"292\">Dimensions<\/td>\n<td width=\"293\">96 x 46 x 82 cm<\/td>\n<\/tr>\n<tr>\n<td width=\"292\">Poids<\/td>\n<td width=\"293\">79 kg<\/td>\n<\/tr>\n<tr>\n<td width=\"292\">Tension<\/td>\n<td width=\"293\">220V 50 Hz<\/td>\n<\/tr>\n<tr>\n<td width=\"292\">pouvoir<\/td>\n<td width=\"293\">2,84 kW ; consommation 12,9 A<\/td>\n<\/tr>\n<\/tbody>\n<\/table>","protected":false},"excerpt":{"rendered":"<p>Torr\u00e9facteur pour caf\u00e9s, utilisable comme torr\u00e9facteur d'\u00e9chantillons ou pour les caf\u00e9s sp\u00e9cialis\u00e9s qui souhaitent torr\u00e9fier le caf\u00e9 devant le client.<\/p>\n<p>&nbsp;<\/p>","protected":false},"featured_media":3771,"comment_status":"open","ping_status":"closed","template":"","meta":{"uix_meta_title":"","uix_meta_description":"","uix_canonical_url":""},"product_brand":[],"product_cat":[107],"product_tag":[],"class_list":{"0":"post-3773","1":"product","2":"type-product","3":"status-publish","4":"has-post-thumbnail","6":"product_cat-artisanal","8":"first","9":"instock","10":"shipping-taxable","11":"product-type-simple"},"_links":{"self":[{"href":"https:\/\/cormac.eu\/fr\/wp-json\/wp\/v2\/product\/3773","targetHints":{"allow":["GET"]}}],"collection":[{"href":"https:\/\/cormac.eu\/fr\/wp-json\/wp\/v2\/product"}],"about":[{"href":"https:\/\/cormac.eu\/fr\/wp-json\/wp\/v2\/types\/product"}],"replies":[{"embeddable":true,"href":"https:\/\/cormac.eu\/fr\/wp-json\/wp\/v2\/comments?post=3773"}],"wp:featuredmedia":[{"embeddable":true,"href":"https:\/\/cormac.eu\/fr\/wp-json\/wp\/v2\/media\/3771"}],"wp:attachment":[{"href":"https:\/\/cormac.eu\/fr\/wp-json\/wp\/v2\/media?parent=3773"}],"wp:term":[{"taxonomy":"product_brand","embeddable":true,"href":"https:\/\/cormac.eu\/fr\/wp-json\/wp\/v2\/product_brand?post=3773"},{"taxonomy":"product_cat","embeddable":true,"href":"https:\/\/cormac.eu\/fr\/wp-json\/wp\/v2\/product_cat?post=3773"},{"taxonomy":"product_tag","embeddable":true,"href":"https:\/\/cormac.eu\/fr\/wp-json\/wp\/v2\/product_tag?post=3773"}],"curies":[{"name":"wp","href":"https:\/\/api.w.org\/{rel}","templated":true}]}}