{"id":3769,"date":"2023-03-03T16:49:01","date_gmt":"2023-03-03T15:49:01","guid":{"rendered":"https:\/\/cormac.eu\/?post_type=product&#038;p=3769"},"modified":"2023-03-03T16:59:06","modified_gmt":"2023-03-03T15:59:06","slug":"moulin-a-cafe-industriel-2-2","status":"publish","type":"product","link":"https:\/\/cormac.eu\/fr\/product\/industrial-coffee-grinder-2\/","title":{"rendered":"Moulin \u00e0 caf\u00e9 industriel (moyen)"},"content":{"rendered":"<p>Moulin \u00e0 caf\u00e9 industriel, sp\u00e9cialement con\u00e7u pour les moyennes et grandes productions. La conception sp\u00e9ciale des disques de broyage assure une mouture compl\u00e8te et uniforme. La machine se r\u00e8gle facilement en tournant la partie circulaire sup\u00e9rieure, ce qui permet de varier le degr\u00e9 de mouture. A l'int\u00e9rieur de la chambre de broyage, les \u00e9jecteurs effectuent le m\u00e9lange, ainsi que le broyage des paillettes qui pourraient \u00eatre broy\u00e9es. La chambre de broyage est ventil\u00e9e par l'air, ce qui \u00e9vite la surchauffe du caf\u00e9 et permet d'obtenir une qualit\u00e9 et un ar\u00f4me optimaux. La temp\u00e9rature du caf\u00e9 est contr\u00f4l\u00e9e par une sonde. Cette machine peut facilement moudre le caf\u00e9 de tr\u00e8s fin \u00e0 \u00e9pais et peut fonctionner en continu pendant de nombreuses heures. La machine est refroidie par air et dispose d'un syst\u00e8me de ventilation pour \u00e9viter que le caf\u00e9 ne chauffe.<\/p>\n<p>&nbsp;<\/p>\n<table width=\"586\">\n<tbody>\n<tr>\n<td colspan=\"2\" width=\"586\"><strong>Caract\u00e9ristiques<\/strong><\/td>\n<\/tr>\n<tr>\n<td width=\"283\">Tr\u00e9mie de chargement<\/td>\n<td width=\"303\">Porte de la propret\u00e9<\/td>\n<\/tr>\n<tr>\n<td width=\"283\">Aimant en n\u00e9odyme<\/td>\n<td width=\"303\">Moteur et poulies entra\u00een\u00e9es<\/td>\n<\/tr>\n<tr>\n<td width=\"283\">Registre manuel<\/td>\n<td width=\"303\">Protection thermique<\/td>\n<\/tr>\n<tr>\n<td width=\"283\">Circuit de ventilation<\/td>\n<td width=\"303\">Tableau de bord<\/td>\n<\/tr>\n<tr>\n<td width=\"283\">Disques de duret\u00e9 sp\u00e9ciale Halb platte<\/td>\n<td width=\"303\">Thermom\u00e8tre<\/td>\n<\/tr>\n<tr>\n<td width=\"283\">Ch\u00e2ssis monobloc<\/td>\n<td width=\"303\">Sonde de temp\u00e9rature<\/td>\n<\/tr>\n<\/tbody>\n<\/table>\n<p>&nbsp;<\/p>\n<table width=\"586\">\n<tbody>\n<tr>\n<td><strong>D\u00e9tails techniques<\/strong><\/td>\n<td><\/td>\n<\/tr>\n<tr>\n<td>Capacit\u00e9<\/td>\n<td>300 - 600 kg\/h<\/td>\n<\/tr>\n<tr>\n<td>Puissance<\/td>\n<td>12 HP<\/td>\n<\/tr>\n<tr>\n<td>Tension<\/td>\n<td>Triphas\u00e9 230\/400V 50Hz<\/td>\n<\/tr>\n<\/tbody>\n<\/table>","protected":false},"excerpt":{"rendered":"<p>Moulin \u00e0 caf\u00e9 \u00e0 disque pour moyennes et grandes productions avec r\u00e9glages faciles pour moudre le caf\u00e9 de tr\u00e8s fin \u00e0 gros.<\/p>","protected":false},"featured_media":3767,"comment_status":"open","ping_status":"closed","template":"","meta":{"uix_meta_title":"","uix_meta_description":"","uix_canonical_url":""},"product_brand":[],"product_cat":[104],"product_tag":[],"class_list":{"0":"post-3769","1":"product","2":"type-product","3":"status-publish","4":"has-post-thumbnail","6":"product_cat-processing","8":"first","9":"instock","10":"shipping-taxable","11":"product-type-simple"},"_links":{"self":[{"href":"https:\/\/cormac.eu\/fr\/wp-json\/wp\/v2\/product\/3769","targetHints":{"allow":["GET"]}}],"collection":[{"href":"https:\/\/cormac.eu\/fr\/wp-json\/wp\/v2\/product"}],"about":[{"href":"https:\/\/cormac.eu\/fr\/wp-json\/wp\/v2\/types\/product"}],"replies":[{"embeddable":true,"href":"https:\/\/cormac.eu\/fr\/wp-json\/wp\/v2\/comments?post=3769"}],"wp:featuredmedia":[{"embeddable":true,"href":"https:\/\/cormac.eu\/fr\/wp-json\/wp\/v2\/media\/3767"}],"wp:attachment":[{"href":"https:\/\/cormac.eu\/fr\/wp-json\/wp\/v2\/media?parent=3769"}],"wp:term":[{"taxonomy":"product_brand","embeddable":true,"href":"https:\/\/cormac.eu\/fr\/wp-json\/wp\/v2\/product_brand?post=3769"},{"taxonomy":"product_cat","embeddable":true,"href":"https:\/\/cormac.eu\/fr\/wp-json\/wp\/v2\/product_cat?post=3769"},{"taxonomy":"product_tag","embeddable":true,"href":"https:\/\/cormac.eu\/fr\/wp-json\/wp\/v2\/product_tag?post=3769"}],"curies":[{"name":"wp","href":"https:\/\/api.w.org\/{rel}","templated":true}]}}