{"id":3758,"date":"2023-03-03T11:10:45","date_gmt":"2023-03-03T10:10:45","guid":{"rendered":"https:\/\/cormac.eu\/?post_type=product&#038;p=3758"},"modified":"2023-03-03T13:35:24","modified_gmt":"2023-03-03T12:35:24","slug":"torrefacteur-industriel-2","status":"publish","type":"product","link":"https:\/\/cormac.eu\/fr\/product\/industrial-coffee-roaster\/","title":{"rendered":"Torr\u00e9facteur industriel"},"content":{"rendered":"<p>Machine pour la torr\u00e9faction naturelle de grains de caf\u00e9 vert, noix, c\u00e9r\u00e9ales avec une capacit\u00e9 de torr\u00e9faction de 15 kg \u00e0 30 kg\/cycle obtenant 3 \u00e0 5 cycles de torr\u00e9faction par heure, en fonction du type de caf\u00e9 et du point de torr\u00e9faction. Il dispose d'un contr\u00f4le modulant de la temp\u00e9rature, d'un PLC avec logiciel intelligent et d'un \u00e9cran tactile pour g\u00e9n\u00e9rer et suivre les profils de torr\u00e9faction. Tous les cycles de torr\u00e9faction obtiennent le m\u00eame profil de torr\u00e9faction et les recettes de torr\u00e9faction peuvent \u00eatre personnalis\u00e9es et stock\u00e9es en fonction de l'origine de chaque produit.<br \/>\nGr\u00e2ce \u00e0 sa taille moyenne, il peut \u00eatre install\u00e9 presque partout et travailler en continu en mode automatique ou semi-automatique tout en conservant une superbe qualit\u00e9.<\/p>\n<p>&nbsp;<\/p>\n<table width=\"586\">\n<tbody>\n<tr>\n<td width=\"251\"><strong>Caract\u00e9ristiques<\/strong><\/td>\n<td width=\"335\"><strong>Avantages<\/strong><\/td>\n<\/tr>\n<tr>\n<td>Chargement de la tr\u00e9mie<\/td>\n<td>Installation facile<\/td>\n<\/tr>\n<tr>\n<td>Chauffage au gaz<\/td>\n<td>Aspect \u00e9l\u00e9gant<\/td>\n<\/tr>\n<tr>\n<td>R\u00e9cup\u00e9ration et recyclage de l'air chaud<\/td>\n<td>Faible co\u00fbt d'entretien<\/td>\n<\/tr>\n<tr>\n<td>Isolation avec une fibre cremaics de 1250 \u00b0C<\/td>\n<td>S\u00e9curit\u00e9, \u00e9conomie d'\u00e9nergie, efficacit\u00e9<\/td>\n<\/tr>\n<tr>\n<td>Foyer en acier r\u00e9fractaire<\/td>\n<td>Pas de maintenance<\/td>\n<\/tr>\n<tr>\n<td>Ventilateurs ind\u00e9pendants pour le grillage et le refroidissement.<\/td>\n<td>Contr\u00f4le de la temp\u00e9rature<\/td>\n<\/tr>\n<tr>\n<td>Incin\u00e9rateur cyclonique de paillettes.<\/td>\n<td><\/td>\n<\/tr>\n<tr>\n<td>Armoire \u00e9lectrique ind\u00e9pendante.<\/td>\n<td>S\u00e9curit\u00e9 et contr\u00f4le accrus<\/td>\n<\/tr>\n<tr>\n<td>Br\u00fbleur modulant<\/td>\n<td>\u00c9conomie d'\u00e9nergie<\/td>\n<\/tr>\n<tr>\n<td>PLC et \u00e9cran tactile<\/td>\n<td>Contr\u00f4le total des param\u00e8tres du processus<\/td>\n<\/tr>\n<\/tbody>\n<\/table>\n<p>&nbsp;<\/p>\n<table width=\"586\">\n<tbody>\n<tr>\n<td><strong>D\u00e9tails techniques<\/strong><\/td>\n<td><\/td>\n<\/tr>\n<tr>\n<td>Dimensions<\/td>\n<td>L 2300 x L 1800 x H 2170-2480 MM<\/td>\n<\/tr>\n<tr>\n<td>Poids<\/td>\n<td>1500 kg<\/td>\n<\/tr>\n<tr>\n<td>Tension<\/td>\n<td>Triphas\u00e9 380V + N+E 50\/60 Hz<\/td>\n<\/tr>\n<\/tbody>\n<\/table>","protected":false},"excerpt":{"rendered":"<p>Installation de torr\u00e9faction semi-automatique ou enti\u00e8rement automatique capable de torr\u00e9fier une grande vari\u00e9t\u00e9 de produits de mani\u00e8re naturelle.<\/p>","protected":false},"featured_media":3759,"comment_status":"open","ping_status":"closed","template":"","meta":{"uix_meta_title":"","uix_meta_description":"","uix_canonical_url":""},"product_brand":[],"product_cat":[104],"product_tag":[],"class_list":{"0":"post-3758","1":"product","2":"type-product","3":"status-publish","4":"has-post-thumbnail","6":"product_cat-processing","8":"first","9":"instock","10":"shipping-taxable","11":"product-type-simple"},"_links":{"self":[{"href":"https:\/\/cormac.eu\/fr\/wp-json\/wp\/v2\/product\/3758","targetHints":{"allow":["GET"]}}],"collection":[{"href":"https:\/\/cormac.eu\/fr\/wp-json\/wp\/v2\/product"}],"about":[{"href":"https:\/\/cormac.eu\/fr\/wp-json\/wp\/v2\/types\/product"}],"replies":[{"embeddable":true,"href":"https:\/\/cormac.eu\/fr\/wp-json\/wp\/v2\/comments?post=3758"}],"wp:featuredmedia":[{"embeddable":true,"href":"https:\/\/cormac.eu\/fr\/wp-json\/wp\/v2\/media\/3759"}],"wp:attachment":[{"href":"https:\/\/cormac.eu\/fr\/wp-json\/wp\/v2\/media?parent=3758"}],"wp:term":[{"taxonomy":"product_brand","embeddable":true,"href":"https:\/\/cormac.eu\/fr\/wp-json\/wp\/v2\/product_brand?post=3758"},{"taxonomy":"product_cat","embeddable":true,"href":"https:\/\/cormac.eu\/fr\/wp-json\/wp\/v2\/product_cat?post=3758"},{"taxonomy":"product_tag","embeddable":true,"href":"https:\/\/cormac.eu\/fr\/wp-json\/wp\/v2\/product_tag?post=3758"}],"curies":[{"name":"wp","href":"https:\/\/api.w.org\/{rel}","templated":true}]}}