{"id":3756,"date":"2023-03-03T10:19:24","date_gmt":"2023-03-03T09:19:24","guid":{"rendered":"https:\/\/cormac.eu\/?post_type=product&#038;p=3756"},"modified":"2023-03-03T17:14:19","modified_gmt":"2023-03-03T16:14:19","slug":"machine-a-torrefier-le-cafe-2","status":"publish","type":"product","link":"https:\/\/cormac.eu\/fr\/product\/coffee-roasting-machine\/","title":{"rendered":"Machine \u00e0 torr\u00e9fier les caf\u00e9s (petite)"},"content":{"rendered":"<p>Cette machine \u00e0 torr\u00e9fier convient aux points de vente de caf\u00e9 ou aux installations de production artisanale. Elle peut torr\u00e9fier non seulement les grains de caf\u00e9 vert, mais aussi d'autres produits tels que les c\u00e9r\u00e9ales et les noix. La machine a un aspect \u00e9l\u00e9gant qui ajoutera une r\u00e9elle promotion et une valeur de produit \u00e0 un point de vente. Elle est facile \u00e0 utiliser et ne n\u00e9cessite que peu d'entretien. La qualit\u00e9 de la torr\u00e9faction sera excellente et l'effet de torr\u00e9faction sera constant avec un point de torr\u00e9faction stable.<\/p>\n<table width=\"586\">\n<tbody>\n<tr>\n<td colspan=\"2\" width=\"586\"><strong>Caract\u00e9ristiques<\/strong><\/td>\n<\/tr>\n<tr>\n<td width=\"292\">Pr\u00eat \u00e0 l'emploi<\/td>\n<td width=\"293\">Installation facile<\/td>\n<\/tr>\n<tr>\n<td width=\"292\">Peinture noire brillante avec accents dor\u00e9s<\/td>\n<td width=\"293\">Aspect \u00e9l\u00e9gant<\/td>\n<\/tr>\n<tr>\n<td width=\"292\">Peu d'entretien<\/td>\n<td width=\"293\">Faible co\u00fbt d'entretien<\/td>\n<\/tr>\n<tr>\n<td width=\"292\">Chargement de la tr\u00e9mie<\/td>\n<td width=\"293\">Thermostat num\u00e9rique<\/td>\n<\/tr>\n<tr>\n<td width=\"292\">Tiroir \u00e0 paillettes<\/td>\n<td width=\"293\">R\u00e9cipient \u00e0 \u00e9chantillons<\/td>\n<\/tr>\n<\/tbody>\n<\/table>\n<p>&nbsp;<\/p>\n<table width=\"586\">\n<tbody>\n<tr>\n<td width=\"292\"><strong>D\u00e9tails techniques<\/strong><\/td>\n<td width=\"293\"><\/td>\n<\/tr>\n<tr>\n<td width=\"292\">Capacit\u00e9<\/td>\n<td width=\"293\">Jusqu'\u00e0 2 kg\/h<\/td>\n<\/tr>\n<tr>\n<td width=\"292\">Dimensions<\/td>\n<td width=\"293\">67 x 44 x 68 cm<\/td>\n<\/tr>\n<tr>\n<td width=\"292\">Poids<\/td>\n<td width=\"293\">65 kg<\/td>\n<\/tr>\n<tr>\n<td width=\"292\">Tension<\/td>\n<td width=\"293\">220V 50 Hz<\/td>\n<\/tr>\n<tr>\n<td width=\"292\">pouvoir<\/td>\n<td width=\"293\">1,5 kW<\/td>\n<\/tr>\n<\/tbody>\n<\/table>\n<p>&nbsp;<\/p>","protected":false},"excerpt":{"rendered":"<p>Machine \u00e0 torr\u00e9fier le caf\u00e9 \u00e0 faible encombrement pour les \u00e9piceries fines et les caf\u00e9s<\/p>","protected":false},"featured_media":3748,"comment_status":"open","ping_status":"closed","template":"","meta":{"uix_meta_title":"","uix_meta_description":"","uix_canonical_url":""},"product_brand":[],"product_cat":[107],"product_tag":[],"class_list":{"0":"post-3756","1":"product","2":"type-product","3":"status-publish","4":"has-post-thumbnail","6":"product_cat-artisanal","8":"first","9":"instock","10":"shipping-taxable","11":"product-type-simple"},"_links":{"self":[{"href":"https:\/\/cormac.eu\/fr\/wp-json\/wp\/v2\/product\/3756","targetHints":{"allow":["GET"]}}],"collection":[{"href":"https:\/\/cormac.eu\/fr\/wp-json\/wp\/v2\/product"}],"about":[{"href":"https:\/\/cormac.eu\/fr\/wp-json\/wp\/v2\/types\/product"}],"replies":[{"embeddable":true,"href":"https:\/\/cormac.eu\/fr\/wp-json\/wp\/v2\/comments?post=3756"}],"wp:featuredmedia":[{"embeddable":true,"href":"https:\/\/cormac.eu\/fr\/wp-json\/wp\/v2\/media\/3748"}],"wp:attachment":[{"href":"https:\/\/cormac.eu\/fr\/wp-json\/wp\/v2\/media?parent=3756"}],"wp:term":[{"taxonomy":"product_brand","embeddable":true,"href":"https:\/\/cormac.eu\/fr\/wp-json\/wp\/v2\/product_brand?post=3756"},{"taxonomy":"product_cat","embeddable":true,"href":"https:\/\/cormac.eu\/fr\/wp-json\/wp\/v2\/product_cat?post=3756"},{"taxonomy":"product_tag","embeddable":true,"href":"https:\/\/cormac.eu\/fr\/wp-json\/wp\/v2\/product_tag?post=3756"}],"curies":[{"name":"wp","href":"https:\/\/api.w.org\/{rel}","templated":true}]}}