{"id":3704,"date":"2022-06-23T16:26:06","date_gmt":"2022-06-23T14:26:06","guid":{"rendered":"https:\/\/cormac.eu\/?post_type=product&#038;p=3704"},"modified":"2022-06-23T16:26:06","modified_gmt":"2022-06-23T14:26:06","slug":"decorateur-3d","status":"publish","type":"product","link":"https:\/\/cormac.eu\/fr\/product\/3d-decorator\/","title":{"rendered":"D\u00e9corateur 3D"},"content":{"rendered":"<p>Le d\u00e9corateur 3 D est capable d'appliquer sur le substrat d'un produit un motif de d\u00e9coration gr\u00e2ce \u00e0 un mouvement sur 3 axes du collecteur de d\u00e9p\u00f4t. La machine peut \u00eatre utilis\u00e9e sur n'importe quel convoyeur ou \u00e0 la fin du tunnel de refroidissement d'une ligne d'enrobage de chocolat, par exemple. La masse d\u00e9corative peut \u00eatre achemin\u00e9e par une tuyauterie \u00e0 double enveloppe d'eau sur un anneau principal.<\/p>\n<p><img decoding=\"async\" class=\"alignnone  wp-image-3705\" src=\"https:\/\/cormac.eu\/wp-content\/uploads\/2022\/06\/wymbs-supply-tank-station-283x300.jpg\" alt=\"\" width=\"189\" height=\"200\" srcset=\"https:\/\/cormac.eu\/wp-content\/uploads\/2022\/06\/wymbs-supply-tank-station-283x300.jpg 283w, https:\/\/cormac.eu\/wp-content\/uploads\/2022\/06\/wymbs-supply-tank-station.jpg 456w\" sizes=\"(max-width: 189px) 100vw, 189px\" \/><\/p>\n<p>Les buses de d\u00e9p\u00f4t ou de d\u00e9coration peuvent \u00eatre adapt\u00e9es au(x) produit(s).<br \/>\nLa t\u00eate de d\u00e9pose a \u00e9t\u00e9 con\u00e7ue de mani\u00e8re \u00e0 ce que les pi\u00e8ces soient facilement entretenues ou remplac\u00e9es.<\/p>\n<table>\n<tbody>\n<tr>\n<td width=\"302\"><strong>Caract\u00e9ristiques<\/strong><\/td>\n<td width=\"302\"><strong>Avantages<\/strong><\/td>\n<\/tr>\n<tr>\n<td width=\"302\">Bras robotique Fanuc Scara<\/td>\n<td width=\"302\">Enti\u00e8rement programmable<\/td>\n<\/tr>\n<tr>\n<td width=\"302\">3 axes de mouvement<\/td>\n<td width=\"302\">Conception flexible de la d\u00e9coration<br \/>\nConvient aux produits de diff\u00e9rentes hauteurs<\/td>\n<\/tr>\n<tr>\n<td width=\"302\">Norme IP65<\/td>\n<td width=\"302\">\u00c9tanch\u00e9it\u00e9 \u00e0 la poussi\u00e8re et \u00e0 l'eau<\/td>\n<\/tr>\n<tr>\n<td width=\"302\">Contr\u00f4le int\u00e9gral<\/td>\n<td width=\"302\">Fonction d'apprentissage<br \/>\nProgramme multiple<\/td>\n<\/tr>\n<tr>\n<td width=\"302\">Convoyeur int\u00e9gr\u00e9 avec encodeur de synchronisation<\/td>\n<td width=\"302\">D\u00e9p\u00f4ts synchronis\u00e9s avec le mouvement du convoyeur<\/td>\n<\/tr>\n<tr>\n<td width=\"302\">Ceinture r\u00e9tractable<\/td>\n<td width=\"302\">Nettoyage facile<\/td>\n<\/tr>\n<tr>\n<td width=\"302\">Cadre sur roulettes<\/td>\n<td width=\"302\">Mobilit\u00e9<\/td>\n<\/tr>\n<tr>\n<td width=\"302\">&nbsp;<\/td>\n<td width=\"302\">&nbsp;<\/td>\n<\/tr>\n<\/tbody>\n<\/table>\n<p>&nbsp;<\/p>","protected":false},"excerpt":{"rendered":"<p>Unit\u00e9 de d\u00e9coration 3D mobile pour les cordes et autres motifs de d\u00e9coration<\/p>","protected":false},"featured_media":3703,"comment_status":"open","ping_status":"closed","template":"","meta":{"uix_meta_title":"","uix_meta_description":"","uix_canonical_url":""},"product_brand":[],"product_cat":[104],"product_tag":[],"class_list":{"0":"post-3704","1":"product","2":"type-product","3":"status-publish","4":"has-post-thumbnail","6":"product_cat-processing","8":"first","9":"instock","10":"shipping-taxable","11":"product-type-simple"},"_links":{"self":[{"href":"https:\/\/cormac.eu\/fr\/wp-json\/wp\/v2\/product\/3704","targetHints":{"allow":["GET"]}}],"collection":[{"href":"https:\/\/cormac.eu\/fr\/wp-json\/wp\/v2\/product"}],"about":[{"href":"https:\/\/cormac.eu\/fr\/wp-json\/wp\/v2\/types\/product"}],"replies":[{"embeddable":true,"href":"https:\/\/cormac.eu\/fr\/wp-json\/wp\/v2\/comments?post=3704"}],"wp:featuredmedia":[{"embeddable":true,"href":"https:\/\/cormac.eu\/fr\/wp-json\/wp\/v2\/media\/3703"}],"wp:attachment":[{"href":"https:\/\/cormac.eu\/fr\/wp-json\/wp\/v2\/media?parent=3704"}],"wp:term":[{"taxonomy":"product_brand","embeddable":true,"href":"https:\/\/cormac.eu\/fr\/wp-json\/wp\/v2\/product_brand?post=3704"},{"taxonomy":"product_cat","embeddable":true,"href":"https:\/\/cormac.eu\/fr\/wp-json\/wp\/v2\/product_cat?post=3704"},{"taxonomy":"product_tag","embeddable":true,"href":"https:\/\/cormac.eu\/fr\/wp-json\/wp\/v2\/product_tag?post=3704"}],"curies":[{"name":"wp","href":"https:\/\/api.w.org\/{rel}","templated":true}]}}