{"id":3659,"date":"2022-06-06T00:05:01","date_gmt":"2022-06-05T22:05:01","guid":{"rendered":"https:\/\/cormac.eu\/?post_type=product&#038;p=3659"},"modified":"2022-06-06T00:10:38","modified_gmt":"2022-06-05T22:10:38","slug":"rouleaux-de-formation-de-lentilles-2","status":"publish","type":"product","link":"https:\/\/cormac.eu\/fr\/product\/lentil-forming-rollers\/","title":{"rendered":"Rouleaux de formation des lentilles"},"content":{"rendered":"<p>Un jeu de deux cylindres centrifug\u00e9s en bronze pour former des lentilles, con\u00e7us pour produire des centres de chocolat sym\u00e9triques et solides, tels que des lentilles, des petites boules, des c\u0153urs et des formes similaires. Chaque cavit\u00e9 grav\u00e9e correspond \u00e0 une moiti\u00e9 du produit fini. Les deux cylindres sont positionn\u00e9s avec pr\u00e9cision et synchronis\u00e9s au moyen d'engrenages, de sorte qu'une cavit\u00e9 sur un cylindre correspond toujours exactement \u00e0 une cavit\u00e9 sur l'autre cylindre, de sorte que les deux moiti\u00e9s forment ensemble un produit parfait. Les deux rouleaux tournent en sens inverse \u00e0 la m\u00eame vitesse. Le chocolat ou le compos\u00e9 est achemin\u00e9 vers les rouleaux par un tuyau \u00e0 double enveloppe muni de buses r\u00e9glables. La circonf\u00e9rence de chaque rouleau se d\u00e9place vers le bas, for\u00e7ant le chocolat entre eux pour remplir compl\u00e8tement les gravures. L'int\u00e9rieur des cylindres est creux et contient des tubes de circulation forc\u00e9e d'eau glac\u00e9e ou de glycol, ce qui garantit une basse temp\u00e9rature uniforme sur la surface du bronze. Gr\u00e2ce \u00e0 ce \"super refroidissement\", le chocolat se cristallise instantan\u00e9ment entre les cavit\u00e9s. Gr\u00e2ce \u00e0 un \u00e9cart pr\u00e9cis\u00e9ment r\u00e9gl\u00e9 entre les deux rouleaux, un tapis (ou \"bande\") de chocolat se forme et retient toutes les lentilles form\u00e9es. L'\u00e9paisseur de cette nappe est contr\u00f4l\u00e9e avec pr\u00e9cision par un r\u00e9glage m\u00e9canique, de sorte que les lentilles peuvent \u00eatre facilement s\u00e9par\u00e9es de la nappe apr\u00e8s refroidissement. L'entr\u00e9e et la sortie de glycol des cylindres sont crois\u00e9es, ce qui assure une diff\u00e9rence thermique constante le long des rouleaux.<\/p>\n<p>Les rouleaux sont assembl\u00e9s avec des arbres dans des roulements \u00e0 billes dans une chambre ferm\u00e9e en acier inoxydable et support\u00e9s par deux cadres en acier inoxydable. De l'air d\u00e9shumidifi\u00e9 peut \u00eatre inject\u00e9 dans cette bo\u00eete. Les brides lat\u00e9rales des rouleaux sont construites en acier inoxydable.  Le groupe complet de rouleaux est assembl\u00e9 sur des glissi\u00e8res pour permettre un changement rapide. Chaque rouleau est \u00e9quip\u00e9 d'un racleur en plastique.<\/p>\n<p>Les rouleaux sont entra\u00een\u00e9s par un moteur \u00e0 engrenages dont la vitesse de rotation est r\u00e9gul\u00e9e par un variateur de fr\u00e9quence.<br \/>\nL'armoire \u00e9lectrique des cylindres est int\u00e9gr\u00e9e dans l'armoire du tunnel de refroidissement.<\/p>\n<p>Une ligne compl\u00e8te de formage de lentilles comprend un ou plusieurs r\u00e9servoirs de stockage de chocolat, une temp\u00e9reuse en fonction du produit final, un ensemble de cylindres de formage assembl\u00e9s au-dessus de la bande transporteuse \u00e0 l'entr\u00e9e du tunnel de refroidissement, un syst\u00e8me d'alimentation en eau de refroidissement ou en glycol, un tunnel de refroidissement et un tambour de s\u00e9paration. Le chocolat de la bande est recicul\u00e9 vers le r\u00e9servoir de stockage et de m\u00e9lange du chocolat. Souvent, apr\u00e8s avoir \u00e9t\u00e9 s\u00e9par\u00e9es de la bande, les lentilles form\u00e9es sont enrob\u00e9es de sucre dans des tambours d'enrobage et polies dans des tambours de polissage.<\/p>\n<p><img decoding=\"async\" class=\"alignnone wp-image-3665\" src=\"https:\/\/cormac.eu\/wp-content\/uploads\/2022\/06\/Fecoatec-lentil-P1000419-1024x769-1-300x225.jpg\" alt=\"\" width=\"182\" height=\"136\" srcset=\"https:\/\/cormac.eu\/wp-content\/uploads\/2022\/06\/Fecoatec-lentil-P1000419-1024x769-1-300x225.jpg 300w, https:\/\/cormac.eu\/wp-content\/uploads\/2022\/06\/Fecoatec-lentil-P1000419-1024x769-1-768x577.jpg 768w, https:\/\/cormac.eu\/wp-content\/uploads\/2022\/06\/Fecoatec-lentil-P1000419-1024x769-1-600x451.jpg 600w, https:\/\/cormac.eu\/wp-content\/uploads\/2022\/06\/Fecoatec-lentil-P1000419-1024x769-1.jpg 1024w\" sizes=\"(max-width: 182px) 100vw, 182px\" \/>\u00a0 \u00a0 \u00a0<img decoding=\"async\" class=\"wp-image-3662\" src=\"https:\/\/cormac.eu\/wp-content\/uploads\/2022\/06\/Fecoatec-dark-chocolate-lentils--300x200.jpg\" alt=\"\" width=\"210\" height=\"140\" srcset=\"https:\/\/cormac.eu\/wp-content\/uploads\/2022\/06\/Fecoatec-dark-chocolate-lentils--300x200.jpg 300w, https:\/\/cormac.eu\/wp-content\/uploads\/2022\/06\/Fecoatec-dark-chocolate-lentils--600x399.jpg 600w, https:\/\/cormac.eu\/wp-content\/uploads\/2022\/06\/Fecoatec-dark-chocolate-lentils-.jpg 640w\" sizes=\"(max-width: 210px) 100vw, 210px\" \/>\u00a0 \u00a0 <img decoding=\"async\" class=\"wp-image-3661\" src=\"https:\/\/cormac.eu\/wp-content\/uploads\/2022\/06\/Fecoatec-chocolate-hearts--300x200.jpg\" alt=\"\" width=\"200\" height=\"133\" srcset=\"https:\/\/cormac.eu\/wp-content\/uploads\/2022\/06\/Fecoatec-chocolate-hearts--300x200.jpg 300w, https:\/\/cormac.eu\/wp-content\/uploads\/2022\/06\/Fecoatec-chocolate-hearts--600x399.jpg 600w, https:\/\/cormac.eu\/wp-content\/uploads\/2022\/06\/Fecoatec-chocolate-hearts-.jpg 640w\" sizes=\"(max-width: 200px) 100vw, 200px\" \/>\u00a0 \u00a0 <img loading=\"lazy\" decoding=\"async\" class=\"alignnone wp-image-3660\" src=\"https:\/\/cormac.eu\/wp-content\/uploads\/2022\/06\/Fecoatec-cake-pops-693645_640-300x225.jpg\" alt=\"\" width=\"187\" height=\"140\" srcset=\"https:\/\/cormac.eu\/wp-content\/uploads\/2022\/06\/Fecoatec-cake-pops-693645_640-300x225.jpg 300w, https:\/\/cormac.eu\/wp-content\/uploads\/2022\/06\/Fecoatec-cake-pops-693645_640-600x450.jpg 600w, https:\/\/cormac.eu\/wp-content\/uploads\/2022\/06\/Fecoatec-cake-pops-693645_640.jpg 640w\" sizes=\"(max-width: 187px) 100vw, 187px\" \/><\/p>\n<div class=\"mceTemp\"><\/div>\n<table style=\"height: 946px\" width=\"715\">\n<tbody>\n<tr>\n<td width=\"230\"><strong>Caract\u00e9ristiques<\/strong><\/td>\n<td width=\"355\"><strong>Avantages<\/strong><\/td>\n<\/tr>\n<tr>\n<td>Cadre en acier inoxydable, partie sup\u00e9rieure en acier usin\u00e9<\/td>\n<td>\n<ul>\n<li>Nettoyage facile<\/li>\n<li>Robuste<\/li>\n<\/ul>\n<\/td>\n<\/tr>\n<tr>\n<td>Protection \u00e9lectronique<\/td>\n<td>\n<ul>\n<li>Les rouleaux s'arr\u00eatent en cas de surcharge<\/li>\n<\/ul>\n<\/td>\n<\/tr>\n<tr>\n<td>Rouleaux assembl\u00e9s sur des guides<\/td>\n<td>\n<ul>\n<li>Changement rapide<\/li>\n<\/ul>\n<\/td>\n<\/tr>\n<tr>\n<td>Entr\u00e9e\/sortie crois\u00e9e de glycol<\/td>\n<td>\n<ul>\n<li>Diff\u00e9rence thermique constante le long des rouleaux<\/li>\n<\/ul>\n<\/td>\n<\/tr>\n<tr>\n<td>Brides lat\u00e9rales des rouleaux en acier inoxydable<\/td>\n<td>\n<ul>\n<li>Hygi\u00e9nique<\/li>\n<li>Nettoyage facile<\/li>\n<\/ul>\n<\/td>\n<\/tr>\n<tr>\n<td>Couvercles en polycarbonate<\/td>\n<td>\n<ul>\n<li>S\u00e9curit\u00e9 des op\u00e9rateurs<\/li>\n<li>Zone de formation visible<\/li>\n<\/ul>\n<\/td>\n<\/tr>\n<tr>\n<td>OPTIONNELS<\/td>\n<td><\/td>\n<\/tr>\n<tr>\n<td>Machine de trempage<\/td>\n<td><\/td>\n<\/tr>\n<tr>\n<td>R\u00e9servoir de stockage\/tampon\/recirculation<\/td>\n<td><\/td>\n<\/tr>\n<tr>\n<td>Tunnel de refroidissement<\/td>\n<td><\/td>\n<\/tr>\n<tr>\n<td>Tambour de s\u00e9paration<\/td>\n<td><\/td>\n<\/tr>\n<tr>\n<td>Plaques d'enrobage<\/td>\n<td><\/td>\n<\/tr>\n<tr>\n<td>D\u00e9shumidificateur d'air pour la zone de formage<\/td>\n<td><\/td>\n<\/tr>\n<\/tbody>\n<\/table>","protected":false},"excerpt":{"rendered":"<p>Ensemble de cylindres de formage pour produire des centres de chocolat sym\u00e9triques et solides, tels que des lentilles, des petites boules, des c\u0153urs et des formes similaires.<\/p>","protected":false},"featured_media":3664,"comment_status":"open","ping_status":"closed","template":"","meta":{"uix_meta_title":"","uix_meta_description":"","uix_canonical_url":""},"product_brand":[],"product_cat":[104],"product_tag":[204,243,177],"class_list":{"0":"post-3659","1":"product","2":"type-product","3":"status-publish","4":"has-post-thumbnail","6":"product_cat-processing","7":"product_tag-chocolate-balls","8":"product_tag-chocolate-coffee-beans","9":"product_tag-lentils","11":"first","12":"instock","13":"shipping-taxable","14":"product-type-simple"},"_links":{"self":[{"href":"https:\/\/cormac.eu\/fr\/wp-json\/wp\/v2\/product\/3659","targetHints":{"allow":["GET"]}}],"collection":[{"href":"https:\/\/cormac.eu\/fr\/wp-json\/wp\/v2\/product"}],"about":[{"href":"https:\/\/cormac.eu\/fr\/wp-json\/wp\/v2\/types\/product"}],"replies":[{"embeddable":true,"href":"https:\/\/cormac.eu\/fr\/wp-json\/wp\/v2\/comments?post=3659"}],"wp:featuredmedia":[{"embeddable":true,"href":"https:\/\/cormac.eu\/fr\/wp-json\/wp\/v2\/media\/3664"}],"wp:attachment":[{"href":"https:\/\/cormac.eu\/fr\/wp-json\/wp\/v2\/media?parent=3659"}],"wp:term":[{"taxonomy":"product_brand","embeddable":true,"href":"https:\/\/cormac.eu\/fr\/wp-json\/wp\/v2\/product_brand?post=3659"},{"taxonomy":"product_cat","embeddable":true,"href":"https:\/\/cormac.eu\/fr\/wp-json\/wp\/v2\/product_cat?post=3659"},{"taxonomy":"product_tag","embeddable":true,"href":"https:\/\/cormac.eu\/fr\/wp-json\/wp\/v2\/product_tag?post=3659"}],"curies":[{"name":"wp","href":"https:\/\/api.w.org\/{rel}","templated":true}]}}