{"id":3630,"date":"2022-06-05T14:25:33","date_gmt":"2022-06-05T12:25:33","guid":{"rendered":"https:\/\/cormac.eu\/?post_type=product&#038;p=3630"},"modified":"2022-06-05T14:56:26","modified_gmt":"2022-06-05T12:56:26","slug":"systeme-de-depot-de-sous-bandes","status":"publish","type":"product","link":"https:\/\/cormac.eu\/fr\/product\/underband-depositing-system\/","title":{"rendered":"Syst\u00e8me de d\u00e9pose du sous-band"},"content":{"rendered":"<p>Le syst\u00e8me d'entra\u00eenement a\u00e9rien universel peut \u00eatre mont\u00e9 entre les surfaces de cuisson et de retour, sur un convoyeur de plaques de cuisson ou sur une bande de four en acier mobile, comme c'est g\u00e9n\u00e9ralement le cas pour les g\u00e2teaux Jaffa. Il peut \u00e9galement \u00eatre construit avec son propre convoyeur de d\u00e9pose int\u00e9gr\u00e9. Le syst\u00e8me d'entra\u00eenement \u00e0 bande inf\u00e9rieure a \u00e9t\u00e9 essentiellement con\u00e7u pour s'adapter \u00e0 notre gamme de collecteurs de d\u00e9p\u00f4t volum\u00e9trique, mais il peut \u00e9galement \u00eatre \u00e9quip\u00e9 de diff\u00e9rents types de collecteurs, pour le d\u00e9p\u00f4t sous pression de produits simples ou combin\u00e9s ou de guimauves coup\u00e9es au fil.<\/p>\n<p>&nbsp;<\/p>\n<p><img decoding=\"async\" class=\"alignnone size-full wp-image-3631\" src=\"https:\/\/cormac.eu\/wp-content\/uploads\/2022\/06\/Afbeelding-jaffa-cake.jpg\" alt=\"\" width=\"173\" height=\"119\" \/>\u00a0 <img decoding=\"async\" class=\"alignnone wp-image-3629\" src=\"https:\/\/cormac.eu\/wp-content\/uploads\/2022\/06\/piskoty.jpg\" alt=\"\" width=\"116\" height=\"120\" \/>\u00a0 <img decoding=\"async\" class=\"alignnone wp-image-3074\" src=\"https:\/\/cormac.eu\/wp-content\/uploads\/2022\/05\/Wymbs-Universal-MDS-ladyfinger-2.jpg\" alt=\"\" width=\"182\" height=\"107\" \/>\u00a0 <img loading=\"lazy\" decoding=\"async\" class=\"alignnone wp-image-3626\" src=\"https:\/\/cormac.eu\/wp-content\/uploads\/2022\/06\/Underband-application-300x259.jpg\" alt=\"\" width=\"138\" height=\"119\" srcset=\"https:\/\/cormac.eu\/wp-content\/uploads\/2022\/06\/Underband-application-300x259.jpg 300w, https:\/\/cormac.eu\/wp-content\/uploads\/2022\/06\/Underband-application.jpg 330w\" sizes=\"(max-width: 138px) 100vw, 138px\" \/><\/p>\n<p>&nbsp;<\/p>\n<table>\n<tbody>\n<tr>\n<td width=\"276\">\u00a0<strong>Caract\u00e9ristiques<\/strong><\/td>\n<td width=\"328\">\u00a0<strong>Avantages<\/strong><\/td>\n<\/tr>\n<tr>\n<td>Rev\u00eatement et syst\u00e8me de support en acier inoxydable<\/td>\n<td>\n<ul>\n<li>poids l\u00e9ger<\/li>\n<li>fort<\/li>\n<li>nettoyage facile<\/li>\n<\/ul>\n<\/td>\n<\/tr>\n<tr>\n<td>IHM locale \u00e0 \u00e9cran tactile avec tableau \u00e9lectrique d\u00e9port\u00e9<\/td>\n<td>\n<ul>\n<li>stockage des param\u00e8tres<\/li>\n<li>contr\u00f4le des processus<\/li>\n<li>facilit\u00e9 d'utilisation<\/li>\n<\/ul>\n<\/td>\n<\/tr>\n<tr>\n<td>Options<\/td>\n<td>\n<ul>\n<li>Convoyeur de d\u00e9p\u00f4t int\u00e9gr\u00e9<\/li>\n<li>unit\u00e9 de distribution et d'alignement de biscuits<\/li>\n<\/ul>\n<\/td>\n<\/tr>\n<\/tbody>\n<\/table>\n<p>&nbsp;<\/p>","protected":false},"excerpt":{"rendered":"<p>Syst\u00e8me d'entra\u00eenement \u00e0 installer entre les surfaces de cuisson et de retour d'une ligne de production de produits de boulangerie.<\/p>","protected":false},"featured_media":3627,"comment_status":"open","ping_status":"closed","template":"","meta":{"uix_meta_title":"","uix_meta_description":"","uix_canonical_url":""},"product_brand":[],"product_cat":[104],"product_tag":[223,219,194,195,196,197,198,222,207,202],"class_list":{"0":"post-3630","1":"product","2":"type-product","3":"status-publish","4":"has-post-thumbnail","6":"product_cat-processing","7":"product_tag-ganache","8":"product_tag-jaffa-cakes","9":"product_tag-jams-jellies","10":"product_tag-lady-fingers","11":"product_tag-marshmallows","12":"product_tag-meringues","13":"product_tag-muffins-cupcakes","14":"product_tag-piskoty","15":"product_tag-pralines","16":"product_tag-sponge-drops","18":"first","19":"instock","20":"shipping-taxable","21":"product-type-simple"},"_links":{"self":[{"href":"https:\/\/cormac.eu\/fr\/wp-json\/wp\/v2\/product\/3630","targetHints":{"allow":["GET"]}}],"collection":[{"href":"https:\/\/cormac.eu\/fr\/wp-json\/wp\/v2\/product"}],"about":[{"href":"https:\/\/cormac.eu\/fr\/wp-json\/wp\/v2\/types\/product"}],"replies":[{"embeddable":true,"href":"https:\/\/cormac.eu\/fr\/wp-json\/wp\/v2\/comments?post=3630"}],"wp:featuredmedia":[{"embeddable":true,"href":"https:\/\/cormac.eu\/fr\/wp-json\/wp\/v2\/media\/3627"}],"wp:attachment":[{"href":"https:\/\/cormac.eu\/fr\/wp-json\/wp\/v2\/media?parent=3630"}],"wp:term":[{"taxonomy":"product_brand","embeddable":true,"href":"https:\/\/cormac.eu\/fr\/wp-json\/wp\/v2\/product_brand?post=3630"},{"taxonomy":"product_cat","embeddable":true,"href":"https:\/\/cormac.eu\/fr\/wp-json\/wp\/v2\/product_cat?post=3630"},{"taxonomy":"product_tag","embeddable":true,"href":"https:\/\/cormac.eu\/fr\/wp-json\/wp\/v2\/product_tag?post=3630"}],"curies":[{"name":"wp","href":"https:\/\/api.w.org\/{rel}","templated":true}]}}