{"id":3186,"date":"2022-05-29T22:54:30","date_gmt":"2022-05-29T20:54:30","guid":{"rendered":"https:\/\/cormac.eu\/?post_type=product&#038;p=3186"},"modified":"2022-06-01T11:34:35","modified_gmt":"2022-06-01T09:34:35","slug":"bac-de-revetement-2-2","status":"publish","type":"product","link":"https:\/\/cormac.eu\/fr\/product\/coating-pan-2\/","title":{"rendered":"Bac d'enrobage automatique"},"content":{"rendered":"<p>Bac d'enrobage automatique pour l'enrobage de sirop de sucre, de solution sans sucre, de chocolat ou de masse grasse. La cuve d'enrobage elle-m\u00eame est un cylindre horizontal support\u00e9 par 4 roues \u00e0 axe libre. La cuve est entra\u00een\u00e9e par une courroie dent\u00e9e sur tout le p\u00e9rim\u00e8tre ext\u00e9rieur. Pendant l'enrobage, le niveau du produit \u00e0 l'int\u00e9rieur est bas et largement \u00e9tal\u00e9, de sorte que le produit s\u00e8che plus rapidement et subit moins de friction et de pression pendant le processus d'enrobage. La distribution uniforme de l'air le long du bac d'enrobage assure une exposition r\u00e9guli\u00e8re du produit \u00e0 l'air et, comme une pression n\u00e9gative est maintenue \u00e0 l'int\u00e9rieur, aucune poussi\u00e8re ne s'\u00e9chappe. \u00c0 l'int\u00e9rieur du bac d'enrobage, des buses sp\u00e9ciales pulv\u00e9risent la solution d'enrobage sur les produits. Des additifs d'ar\u00f4me, de couleur, de capol et de poudre peuvent \u00eatre appliqu\u00e9s \u00e0 l'aide de dispositifs suppl\u00e9mentaires. Pendant tout le cycle d'enduction, aucun op\u00e9rateur n'est n\u00e9cessaire. La machine a des temps de cycle rapides, par exemple environ 4 heures pour une coquille de suga 30%, y compris le polissage. Le cycle de polissage se d\u00e9roule automatiquement \u00e0 la fin du cycle de rev\u00eatement.<\/p>\n<p>En g\u00e9n\u00e9ral, ces bacs d'enrobage sont livr\u00e9s cl\u00e9s en main et complets, y compris les \u00e9quipements annexes, en fonction de l'application, tels que les cuiseurs de sirop, les dissolveurs pour les solutions sans sucre, les syst\u00e8mes de d\u00e9poussi\u00e9rage et d'aspiration d'air, les r\u00e9servoirs de sirop, les r\u00e9servoirs de chocolat, les syst\u00e8mes de distribution de poudre, les syst\u00e8mes de chargement et de d\u00e9chargement automatiques et les syst\u00e8mes de nettoyage en place (CIP). L'unit\u00e9 de traitement de l'air et de s\u00e9chage est une machine auxiliaire importante qui fait partie de la fourniture totale.<\/p>\n<table>\n<tbody>\n<tr>\n<td colspan=\"6\" width=\"604\">\n<p style=\"text-align: center\"><strong>Capacit\u00e9s disponibles \u00a0<\/strong><\/p>\n<\/td>\n<\/tr>\n<tr>\n<td width=\"123\">\n<p style=\"text-align: center\"><strong>Production :<\/strong><\/p>\n<\/td>\n<td style=\"text-align: center\" width=\"88\"><strong>\u00e9chelle de laboratoire<\/strong><\/td>\n<td style=\"text-align: center\" width=\"101\"><strong>Petit<\/strong><\/td>\n<td style=\"text-align: center\" width=\"104\"><strong>moyen<\/strong><\/td>\n<td colspan=\"2\" width=\"189\">\n<p style=\"text-align: center\"><strong>Grandes<\/strong><\/p>\n<\/td>\n<\/tr>\n<tr>\n<td width=\"123\"><strong>Capacit\u00e9 de la casserole<\/strong><\/td>\n<td width=\"88\">\n<p style=\"text-align: center\">25<\/p>\n<\/td>\n<td style=\"text-align: center\" width=\"101\">600<\/td>\n<td style=\"text-align: center\" width=\"104\">1050<\/td>\n<td style=\"text-align: center\" width=\"97\">2250<\/td>\n<td width=\"92\">\n<p style=\"text-align: center\">3650<\/p>\n<\/td>\n<\/tr>\n<tr>\n<td width=\"123\"><strong>Produit fini<\/strong><\/td>\n<td width=\"88\">\n<p style=\"text-align: center\">20<\/p>\n<\/td>\n<td style=\"text-align: center\" width=\"101\">500<\/td>\n<td style=\"text-align: center\" width=\"104\">875<\/td>\n<td style=\"text-align: center\" width=\"97\">1875<\/td>\n<td width=\"92\">\n<p style=\"text-align: center\">3000<\/p>\n<\/td>\n<\/tr>\n<\/tbody>\n<\/table>\n<p>&nbsp;<\/p>\n<p><strong>Exemples d'application :<\/strong><\/p>\n<p><img decoding=\"async\" class=\"wp-image-3185\" src=\"https:\/\/cormac.eu\/wp-content\/uploads\/2022\/05\/fecoatec-Bombo-sugar-coated-300x300.jpg\" alt=\"\" width=\"137\" height=\"137\" srcset=\"https:\/\/cormac.eu\/wp-content\/uploads\/2022\/05\/fecoatec-Bombo-sugar-coated-300x300.jpg 300w, https:\/\/cormac.eu\/wp-content\/uploads\/2022\/05\/fecoatec-Bombo-sugar-coated.jpg 1024w, https:\/\/cormac.eu\/wp-content\/uploads\/2022\/05\/fecoatec-Bombo-sugar-coated-150x150.jpg 150w, https:\/\/cormac.eu\/wp-content\/uploads\/2022\/05\/fecoatec-Bombo-sugar-coated-768x768.jpg 768w, https:\/\/cormac.eu\/wp-content\/uploads\/2022\/05\/fecoatec-Bombo-sugar-coated-600x600.jpg 600w, https:\/\/cormac.eu\/wp-content\/uploads\/2022\/05\/fecoatec-Bombo-sugar-coated-100x100.jpg 100w\" sizes=\"(max-width: 137px) 100vw, 137px\" \/>\u00a0 \u00a0 <img decoding=\"async\" class=\"wp-image-3184\" src=\"https:\/\/cormac.eu\/wp-content\/uploads\/2022\/05\/Fecoatec-Bombo-chocolate-coated-300x300.jpg\" alt=\"\" width=\"138\" height=\"138\" srcset=\"https:\/\/cormac.eu\/wp-content\/uploads\/2022\/05\/Fecoatec-Bombo-chocolate-coated-300x300.jpg 300w, https:\/\/cormac.eu\/wp-content\/uploads\/2022\/05\/Fecoatec-Bombo-chocolate-coated.jpg 1024w, https:\/\/cormac.eu\/wp-content\/uploads\/2022\/05\/Fecoatec-Bombo-chocolate-coated-150x150.jpg 150w, https:\/\/cormac.eu\/wp-content\/uploads\/2022\/05\/Fecoatec-Bombo-chocolate-coated-768x768.jpg 768w, https:\/\/cormac.eu\/wp-content\/uploads\/2022\/05\/Fecoatec-Bombo-chocolate-coated-600x600.jpg 600w, https:\/\/cormac.eu\/wp-content\/uploads\/2022\/05\/Fecoatec-Bombo-chocolate-coated-100x100.jpg 100w\" sizes=\"(max-width: 138px) 100vw, 138px\" \/> \u00a0<img decoding=\"async\" class=\"alignnone wp-image-3183\" src=\"https:\/\/cormac.eu\/wp-content\/uploads\/2022\/05\/Fecoatec-bombo-chewing-gum-300x300.jpg\" alt=\"\" width=\"136\" height=\"136\" srcset=\"https:\/\/cormac.eu\/wp-content\/uploads\/2022\/05\/Fecoatec-bombo-chewing-gum-300x300.jpg 300w, https:\/\/cormac.eu\/wp-content\/uploads\/2022\/05\/Fecoatec-bombo-chewing-gum.jpg 1024w, https:\/\/cormac.eu\/wp-content\/uploads\/2022\/05\/Fecoatec-bombo-chewing-gum-150x150.jpg 150w, https:\/\/cormac.eu\/wp-content\/uploads\/2022\/05\/Fecoatec-bombo-chewing-gum-768x768.jpg 768w, https:\/\/cormac.eu\/wp-content\/uploads\/2022\/05\/Fecoatec-bombo-chewing-gum-600x600.jpg 600w, https:\/\/cormac.eu\/wp-content\/uploads\/2022\/05\/Fecoatec-bombo-chewing-gum-100x100.jpg 100w\" sizes=\"(max-width: 136px) 100vw, 136px\" \/> \u00a0<img loading=\"lazy\" decoding=\"async\" class=\"wp-image-3182\" src=\"https:\/\/cormac.eu\/wp-content\/uploads\/2022\/05\/Fecoatec-Bombo-jelly-bean-300x300.jpg\" alt=\"\" width=\"135\" height=\"135\" srcset=\"https:\/\/cormac.eu\/wp-content\/uploads\/2022\/05\/Fecoatec-Bombo-jelly-bean-300x300.jpg 300w, https:\/\/cormac.eu\/wp-content\/uploads\/2022\/05\/Fecoatec-Bombo-jelly-bean.jpg 1024w, https:\/\/cormac.eu\/wp-content\/uploads\/2022\/05\/Fecoatec-Bombo-jelly-bean-150x150.jpg 150w, https:\/\/cormac.eu\/wp-content\/uploads\/2022\/05\/Fecoatec-Bombo-jelly-bean-768x768.jpg 768w, https:\/\/cormac.eu\/wp-content\/uploads\/2022\/05\/Fecoatec-Bombo-jelly-bean-600x600.jpg 600w, https:\/\/cormac.eu\/wp-content\/uploads\/2022\/05\/Fecoatec-Bombo-jelly-bean-100x100.jpg 100w\" sizes=\"(max-width: 135px) 100vw, 135px\" \/><\/p>\n<table width=\"586\">\n<tbody>\n<tr>\n<td width=\"234\">\n<p style=\"text-align: center\"><strong>Caract\u00e9ristiques<\/strong><\/p>\n<\/td>\n<td width=\"352\">\n<p style=\"text-align: center\"><strong>Avantages<\/strong><\/p>\n<\/td>\n<\/tr>\n<tr>\n<td>Construction Acier inoxydable AISI304L<\/td>\n<td>\n<ul>\n<li>Solide-Hyg\u00e9nique<\/li>\n<\/ul>\n<\/td>\n<\/tr>\n<tr>\n<td>Conception simple<\/td>\n<td>\n<ul>\n<li>Entretien facile - Temps de nettoyage r\u00e9duit - Changement de produit rapide<\/li>\n<\/ul>\n<\/td>\n<\/tr>\n<tr>\n<td>Panneau support\u00e9 par 4 roues libres<\/td>\n<td>\n<ul>\n<li>Rotation souple et stable du plateau<\/li>\n<\/ul>\n<\/td>\n<\/tr>\n<tr>\n<td>Buses de pulv\u00e9risation de conception sp\u00e9ciale<\/td>\n<td>\n<ul>\n<li>Application uniforme du mat\u00e9riau de rev\u00eatement<\/li>\n<\/ul>\n<\/td>\n<\/tr>\n<tr>\n<td>\n<p style=\"text-align: center\">OPTIONNELS :<\/p>\n<\/td>\n<td><\/td>\n<\/tr>\n<tr>\n<td>\n<ul>\n<li>Unit\u00e9 de traitement de l'air et de s\u00e9chage d\u00e9di\u00e9e<\/li>\n<\/ul>\n<\/td>\n<td>\u00a0 \u00a0- Pour un s\u00e9chage rapide du produit<br \/>\n- Distribution uniforme de l'air<\/td>\n<\/tr>\n<tr>\n<td>\n<ul>\n<li>Syst\u00e8mes de dosage pour les ar\u00f4mes, les colorants et le polissage<\/li>\n<\/ul>\n<\/td>\n<td><\/td>\n<\/tr>\n<tr>\n<td>\n<ul>\n<li>Syst\u00e8mes de chargement\/d\u00e9chargement automatiques<\/li>\n<\/ul>\n<\/td>\n<td><\/td>\n<\/tr>\n<tr>\n<td>\n<ul>\n<li>Cuiseurs de sirop<\/li>\n<\/ul>\n<\/td>\n<td><\/td>\n<\/tr>\n<tr>\n<td>\n<ul>\n<li>R\u00e9servoirs de dissolution<\/li>\n<\/ul>\n<\/td>\n<td>\u00a0 \u00a0- Pour des solutions d'enrobage sans sucre<\/td>\n<\/tr>\n<tr>\n<td>\n<ul>\n<li>R\u00e9servoirs de sirop et de chocolat<\/li>\n<\/ul>\n<\/td>\n<td><\/td>\n<\/tr>\n<tr>\n<td>\n<ul>\n<li>Syst\u00e8mes CIP<\/li>\n<\/ul>\n<\/td>\n<td><\/td>\n<\/tr>\n<tr>\n<td>\n<ul>\n<li>R\u00e9seau Scada<\/li>\n<\/ul>\n<\/td>\n<td>\u00a0 \u00a0- Contr\u00f4le du suivi, enregistrement des donn\u00e9es, recettes<br \/>\nstockage, enregistrement des param\u00e8tres de production<\/td>\n<\/tr>\n<\/tbody>\n<\/table>","protected":false},"excerpt":{"rendered":"<p>Installation d'un bac d'enrobage automatique, complet et cl\u00e9 en main, pour l'enrobage avec du sucre, du chocolat, des enrobages de masse grasse et des solutions sans sucre.<\/p>","protected":false},"featured_media":3181,"comment_status":"open","ping_status":"closed","template":"","meta":{"uix_meta_title":"","uix_meta_description":"","uix_canonical_url":""},"product_brand":[],"product_cat":[135,104],"product_tag":[179,204,178,177],"class_list":{"0":"post-3186","1":"product","2":"type-product","3":"status-publish","4":"has-post-thumbnail","6":"product_cat-laboratory","7":"product_cat-processing","8":"product_tag-chewing-gums","9":"product_tag-chocolate-balls","10":"product_tag-jelly-beans","11":"product_tag-lentils","13":"first","14":"instock","15":"shipping-taxable","16":"product-type-simple"},"_links":{"self":[{"href":"https:\/\/cormac.eu\/fr\/wp-json\/wp\/v2\/product\/3186","targetHints":{"allow":["GET"]}}],"collection":[{"href":"https:\/\/cormac.eu\/fr\/wp-json\/wp\/v2\/product"}],"about":[{"href":"https:\/\/cormac.eu\/fr\/wp-json\/wp\/v2\/types\/product"}],"replies":[{"embeddable":true,"href":"https:\/\/cormac.eu\/fr\/wp-json\/wp\/v2\/comments?post=3186"}],"wp:featuredmedia":[{"embeddable":true,"href":"https:\/\/cormac.eu\/fr\/wp-json\/wp\/v2\/media\/3181"}],"wp:attachment":[{"href":"https:\/\/cormac.eu\/fr\/wp-json\/wp\/v2\/media?parent=3186"}],"wp:term":[{"taxonomy":"product_brand","embeddable":true,"href":"https:\/\/cormac.eu\/fr\/wp-json\/wp\/v2\/product_brand?post=3186"},{"taxonomy":"product_cat","embeddable":true,"href":"https:\/\/cormac.eu\/fr\/wp-json\/wp\/v2\/product_cat?post=3186"},{"taxonomy":"product_tag","embeddable":true,"href":"https:\/\/cormac.eu\/fr\/wp-json\/wp\/v2\/product_tag?post=3186"}],"curies":[{"name":"wp","href":"https:\/\/api.w.org\/{rel}","templated":true}]}}