{"id":3173,"date":"2022-05-29T14:14:17","date_gmt":"2022-05-29T12:14:17","guid":{"rendered":"https:\/\/cormac.eu\/?post_type=product&#038;p=3173"},"modified":"2022-06-01T11:39:16","modified_gmt":"2022-06-01T09:39:16","slug":"machine-denrobage","status":"publish","type":"product","link":"https:\/\/cormac.eu\/fr\/product\/enrobing-machine\/","title":{"rendered":"Machine d'enrobage"},"content":{"rendered":"<p>Enrobeuse disponible dans des largeurs de travail de 350 \u00e0 1500 mm et des vitesses de maillage de 1,5 \u00e0 12 m\u00e8tres par heure. Cette machine est \u00e9quip\u00e9e d'un double rideau de chocolat et est con\u00e7ue pour fonctionner 24 heures sur 24 et 7 jours sur 7. D\u00e9montage rapide de la tr\u00e9mie \u00e0 chocolat et de l'ensemble des mailles, y compris tous les arbres et toutes les pi\u00e8ces. L'ensemble des mailles est soutenu par des guides et la tr\u00e9mie est utilis\u00e9e pour soutenir l'ensemble des mailles. La tr\u00e9mie \u00e0 chocolat ne comporte aucun \u00e9l\u00e9ment \u00e9lectrique susceptible d'\u00eatre endommag\u00e9 pendant le nettoyage. \u00c0 l'arri\u00e8re de la machine, du c\u00f4t\u00e9 oppos\u00e9 \u00e0 celui de l'op\u00e9rateur, une zone d'entretien est accessible simplement en faisant pivoter l'armoire \u00e9lectrique. Gr\u00e2ce \u00e0 un circuit de circulation d'eau int\u00e9gr\u00e9, toutes les parties en contact avec le produit sont maintenues \u00e0 la temp\u00e9rature souhait\u00e9e.<\/p>\n<p><strong>Application<\/strong><\/p>\n<p>Enrobage de produits avec du vrai chocolat, des masses compos\u00e9es ou des masses grasses<\/p>\n<p><img decoding=\"async\" class=\"wp-image-3171\" src=\"https:\/\/cormac.eu\/wp-content\/uploads\/2022\/05\/waffles-with-chocolate-topping-GUSW6FC-V2-300x300.jpg\" alt=\"\" width=\"125\" height=\"125\" srcset=\"https:\/\/cormac.eu\/wp-content\/uploads\/2022\/05\/waffles-with-chocolate-topping-GUSW6FC-V2-300x300.jpg 300w, https:\/\/cormac.eu\/wp-content\/uploads\/2022\/05\/waffles-with-chocolate-topping-GUSW6FC-V2.jpg 1024w, https:\/\/cormac.eu\/wp-content\/uploads\/2022\/05\/waffles-with-chocolate-topping-GUSW6FC-V2-150x150.jpg 150w, https:\/\/cormac.eu\/wp-content\/uploads\/2022\/05\/waffles-with-chocolate-topping-GUSW6FC-V2-768x768.jpg 768w, https:\/\/cormac.eu\/wp-content\/uploads\/2022\/05\/waffles-with-chocolate-topping-GUSW6FC-V2-600x600.jpg 600w, https:\/\/cormac.eu\/wp-content\/uploads\/2022\/05\/waffles-with-chocolate-topping-GUSW6FC-V2-100x100.jpg 100w\" sizes=\"(max-width: 125px) 100vw, 125px\" \/>\u00a0 \u00a0<img decoding=\"async\" class=\"wp-image-3170\" src=\"https:\/\/cormac.eu\/wp-content\/uploads\/2022\/05\/glazed-donuts-PB5CCQD-V2-300x300.jpg\" alt=\"\" width=\"133\" height=\"133\" srcset=\"https:\/\/cormac.eu\/wp-content\/uploads\/2022\/05\/glazed-donuts-PB5CCQD-V2-300x300.jpg 300w, https:\/\/cormac.eu\/wp-content\/uploads\/2022\/05\/glazed-donuts-PB5CCQD-V2.jpg 1024w, https:\/\/cormac.eu\/wp-content\/uploads\/2022\/05\/glazed-donuts-PB5CCQD-V2-150x150.jpg 150w, https:\/\/cormac.eu\/wp-content\/uploads\/2022\/05\/glazed-donuts-PB5CCQD-V2-768x768.jpg 768w, https:\/\/cormac.eu\/wp-content\/uploads\/2022\/05\/glazed-donuts-PB5CCQD-V2-600x600.jpg 600w, https:\/\/cormac.eu\/wp-content\/uploads\/2022\/05\/glazed-donuts-PB5CCQD-V2-100x100.jpg 100w\" sizes=\"(max-width: 133px) 100vw, 133px\" \/> \u00a0\u00a0<img decoding=\"async\" class=\"alignnone wp-image-3168\" src=\"https:\/\/cormac.eu\/wp-content\/uploads\/2022\/05\/chocolate-rice-cakes-PZY8PSN-V2-300x300.jpg\" alt=\"\" width=\"152\" height=\"152\" srcset=\"https:\/\/cormac.eu\/wp-content\/uploads\/2022\/05\/chocolate-rice-cakes-PZY8PSN-V2-300x300.jpg 300w, https:\/\/cormac.eu\/wp-content\/uploads\/2022\/05\/chocolate-rice-cakes-PZY8PSN-V2.jpg 1024w, https:\/\/cormac.eu\/wp-content\/uploads\/2022\/05\/chocolate-rice-cakes-PZY8PSN-V2-150x150.jpg 150w, https:\/\/cormac.eu\/wp-content\/uploads\/2022\/05\/chocolate-rice-cakes-PZY8PSN-V2-768x768.jpg 768w, https:\/\/cormac.eu\/wp-content\/uploads\/2022\/05\/chocolate-rice-cakes-PZY8PSN-V2-600x600.jpg 600w, https:\/\/cormac.eu\/wp-content\/uploads\/2022\/05\/chocolate-rice-cakes-PZY8PSN-V2-100x100.jpg 100w\" sizes=\"(max-width: 152px) 100vw, 152px\" \/><img loading=\"lazy\" decoding=\"async\" class=\"wp-image-3166\" src=\"https:\/\/cormac.eu\/wp-content\/uploads\/2022\/05\/chocolate-dessert-PURBMSE-V3-300x300.jpg\" alt=\"\" width=\"149\" height=\"149\" srcset=\"https:\/\/cormac.eu\/wp-content\/uploads\/2022\/05\/chocolate-dessert-PURBMSE-V3-300x300.jpg 300w, https:\/\/cormac.eu\/wp-content\/uploads\/2022\/05\/chocolate-dessert-PURBMSE-V3.jpg 1024w, https:\/\/cormac.eu\/wp-content\/uploads\/2022\/05\/chocolate-dessert-PURBMSE-V3-150x150.jpg 150w, https:\/\/cormac.eu\/wp-content\/uploads\/2022\/05\/chocolate-dessert-PURBMSE-V3-768x768.jpg 768w, https:\/\/cormac.eu\/wp-content\/uploads\/2022\/05\/chocolate-dessert-PURBMSE-V3-600x600.jpg 600w, https:\/\/cormac.eu\/wp-content\/uploads\/2022\/05\/chocolate-dessert-PURBMSE-V3-100x100.jpg 100w\" sizes=\"(max-width: 149px) 100vw, 149px\" \/><\/p>\n<table width=\"586\">\n<tbody>\n<tr>\n<td width=\"245\"><strong>Caract\u00e9ristiques<\/strong><\/td>\n<td width=\"340\"><strong>Avantages<\/strong><\/td>\n<\/tr>\n<tr>\n<td>Rideau double chocolat<\/td>\n<td>\n<ul>\n<li>Rev\u00eatement uniforme<\/li>\n<\/ul>\n<\/td>\n<\/tr>\n<tr>\n<td>Distribution uniforme de l'air alog side enrober<\/td>\n<td>\n<ul>\n<li>Contr\u00f4le de la temp\u00e9rature<\/li>\n<\/ul>\n<\/td>\n<\/tr>\n<tr>\n<td>Pi\u00e8ces de contact du produit \u00e0 double enveloppe<\/td>\n<td>\n<ul>\n<li>Maintien de la temp\u00e9rature du chocolat pour un enrobage uniforme<\/li>\n<\/ul>\n<\/td>\n<\/tr>\n<tr>\n<td>R\u00e9gulateurs de temp\u00e9rature PID<\/td>\n<td>\n<ul>\n<li>Tenir les caract\u00e9ristiques du chocolat temp\u00e9r\u00e9<\/li>\n<\/ul>\n<\/td>\n<\/tr>\n<tr>\n<td>Construction en acier inoxydable<\/td>\n<td>\n<ul>\n<li>Nettoyage hygi\u00e9nique facile<\/li>\n<\/ul>\n<\/td>\n<\/tr>\n<tr>\n<td>Tr\u00e9mie de produits amovible<\/td>\n<td>\n<ul>\n<li>Changement rapide du type de chocolat, moins de temps d'arr\u00eat<\/li>\n<\/ul>\n<\/td>\n<\/tr>\n<tr>\n<td>Ensemble complet de mailles amovibles<\/td>\n<td>\n<ul>\n<li>Changement rapide de produit<\/li>\n<li>nettoyage facile<\/li>\n<li>Moins de temps d'arr\u00eat<\/li>\n<\/ul>\n<\/td>\n<\/tr>\n<tr>\n<td>Tubes de produits \u00e0 connexion rapide<\/td>\n<td>\n<ul>\n<li>Nettoyage et entretien faciles<\/li>\n<\/ul>\n<\/td>\n<\/tr>\n<tr>\n<td>Conception sans toit<\/td>\n<td>\n<ul>\n<li>Acc\u00e8s facile<\/li>\n<\/ul>\n<\/td>\n<\/tr>\n<tr>\n<td>Contr\u00f4l\u00e9 par PLC<\/td>\n<td>\n<ul>\n<li>Contr\u00f4le pr\u00e9cis des param\u00e8tres - b\u00e9n\u00e9ficiaire<\/li>\n<li>Stockage du niveau de chocolat<\/li>\n<\/ul>\n<\/td>\n<\/tr>\n<tr>\n<td>Plateau vibrant, pneumatique<\/td>\n<td>\n<ul>\n<li>Effet de rev\u00eatement uniforme<\/li>\n<li>Fr\u00e9quence contr\u00f4l\u00e9e<\/li>\n<\/ul>\n<\/td>\n<\/tr>\n<tr>\n<td>Options<\/td>\n<td>\n<ul>\n<li>Syst\u00e8mes de filtration<\/li>\n<li>R\u00e9servoirs de m\u00e9lange et de fusion<\/li>\n<li>Syst\u00e8mes de d\u00e9coration<\/li>\n<li>Syst\u00e8mes d'arrosage<\/li>\n<li>Machines de trempage<\/li>\n<li>Table d'alimentation<\/li>\n<li>Mat\u00e9riau alternatif de la courroie<\/li>\n<\/ul>\n<\/td>\n<\/tr>\n<\/tbody>\n<\/table>\n<div class=\"mceTemp\"><\/div>\n<div class=\"mceTemp\"><\/div>","protected":false},"excerpt":{"rendered":"<p>Enrobeuse pour l'enrobage de produits avec des masses de chocolat, de compos\u00e9s ou de mati\u00e8res grasses<\/p>","protected":false},"featured_media":3167,"comment_status":"open","ping_status":"closed","template":"","meta":{"uix_meta_title":"","uix_meta_description":"","uix_canonical_url":""},"product_brand":[],"product_cat":[104],"product_tag":[205,211,210,209],"class_list":{"0":"post-3173","1":"product","2":"type-product","3":"status-publish","4":"has-post-thumbnail","6":"product_cat-processing","7":"product_tag-candy-bars","8":"product_tag-chocolate-coated-products","9":"product_tag-cookies","10":"product_tag-wafers","12":"first","13":"instock","14":"shipping-taxable","15":"product-type-simple"},"_links":{"self":[{"href":"https:\/\/cormac.eu\/fr\/wp-json\/wp\/v2\/product\/3173","targetHints":{"allow":["GET"]}}],"collection":[{"href":"https:\/\/cormac.eu\/fr\/wp-json\/wp\/v2\/product"}],"about":[{"href":"https:\/\/cormac.eu\/fr\/wp-json\/wp\/v2\/types\/product"}],"replies":[{"embeddable":true,"href":"https:\/\/cormac.eu\/fr\/wp-json\/wp\/v2\/comments?post=3173"}],"wp:featuredmedia":[{"embeddable":true,"href":"https:\/\/cormac.eu\/fr\/wp-json\/wp\/v2\/media\/3167"}],"wp:attachment":[{"href":"https:\/\/cormac.eu\/fr\/wp-json\/wp\/v2\/media?parent=3173"}],"wp:term":[{"taxonomy":"product_brand","embeddable":true,"href":"https:\/\/cormac.eu\/fr\/wp-json\/wp\/v2\/product_brand?post=3173"},{"taxonomy":"product_cat","embeddable":true,"href":"https:\/\/cormac.eu\/fr\/wp-json\/wp\/v2\/product_cat?post=3173"},{"taxonomy":"product_tag","embeddable":true,"href":"https:\/\/cormac.eu\/fr\/wp-json\/wp\/v2\/product_tag?post=3173"}],"curies":[{"name":"wp","href":"https:\/\/api.w.org\/{rel}","templated":true}]}}