{"id":3077,"date":"2022-05-20T23:37:45","date_gmt":"2022-05-20T21:37:45","guid":{"rendered":"https:\/\/cormac.eu\/?post_type=product&#038;p=3077"},"modified":"2022-06-05T13:56:08","modified_gmt":"2022-06-05T11:56:08","slug":"systeme-dentrainement-du-collecteur-universel","status":"publish","type":"product","link":"https:\/\/cormac.eu\/fr\/product\/universal-manifold-drive-system\/","title":{"rendered":"Syst\u00e8me d'entra\u00eenement du collecteur universel"},"content":{"rendered":"<p>Le syst\u00e8me de d\u00e9pose a\u00e9rien universel est normalement mont\u00e9 au-dessus d'une ligne de production existante, d'une bande de four en acier ou d'un convoyeur \u00e0 plateaux. Il peut \u00eatre \u00e9quip\u00e9 de diff\u00e9rents types de collecteurs de d\u00e9pose simple sous pression, de collecteurs combin\u00e9s ou de collecteurs \u00e0 coupe fil. Lorsqu'il est utilis\u00e9 pour les guimauves, il permet au producteur de fabriquer des produits d\u00e9pos\u00e9s, extrud\u00e9s ou coup\u00e9s au fil.<\/p>\n<p><img decoding=\"async\" class=\"alignnone wp-image-3075\" src=\"https:\/\/cormac.eu\/wp-content\/uploads\/2022\/05\/Wymbs-Universal-MDS-peep-1.jpg\" alt=\"\" width=\"153\" height=\"124\" \/> \u00a0<img decoding=\"async\" class=\"alignnone wp-image-2973\" src=\"https:\/\/cormac.eu\/wp-content\/uploads\/2022\/05\/wymbs-wire-cut-product-1.jpg\" alt=\"\" width=\"123\" height=\"111\" \/>\u00a0 \u00a0 <img decoding=\"async\" class=\"alignnone wp-image-2815\" src=\"https:\/\/cormac.eu\/wp-content\/uploads\/2022\/04\/marshmallow-IMG_0607-300x300.webp\" alt=\"\" width=\"135\" height=\"135\" srcset=\"https:\/\/cormac.eu\/wp-content\/uploads\/2022\/04\/marshmallow-IMG_0607-300x300.webp 300w, https:\/\/cormac.eu\/wp-content\/uploads\/2022\/04\/marshmallow-IMG_0607-1024x1024.webp 1024w, https:\/\/cormac.eu\/wp-content\/uploads\/2022\/04\/marshmallow-IMG_0607-150x150.webp 150w, https:\/\/cormac.eu\/wp-content\/uploads\/2022\/04\/marshmallow-IMG_0607-768x768.webp 768w, https:\/\/cormac.eu\/wp-content\/uploads\/2022\/04\/marshmallow-IMG_0607-1536x1536.webp 1536w, https:\/\/cormac.eu\/wp-content\/uploads\/2022\/04\/marshmallow-IMG_0607-600x600.webp 600w, https:\/\/cormac.eu\/wp-content\/uploads\/2022\/04\/marshmallow-IMG_0607-100x100.webp 100w, https:\/\/cormac.eu\/wp-content\/uploads\/2022\/04\/marshmallow-IMG_0607.webp 1920w\" sizes=\"(max-width: 135px) 100vw, 135px\" \/><img loading=\"lazy\" decoding=\"async\" class=\"alignnone wp-image-2958\" src=\"https:\/\/cormac.eu\/wp-content\/uploads\/2022\/05\/Wymbs-picture-3-DMF.jpg\" alt=\"\" width=\"158\" height=\"158\" srcset=\"https:\/\/cormac.eu\/wp-content\/uploads\/2022\/05\/Wymbs-picture-3-DMF.jpg 125w, https:\/\/cormac.eu\/wp-content\/uploads\/2022\/05\/Wymbs-picture-3-DMF-100x100.jpg 100w\" sizes=\"(max-width: 158px) 100vw, 158px\" \/><\/p>\n<p>D'autres confiseries simples peuvent \u00eatre fabriqu\u00e9es, comme des articles d\u00e9pos\u00e9s sur des convoyeurs sucr\u00e9s ou pulv\u00e9ris\u00e9s d'amidon, ou des articles d\u00e9pos\u00e9s sur un biscuit ou entre des biscuits en tant que garniture.<\/p>\n<p><img loading=\"lazy\" decoding=\"async\" class=\"alignnone wp-image-3073\" src=\"https:\/\/cormac.eu\/wp-content\/uploads\/2022\/05\/Wymbs-Universal-MDS-jaffa-4.jpg\" alt=\"\" width=\"148\" height=\"127\" \/><img loading=\"lazy\" decoding=\"async\" class=\"alignnone wp-image-3074\" src=\"https:\/\/cormac.eu\/wp-content\/uploads\/2022\/05\/Wymbs-Universal-MDS-ladyfinger-2.jpg\" alt=\"\" width=\"222\" height=\"131\" \/> <img loading=\"lazy\" decoding=\"async\" class=\"alignnone wp-image-3076\" src=\"https:\/\/cormac.eu\/wp-content\/uploads\/2022\/05\/Wymbs-Univesral-MDS-marshmallow-3.jpg\" alt=\"\" width=\"191\" height=\"107\" \/> <img loading=\"lazy\" decoding=\"async\" class=\"alignnone wp-image-3079\" src=\"https:\/\/cormac.eu\/wp-content\/uploads\/2022\/05\/Wymbs-Universal-MDS-prod-5.jpg\" alt=\"\" width=\"173\" height=\"130\" \/><\/p>\n<p>La combinaison de diff\u00e9rents types de collecteurs avec ce syst\u00e8me universel d'entra\u00eenement des collecteurs, avec des convoyeurs de processus \u00e9quip\u00e9s, des syst\u00e8mes d'indexation rotatifs, des magasins d'alimentation en biscuits, etc. offre au producteur une large gamme d'applications de d\u00e9pose. Ces syst\u00e8mes sont g\u00e9n\u00e9ralement con\u00e7us pour des largeurs de travail de 800 mm, 1000 mm, 1200 mm, 1500 mm.<\/p>\n<p>&nbsp;<\/p>\n<table>\n<tbody>\n<tr>\n<td width=\"295\">\n<p style=\"text-align: center\"><strong>Caract\u00e9ristiques<\/strong><\/p>\n<\/td>\n<td width=\"219\">\n<p style=\"text-align: center\"><strong>Avantages<\/strong><\/p>\n<\/td>\n<\/tr>\n<tr>\n<td><\/td>\n<td><\/td>\n<\/tr>\n<tr>\n<td>Rev\u00eatement et structure en acier inoxydable<\/td>\n<td>\n<ul>\n<li>Fort<\/li>\n<li>Hygi\u00e9nique<\/li>\n<\/ul>\n<\/td>\n<\/tr>\n<tr>\n<td>IHM \u00e0 \u00e9cran tactile avec tableau \u00e9lectrique d\u00e9port\u00e9<\/td>\n<td>\n<ul>\n<li>Contr\u00f4le pr\u00e9cis des d\u00e9p\u00f4ts<\/li>\n<li>Stockage des recettes<br \/>\nStockage des donn\u00e9es<\/li>\n<li>Surveillance des processus et de la temp\u00e9rature<\/li>\n<\/ul>\n<\/td>\n<\/tr>\n<tr>\n<td>Mouvement XYZ<\/td>\n<td>\n<ul>\n<li>3 axes de mouvement possibles<\/li>\n<\/ul>\n<\/td>\n<\/tr>\n<tr>\n<td>Options<\/td>\n<td>\n<ul>\n<li>Chariot d'entretien<\/li>\n<li>convoyeur de d\u00e9p\u00f4t int\u00e9gral<\/li>\n<li>distributeur de biscuits<\/li>\n<\/ul>\n<\/td>\n<\/tr>\n<\/tbody>\n<\/table>\n<p>&nbsp;<\/p>","protected":false},"excerpt":{"rendered":"<p>Syst\u00e8me universel d'entra\u00eenement des collecteurs \u00e0 combiner avec diff\u00e9rents collecteurs pour une gamme vari\u00e9e d'options de d\u00e9poussi\u00e9rage.<\/p>","protected":false},"featured_media":3072,"comment_status":"open","ping_status":"closed","template":"","meta":{"uix_meta_title":"","uix_meta_description":"","uix_canonical_url":""},"product_brand":[],"product_cat":[104],"product_tag":[219,195,196,198,202,200],"class_list":{"0":"post-3077","1":"product","2":"type-product","3":"status-publish","4":"has-post-thumbnail","6":"product_cat-processing","7":"product_tag-jaffa-cakes","8":"product_tag-lady-fingers","9":"product_tag-marshmallows","10":"product_tag-muffins-cupcakes","11":"product_tag-sponge-drops","12":"product_tag-tea0cake-mallows","14":"first","15":"instock","16":"shipping-taxable","17":"product-type-simple"},"_links":{"self":[{"href":"https:\/\/cormac.eu\/fr\/wp-json\/wp\/v2\/product\/3077","targetHints":{"allow":["GET"]}}],"collection":[{"href":"https:\/\/cormac.eu\/fr\/wp-json\/wp\/v2\/product"}],"about":[{"href":"https:\/\/cormac.eu\/fr\/wp-json\/wp\/v2\/types\/product"}],"replies":[{"embeddable":true,"href":"https:\/\/cormac.eu\/fr\/wp-json\/wp\/v2\/comments?post=3077"}],"wp:featuredmedia":[{"embeddable":true,"href":"https:\/\/cormac.eu\/fr\/wp-json\/wp\/v2\/media\/3072"}],"wp:attachment":[{"href":"https:\/\/cormac.eu\/fr\/wp-json\/wp\/v2\/media?parent=3077"}],"wp:term":[{"taxonomy":"product_brand","embeddable":true,"href":"https:\/\/cormac.eu\/fr\/wp-json\/wp\/v2\/product_brand?post=3077"},{"taxonomy":"product_cat","embeddable":true,"href":"https:\/\/cormac.eu\/fr\/wp-json\/wp\/v2\/product_cat?post=3077"},{"taxonomy":"product_tag","embeddable":true,"href":"https:\/\/cormac.eu\/fr\/wp-json\/wp\/v2\/product_tag?post=3077"}],"curies":[{"name":"wp","href":"https:\/\/api.w.org\/{rel}","templated":true}]}}