{"id":2930,"date":"2022-04-24T20:27:13","date_gmt":"2022-04-24T18:27:13","guid":{"rendered":"https:\/\/cormac.eu\/?post_type=product&#038;p=2930"},"modified":"2022-06-01T12:04:54","modified_gmt":"2022-06-01T10:04:54","slug":"ligne-de-moulage-par-injection","status":"publish","type":"product","link":"https:\/\/cormac.eu\/fr\/product\/one-shot-moulding-line\/","title":{"rendered":"Ligne de moulage en une seule fois"},"content":{"rendered":"<p>Les lignes de moulage Knobel sont des syst\u00e8mes modulaires de moulage du chocolat qui \u00e9voluent avec vos besoins. Le concept modulaire permet au producteur d'augmenter progressivement sa capacit\u00e9 en ajoutant de nouveaux composants dans la gamme des quatre normes :<br \/>\nKCM 275, avec des moules de 275 x 175\/205 mm<br \/>\nKCM 380, avec des moules de 380 x 295 mm<br \/>\nKCM 500, avec des moules de 450 x 425 mm<br \/>\nKCM 650, avec des moules de 650 x 500 mm<\/p>\n<p>Dans un premier temps, on peut utiliser un KCM Alpha Compact avec table de vibration et spirale de refroidissement.<\/p>\n<p><img decoding=\"async\" class=\"alignnone size-full wp-image-2931\" src=\"https:\/\/cormac.eu\/wp-content\/uploads\/2022\/04\/Knobel-one-shot-modular-step-1.jpg\" alt=\"\" width=\"220\" height=\"177\" \/><\/p>\n<p>Dans un deuxi\u00e8me temps, un syst\u00e8me de convoyage avec pr\u00e9chauffage des moules peut \u00eatre ajout\u00e9.<\/p>\n<p><img decoding=\"async\" class=\"alignnone size-full wp-image-2932\" src=\"https:\/\/cormac.eu\/wp-content\/uploads\/2022\/04\/Knobel-one-shot-modular-step-2.jpg\" alt=\"\" width=\"220\" height=\"165\" \/><\/p>\n<p>Dans un troisi\u00e8me temps, un syst\u00e8me de d\u00e9moulage automatique et de changement de moule peut \u00eatre ajout\u00e9.<\/p>\n<p><img decoding=\"async\" class=\"alignnone size-full wp-image-2933\" src=\"https:\/\/cormac.eu\/wp-content\/uploads\/2022\/04\/Knobel-one-shot-modular-step-3.jpg\" alt=\"\" width=\"220\" height=\"135\" \/><\/p>\n<p>Les d\u00e9posants utilis\u00e9s dans ces lignes sont tous capables de produire des produits fourr\u00e9s en une seule fois (chocolat + fourrage). En utilisant l'outillage appropri\u00e9, vous pouvez m\u00eame produire des produits doublement fourr\u00e9s dans ce que l'on appelle les triple-shots.<\/p>\n<p><img loading=\"lazy\" decoding=\"async\" class=\"alignnone size-full wp-image-2926\" src=\"https:\/\/cormac.eu\/wp-content\/uploads\/2022\/04\/Knobel-one-shot-app-2.jpg\" alt=\"\" width=\"113\" height=\"108\" \/> \u00a0<img loading=\"lazy\" decoding=\"async\" class=\"alignnone size-full wp-image-2925\" src=\"https:\/\/cormac.eu\/wp-content\/uploads\/2022\/04\/Knobel-one-shot-app-1.jpg\" alt=\"\" width=\"107\" height=\"101\" \/><\/p>\n<p>&nbsp;<\/p>\n<table style=\"height: 661px\" width=\"692\">\n<tbody>\n<tr>\n<td width=\"197\">\u00a0<strong>Caract\u00e9ristiques<\/strong><\/td>\n<td width=\"197\">\u00a0<strong>Avantages<\/strong><\/td>\n<\/tr>\n<tr>\n<td>syst\u00e8me de piston tournant brevet\u00e9<\/td>\n<td>\n<ul>\n<li>d\u00e9montage facile<\/li>\n<li>nettoyage facile et changement rapide<\/li>\n<li>grande pr\u00e9cision de d\u00e9p\u00f4t<\/li>\n<\/ul>\n<\/td>\n<\/tr>\n<tr>\n<td>\u00a0servocommand\u00e9<\/td>\n<td>\n<ul>\n<li>haute pr\u00e9cision<\/li>\n<\/ul>\n<\/td>\n<\/tr>\n<tr>\n<td>canti-lever design<\/td>\n<td>\n<ul>\n<li>nettoyage facile<\/li>\n<li>bon acc\u00e8s<\/li>\n<\/ul>\n<\/td>\n<\/tr>\n<tr>\n<td>\u00a0transport sans cha\u00eene<\/td>\n<td>\n<ul>\n<li>vari\u00e9t\u00e9 de moules possible<\/li>\n<\/ul>\n<\/td>\n<\/tr>\n<tr>\n<td>syst\u00e8me de d\u00e9tection des moisissures<\/td>\n<td>\n<ul>\n<li>des actions sp\u00e9cifiques au produit \u00e0 chaque \u00e9tape de la production<\/li>\n<\/ul>\n<\/td>\n<\/tr>\n<tr>\n<td>conception modulaire<\/td>\n<td>\n<ul>\n<li>flexibilit\u00e9<\/li>\n<\/ul>\n<\/td>\n<\/tr>\n<\/tbody>\n<\/table>\n<p>&nbsp;<\/p>","protected":false},"excerpt":{"rendered":"<p>Ligne compl\u00e8te de moulage de chocolat en une seule fois pour produire des articles en chocolat fourr\u00e9.<\/p>","protected":false},"featured_media":2937,"comment_status":"open","ping_status":"closed","template":"","meta":{"uix_meta_title":"","uix_meta_description":"","uix_canonical_url":""},"product_brand":[],"product_cat":[104],"product_tag":[215,208,207],"class_list":{"0":"post-2930","1":"product","2":"type-product","3":"status-publish","4":"has-post-thumbnail","6":"product_cat-processing","7":"product_tag-center-filled-products","8":"product_tag-chocolates","9":"product_tag-pralines","11":"first","12":"instock","13":"shipping-taxable","14":"product-type-simple"},"_links":{"self":[{"href":"https:\/\/cormac.eu\/fr\/wp-json\/wp\/v2\/product\/2930","targetHints":{"allow":["GET"]}}],"collection":[{"href":"https:\/\/cormac.eu\/fr\/wp-json\/wp\/v2\/product"}],"about":[{"href":"https:\/\/cormac.eu\/fr\/wp-json\/wp\/v2\/types\/product"}],"replies":[{"embeddable":true,"href":"https:\/\/cormac.eu\/fr\/wp-json\/wp\/v2\/comments?post=2930"}],"wp:featuredmedia":[{"embeddable":true,"href":"https:\/\/cormac.eu\/fr\/wp-json\/wp\/v2\/media\/2937"}],"wp:attachment":[{"href":"https:\/\/cormac.eu\/fr\/wp-json\/wp\/v2\/media?parent=2930"}],"wp:term":[{"taxonomy":"product_brand","embeddable":true,"href":"https:\/\/cormac.eu\/fr\/wp-json\/wp\/v2\/product_brand?post=2930"},{"taxonomy":"product_cat","embeddable":true,"href":"https:\/\/cormac.eu\/fr\/wp-json\/wp\/v2\/product_cat?post=2930"},{"taxonomy":"product_tag","embeddable":true,"href":"https:\/\/cormac.eu\/fr\/wp-json\/wp\/v2\/product_tag?post=2930"}],"curies":[{"name":"wp","href":"https:\/\/api.w.org\/{rel}","templated":true}]}}