{"id":2922,"date":"2022-04-24T19:56:31","date_gmt":"2022-04-24T17:56:31","guid":{"rendered":"https:\/\/cormac.eu\/?post_type=product&#038;p=2922"},"modified":"2022-06-01T12:08:38","modified_gmt":"2022-06-01T10:08:38","slug":"chocolate-depositor-kcm-eta-theta","status":"publish","type":"product","link":"https:\/\/cormac.eu\/fr\/product\/chocolate-depositor-kcm-eta-theta\/","title":{"rendered":"D\u00e9posant de chocolat KCM Eta\/Theta"},"content":{"rendered":"<p>The two-row Eta\/ Theta model is a cantilever design industrial\u00a0 chocolate depositor suitable for producing solid chocolate articles and one shot products. Also it can be used for decoration depositing. The design of this machine enables it to be easily retrofitted into existing chocolate moulding lines, even if these are of third party manufacture. Thanks to the unique Knobel rotation valve system an impressive depositing accuracy can be achieved. All KCM Eta\/Theta machines can be equipped with three axes (CAD) meaning that the depositing head can move three dimensionally.\u00a0 In case the optional nut depositing feature is chosen, the chocolate maker can dose whole nuts and other ingredients. In comparison to the ETA model, wher the X-axis (horizontal) can reach max. 300 mm, the THETA can reach up to 500 mm on the X-axis. It is the largest machine in the Knobel depositor assortment and specially suitable for use in larger moulding lines and oven belts of up to 1500 mm width.<\/p>\n<p><img decoding=\"async\" class=\"alignnone wp-image-2929\" src=\"https:\/\/cormac.eu\/wp-content\/uploads\/2022\/04\/Chocolate-tablet-with-nuts-300x267.png\" alt=\"\" width=\"170\" height=\"151\" srcset=\"https:\/\/cormac.eu\/wp-content\/uploads\/2022\/04\/Chocolate-tablet-with-nuts-300x267.png 300w, https:\/\/cormac.eu\/wp-content\/uploads\/2022\/04\/Chocolate-tablet-with-nuts.png 600w\" sizes=\"(max-width: 170px) 100vw, 170px\" \/> <img decoding=\"async\" class=\"alignnone wp-image-2928\" src=\"https:\/\/cormac.eu\/wp-content\/uploads\/2022\/04\/Knobel-KCM-Cad-decoration-3.jpg\" alt=\"\" width=\"199\" height=\"133\" \/> <img decoding=\"async\" class=\"alignnone wp-image-2927\" src=\"https:\/\/cormac.eu\/wp-content\/uploads\/2022\/04\/Knobel-KCM-Cad-decoration-2.jpg\" alt=\"\" width=\"127\" height=\"124\" \/>\u00a0 \u00a0\u00a0 <img loading=\"lazy\" decoding=\"async\" class=\"alignnone wp-image-2925\" src=\"https:\/\/cormac.eu\/wp-content\/uploads\/2022\/04\/Knobel-one-shot-app-1.jpg\" alt=\"\" width=\"123\" height=\"115\" \/><\/p>\n<p>&nbsp;<\/p>\n<table style=\"height: 520px\" width=\"676\">\n<tbody>\n<tr>\n<td width=\"226\">\u00a0<strong>Caract\u00e9ristiques<\/strong><\/td>\n<td width=\"227\">\u00a0<strong>Avantages<\/strong><\/td>\n<\/tr>\n<tr>\n<td>Entra\u00eenement par servomoteur<\/td>\n<td>\n<ul>\n<li>pr\u00e9cis<\/li>\n<li>rapide<\/li>\n<li>fiable<\/li>\n<\/ul>\n<\/td>\n<\/tr>\n<tr>\n<td>\u00a0Con\u00e7u pour l'int\u00e9gration en ligne<\/td>\n<td>\n<ul>\n<li>convient pour les r\u00e9novations<\/li>\n<li>fait partie des syst\u00e8mes modulaires Knobel<\/li>\n<li>permet d'utiliser l'\u00e9quipement de production existant<\/li>\n<\/ul>\n<\/td>\n<\/tr>\n<tr>\n<td>\u00a0Syst\u00e8me brevet\u00e9 de piston tournant<\/td>\n<td>\n<ul>\n<li>nettoyage facile<\/li>\n<li>changement rapide<\/li>\n<li>une pr\u00e9cision de d\u00e9p\u00f4t exceptionnelle<\/li>\n<li>inclusions possible<\/li>\n<\/ul>\n<\/td>\n<\/tr>\n<tr>\n<td>Con\u00e7u pour des rayons d'action vari\u00e9s<\/td>\n<td>\n<ul>\n<li>Possibilit\u00e9s d'habillage libre<\/li>\n<li>Production de produits en couches<\/li>\n<\/ul>\n<\/td>\n<\/tr>\n<\/tbody>\n<\/table>\n<p>&nbsp;<\/p>","protected":false},"excerpt":{"rendered":"<p>La d\u00e9poseuse de chocolat industrielle en porte-\u00e0-faux peut \u00eatre facilement install\u00e9e sur des lignes de moulage existantes et convient \u00e0 la production d'articles en chocolat solide, de produits en une seule fois et de travaux de d\u00e9coration.<\/p>","protected":false},"featured_media":2924,"comment_status":"open","ping_status":"closed","template":"","meta":{"uix_meta_title":"","uix_meta_description":"","uix_canonical_url":""},"product_brand":[],"product_cat":[104],"product_tag":[216,206,208,207],"class_list":{"0":"post-2922","1":"product","2":"type-product","3":"status-publish","4":"has-post-thumbnail","6":"product_cat-processing","7":"product_tag-chocolate-lollies","8":"product_tag-chocolate-tablets","9":"product_tag-chocolates","10":"product_tag-pralines","12":"first","13":"instock","14":"shipping-taxable","15":"product-type-simple"},"_links":{"self":[{"href":"https:\/\/cormac.eu\/fr\/wp-json\/wp\/v2\/product\/2922","targetHints":{"allow":["GET"]}}],"collection":[{"href":"https:\/\/cormac.eu\/fr\/wp-json\/wp\/v2\/product"}],"about":[{"href":"https:\/\/cormac.eu\/fr\/wp-json\/wp\/v2\/types\/product"}],"replies":[{"embeddable":true,"href":"https:\/\/cormac.eu\/fr\/wp-json\/wp\/v2\/comments?post=2922"}],"wp:featuredmedia":[{"embeddable":true,"href":"https:\/\/cormac.eu\/fr\/wp-json\/wp\/v2\/media\/2924"}],"wp:attachment":[{"href":"https:\/\/cormac.eu\/fr\/wp-json\/wp\/v2\/media?parent=2922"}],"wp:term":[{"taxonomy":"product_brand","embeddable":true,"href":"https:\/\/cormac.eu\/fr\/wp-json\/wp\/v2\/product_brand?post=2922"},{"taxonomy":"product_cat","embeddable":true,"href":"https:\/\/cormac.eu\/fr\/wp-json\/wp\/v2\/product_cat?post=2922"},{"taxonomy":"product_tag","embeddable":true,"href":"https:\/\/cormac.eu\/fr\/wp-json\/wp\/v2\/product_tag?post=2922"}],"curies":[{"name":"wp","href":"https:\/\/api.w.org\/{rel}","templated":true}]}}