{"id":2915,"date":"2022-04-24T14:28:14","date_gmt":"2022-04-24T12:28:14","guid":{"rendered":"https:\/\/cormac.eu\/?post_type=product&#038;p=2915"},"modified":"2022-06-01T12:24:06","modified_gmt":"2022-06-01T10:24:06","slug":"deposeur-de-chocolat-kcm-beta","status":"publish","type":"product","link":"https:\/\/cormac.eu\/fr\/product\/chocolate-depositer-kcm-beta\/","title":{"rendered":"D\u00e9positaire de chocolat KCM Beta"},"content":{"rendered":"<p>Gr\u00e2ce \u00e0 sa conception en porte-\u00e0-faux, le mod\u00e8le Beta \u00e0 une rang\u00e9e est souvent utilis\u00e9 comme d\u00e9poseur r\u00e9trofit dans les lignes de moulage de chocolat industrielles existantes.  Il a \u00e9t\u00e9 sp\u00e9cialement con\u00e7u pour \u00eatre plac\u00e9 sur les courroies de transport existantes ou pour \u00eatre int\u00e9gr\u00e9 dans des lignes de production tierces. Le client dispose ainsi d'une option attrayante pour remplacer facilement les unit\u00e9s de d\u00e9pose us\u00e9es. Cette machine convient \u00e0 la d\u00e9pose de produits solides ainsi qu'aux applications de d\u00e9coration. L'avantage par rapport aux mod\u00e8les \u00e0 deux rang\u00e9es comme Eta \/ Theta est la finesse du corps, ce qui permet d'installer cette machine Beta dans des endroits o\u00f9 l'espace est limit\u00e9. Les mod\u00e8les Beta sont \u00e9quip\u00e9s de la derni\u00e8re technologie servo, et la conception en porte-\u00e0-faux permet une manipulation et un nettoyage faciles, ainsi qu'un changement rapide pour d'autres produits. Le syst\u00e8me unique de piston tournant permet d'obtenir un volume tr\u00e8s pr\u00e9cis.<\/p>\n<p><img fetchpriority=\"high\" decoding=\"async\" class=\"alignnone size-medium wp-image-2920\" src=\"https:\/\/cormac.eu\/wp-content\/uploads\/2022\/04\/Knobel-Piston-system-pic_800031-300x200.jpg\" alt=\"\" width=\"300\" height=\"200\" srcset=\"https:\/\/cormac.eu\/wp-content\/uploads\/2022\/04\/Knobel-Piston-system-pic_800031-300x200.jpg 300w, https:\/\/cormac.eu\/wp-content\/uploads\/2022\/04\/Knobel-Piston-system-pic_800031.jpg 540w\" sizes=\"(max-width: 300px) 100vw, 300px\" \/><\/p>\n<p>Avec l'option Nut-execution, le Beta peut \u00e9galement \u00eatre utilis\u00e9 pour d\u00e9poser des noix enti\u00e8res et d'autres inclusions. Les noix, raisins secs, riz ou autres inclusions sont introduits dans la tr\u00e9mie du KCM dans le m\u00e9lange souhait\u00e9. Le syst\u00e8me de brassage horizontal programmable \u00e0 l'int\u00e9rieur de la tr\u00e9mie assure une bonne r\u00e9partition des ingr\u00e9dients dans le m\u00e9lange. Diff\u00e9rentes inclusions peuvent \u00eatre m\u00e9lang\u00e9es en m\u00eame temps.<\/p>\n<div data-row=\"1\">\n<div>\n<p>\u00a0 <img decoding=\"async\" class=\"alignnone wp-image-2921\" src=\"https:\/\/cormac.eu\/wp-content\/uploads\/2022\/04\/chocolate-with-nuts-pic_809973-300x225.jpg\" alt=\"\" width=\"263\" height=\"197\" srcset=\"https:\/\/cormac.eu\/wp-content\/uploads\/2022\/04\/chocolate-with-nuts-pic_809973-300x225.jpg 300w, https:\/\/cormac.eu\/wp-content\/uploads\/2022\/04\/chocolate-with-nuts-pic_809973.jpg 540w\" sizes=\"(max-width: 263px) 100vw, 263px\" \/> <img decoding=\"async\" class=\"alignnone wp-image-2917\" src=\"https:\/\/cormac.eu\/wp-content\/uploads\/2022\/04\/Bij-KCM-beta-pic_800033-300x200.png\" alt=\"\" width=\"327\" height=\"218\" srcset=\"https:\/\/cormac.eu\/wp-content\/uploads\/2022\/04\/Bij-KCM-beta-pic_800033-300x200.png 300w, https:\/\/cormac.eu\/wp-content\/uploads\/2022\/04\/Bij-KCM-beta-pic_800033.png 540w\" sizes=\"(max-width: 327px) 100vw, 327px\" \/><\/p>\n<\/div>\n<p>&nbsp;<\/p>\n<p>Tous les mod\u00e8les Beta peuvent \u00eatre \u00e9quip\u00e9s d'un mouvement \u00e0 3 axes (CAD), ce qui permet de d\u00e9placer la t\u00eate de d\u00e9pose dans toutes les directions.<\/p>\n<\/div>\n<table style=\"height: 544px\" width=\"792\">\n<tbody>\n<tr>\n<td width=\"226\">\u00a0<strong>Caract\u00e9ristiques<\/strong><\/td>\n<td width=\"227\">\u00a0<strong>Avantages<\/strong><\/td>\n<\/tr>\n<tr>\n<td>Enti\u00e8rement \u00e9lectrique<\/td>\n<td>\n<ul>\n<li>pr\u00e9cis<\/li>\n<li>rapide<\/li>\n<li>fiable<\/li>\n<\/ul>\n<\/td>\n<\/tr>\n<tr>\n<td>\u00a0Con\u00e7u pour l'int\u00e9gration en ligne<\/td>\n<td>\n<ul>\n<li>convient pour les r\u00e9novations<\/li>\n<li>fait partie des syst\u00e8mes modulaires Knobel<\/li>\n<li>permet d'utiliser l'\u00e9quipement de production existant<\/li>\n<\/ul>\n<\/td>\n<\/tr>\n<tr>\n<td>\u00a0Syst\u00e8me brevet\u00e9 de piston tournant<\/td>\n<td>\n<ul>\n<li>nettoyage facile<\/li>\n<li>changement rapide<\/li>\n<li>une pr\u00e9cision de d\u00e9p\u00f4t exceptionnelle<\/li>\n<\/ul>\n<\/td>\n<\/tr>\n<tr>\n<td>Con\u00e7u pour des rayons d'action vari\u00e9s<\/td>\n<td>\n<ul>\n<li>Possibilit\u00e9s d'habillage libre<\/li>\n<li>Production de produits en couches<\/li>\n<\/ul>\n<\/td>\n<\/tr>\n<\/tbody>\n<\/table>\n<div data-row=\"1\">\n<p>&nbsp;<\/p>\n<\/div>","protected":false},"excerpt":{"rendered":"<p>D\u00e9poseuse de chocolat industrielle avec mouvement \u00e0 3 axes pour la production de produits solides et solides avec ingr\u00e9dients. Cette d\u00e9pose est particuli\u00e8rement adapt\u00e9e pour \u00eatre install\u00e9e sur des lignes existantes, y compris celles de fabricants tiers.<\/p>","protected":false},"featured_media":2916,"comment_status":"open","ping_status":"closed","template":"","meta":{"uix_meta_title":"","uix_meta_description":"","uix_canonical_url":""},"product_brand":[],"product_cat":[104],"product_tag":[206,217,208,218],"class_list":{"0":"post-2915","1":"product","2":"type-product","3":"status-publish","4":"has-post-thumbnail","6":"product_cat-processing","7":"product_tag-chocolate-tablets","8":"product_tag-chocolate-tablets-with-whole-nuts","9":"product_tag-chocolates","10":"product_tag-chocolates-with-inclusions","12":"first","13":"instock","14":"shipping-taxable","15":"product-type-simple"},"_links":{"self":[{"href":"https:\/\/cormac.eu\/fr\/wp-json\/wp\/v2\/product\/2915","targetHints":{"allow":["GET"]}}],"collection":[{"href":"https:\/\/cormac.eu\/fr\/wp-json\/wp\/v2\/product"}],"about":[{"href":"https:\/\/cormac.eu\/fr\/wp-json\/wp\/v2\/types\/product"}],"replies":[{"embeddable":true,"href":"https:\/\/cormac.eu\/fr\/wp-json\/wp\/v2\/comments?post=2915"}],"wp:featuredmedia":[{"embeddable":true,"href":"https:\/\/cormac.eu\/fr\/wp-json\/wp\/v2\/media\/2916"}],"wp:attachment":[{"href":"https:\/\/cormac.eu\/fr\/wp-json\/wp\/v2\/media?parent=2915"}],"wp:term":[{"taxonomy":"product_brand","embeddable":true,"href":"https:\/\/cormac.eu\/fr\/wp-json\/wp\/v2\/product_brand?post=2915"},{"taxonomy":"product_cat","embeddable":true,"href":"https:\/\/cormac.eu\/fr\/wp-json\/wp\/v2\/product_cat?post=2915"},{"taxonomy":"product_tag","embeddable":true,"href":"https:\/\/cormac.eu\/fr\/wp-json\/wp\/v2\/product_tag?post=2915"}],"curies":[{"name":"wp","href":"https:\/\/api.w.org\/{rel}","templated":true}]}}