{"id":2910,"date":"2022-04-24T13:43:56","date_gmt":"2022-04-24T11:43:56","guid":{"rendered":"https:\/\/cormac.eu\/?post_type=product&#038;p=2910"},"modified":"2022-06-01T11:13:13","modified_gmt":"2022-06-01T09:13:13","slug":"depositaire-de-chocolat-kcm-omega","status":"publish","type":"product","link":"https:\/\/cormac.eu\/fr\/product\/chocolate-depositor-kcm-omega\/","title":{"rendered":"D\u00e9posant de chocolat KCM Alpha"},"content":{"rendered":"<p>La s\u00e9rie KCM Alpha de Knobel est une nouvelle g\u00e9n\u00e9ration de d\u00e9positaires. Les machines sont fabriqu\u00e9es dans un souci de robustesse et conviennent pour un fonctionnement en 3 \u00e9quipes. Toutes les configurations de machines sont disponibles, de 12 \u00e0 144 pistons. Les cylindres standard 21, 30\/2, 35 et 45 mm peuvent \u00eatre utilis\u00e9s avec des pistons disponibles en 6, 8, 10, 17, 25, 30 et 45 mm. Longueur de course : 52 mm. Cette machine peut \u00e9galement \u00eatre livr\u00e9e en version CAD avec une technologie servo lin\u00e9aire sur les axes X et Y.<br \/>\nAxe Z : 150 mm<br \/>\nAxe X : 300 mm (en option)<br \/>\nAxe Y : 150 mm (en option).<\/p>\n<p>La s\u00e9rie KCM Alpha peut \u00eatre plac\u00e9e directement sur une ligne d'enrobage et lorsqu'elle n'est pas utilis\u00e9e pour des produits habill\u00e9s, la machine peut \u00eatre retir\u00e9e et utilis\u00e9e pour des produits en une seule fois.<\/p>\n<p>&nbsp;<\/p>\n<table style=\"height: 360px;\" width=\"656\">\n<tbody>\n<tr>\n<td width=\"169\">\u00a0<strong>Caract\u00e9ristiques<\/strong><\/td>\n<td width=\"169\">\u00a0<strong>Avantages<\/strong><\/td>\n<\/tr>\n<tr>\n<td>Ex\u00e9cution lourde<\/td>\n<td>\n<ul>\n<li>durable<\/li>\n<li>fort<\/li>\n<li>convient pour le travail en trois \u00e9quipes<\/li>\n<\/ul>\n<\/td>\n<\/tr>\n<tr>\n<td>Servo-drive enti\u00e8rement \u00e9lectrique<\/td>\n<td>\n<ul>\n<li>pr\u00e9cis<\/li>\n<li>rapide<\/li>\n<\/ul>\n<\/td>\n<\/tr>\n<tr>\n<td>Conception en porte-\u00e0-faux<\/td>\n<td>\n<ul>\n<li>manipulation ais\u00e9e<\/li>\n<li>nettoyage facile<\/li>\n<\/ul>\n<\/td>\n<\/tr>\n<\/tbody>\n<\/table>\n<p>&nbsp;<\/p>","protected":false},"excerpt":{"rendered":"<p>Machine \u00e0 d\u00e9poser le chocolat pour la production de chocolats en une seule fois et pour les applications de dressage libre dans des conditions industrielles exigeantes.<\/p>","protected":false},"featured_media":2914,"comment_status":"open","ping_status":"closed","template":"","meta":{"uix_meta_title":"","uix_meta_description":"","uix_canonical_url":""},"product_brand":[],"product_cat":[104],"product_tag":[],"class_list":{"0":"post-2910","1":"product","2":"type-product","3":"status-publish","4":"has-post-thumbnail","6":"product_cat-processing","8":"first","9":"instock","10":"shipping-taxable","11":"product-type-simple"},"_links":{"self":[{"href":"https:\/\/cormac.eu\/fr\/wp-json\/wp\/v2\/product\/2910","targetHints":{"allow":["GET"]}}],"collection":[{"href":"https:\/\/cormac.eu\/fr\/wp-json\/wp\/v2\/product"}],"about":[{"href":"https:\/\/cormac.eu\/fr\/wp-json\/wp\/v2\/types\/product"}],"replies":[{"embeddable":true,"href":"https:\/\/cormac.eu\/fr\/wp-json\/wp\/v2\/comments?post=2910"}],"wp:featuredmedia":[{"embeddable":true,"href":"https:\/\/cormac.eu\/fr\/wp-json\/wp\/v2\/media\/2914"}],"wp:attachment":[{"href":"https:\/\/cormac.eu\/fr\/wp-json\/wp\/v2\/media?parent=2910"}],"wp:term":[{"taxonomy":"product_brand","embeddable":true,"href":"https:\/\/cormac.eu\/fr\/wp-json\/wp\/v2\/product_brand?post=2910"},{"taxonomy":"product_cat","embeddable":true,"href":"https:\/\/cormac.eu\/fr\/wp-json\/wp\/v2\/product_cat?post=2910"},{"taxonomy":"product_tag","embeddable":true,"href":"https:\/\/cormac.eu\/fr\/wp-json\/wp\/v2\/product_tag?post=2910"}],"curies":[{"name":"wp","href":"https:\/\/api.w.org\/{rel}","templated":true}]}}