{"id":2908,"date":"2022-04-24T13:38:47","date_gmt":"2022-04-24T11:38:47","guid":{"rendered":"https:\/\/cormac.eu\/?post_type=product&#038;p=2908"},"modified":"2022-05-30T16:22:12","modified_gmt":"2022-05-30T14:22:12","slug":"deposeur-de-chocolat-kcm-alpha-compact-2","status":"publish","type":"product","link":"https:\/\/cormac.eu\/fr\/product\/chocolate-depositor-kcm-alpha-compact\/","title":{"rendered":"D\u00e9posant de chocolat KCM Alpha Compact"},"content":{"rendered":"<p>Les machines \u00e0 mouler le chocolat de la s\u00e9rie KCM de Knobel sont l'outil id\u00e9al pour la production artisanale. La machine est disponible dans un certain nombre de versions telles que la KCM 9, 12, 9\/18 et 12\/24. Toutes ces machines utilisent les m\u00eames chemises de cylindre standard de 35 mm avec des pistons disponibles en 6, 8, 10, 17, 25 et 30 mm, ainsi que la KCM 24\/48, qui utilise un piston de 18 mm. La longueur de course est de 52 mm. L'axe Z est de 100 mm. Tous les syst\u00e8mes Knobel sont faciles \u00e0 utiliser, \u00e0 nettoyer et \u00e0 remplacer. Il n'est pas n\u00e9cessaire d'extraire l'arbre ni de remplacer les t\u00eates, il suffit de retirer les blocs de pistons les uns apr\u00e8s les autres.<\/p>\n<p>&nbsp;<\/p>\n<table style=\"height: 284px;\" width=\"613\">\n<tbody>\n<tr>\n<td width=\"159\">\u00a0<strong>Caract\u00e9ristiques<\/strong><\/td>\n<td width=\"159\">\u00a0<strong>Avantages<\/strong><\/td>\n<\/tr>\n<tr>\n<td>\u00a0\u00c9lectrique Servo-driven<\/td>\n<td>\n<ul>\n<li>un contr\u00f4le parfait des mouvements<\/li>\n<li>pr\u00e9cis<\/li>\n<\/ul>\n<\/td>\n<\/tr>\n<tr>\n<td>\u00a0Conception en porte-\u00e0-faux<\/td>\n<td>\n<ul>\n<li>Manipulation ais\u00e9e<\/li>\n<li>Nettoyage facile<\/li>\n<li>Acc\u00e8s facile<\/li>\n<\/ul>\n<\/td>\n<\/tr>\n<\/tbody>\n<\/table>","protected":false},"excerpt":{"rendered":"<p>D\u00e9poseur de chocolat parfait pour la production \u00e0 petite et moyenne \u00e9chelle de pralines solides ou fourr\u00e9es.<\/p>","protected":false},"featured_media":2912,"comment_status":"open","ping_status":"closed","template":"","meta":{"uix_meta_title":"","uix_meta_description":"","uix_canonical_url":""},"product_brand":[],"product_cat":[104],"product_tag":[],"class_list":{"0":"post-2908","1":"product","2":"type-product","3":"status-publish","4":"has-post-thumbnail","6":"product_cat-processing","8":"first","9":"instock","10":"shipping-taxable","11":"product-type-simple"},"_links":{"self":[{"href":"https:\/\/cormac.eu\/fr\/wp-json\/wp\/v2\/product\/2908","targetHints":{"allow":["GET"]}}],"collection":[{"href":"https:\/\/cormac.eu\/fr\/wp-json\/wp\/v2\/product"}],"about":[{"href":"https:\/\/cormac.eu\/fr\/wp-json\/wp\/v2\/types\/product"}],"replies":[{"embeddable":true,"href":"https:\/\/cormac.eu\/fr\/wp-json\/wp\/v2\/comments?post=2908"}],"wp:featuredmedia":[{"embeddable":true,"href":"https:\/\/cormac.eu\/fr\/wp-json\/wp\/v2\/media\/2912"}],"wp:attachment":[{"href":"https:\/\/cormac.eu\/fr\/wp-json\/wp\/v2\/media?parent=2908"}],"wp:term":[{"taxonomy":"product_brand","embeddable":true,"href":"https:\/\/cormac.eu\/fr\/wp-json\/wp\/v2\/product_brand?post=2908"},{"taxonomy":"product_cat","embeddable":true,"href":"https:\/\/cormac.eu\/fr\/wp-json\/wp\/v2\/product_cat?post=2908"},{"taxonomy":"product_tag","embeddable":true,"href":"https:\/\/cormac.eu\/fr\/wp-json\/wp\/v2\/product_tag?post=2908"}],"curies":[{"name":"wp","href":"https:\/\/api.w.org\/{rel}","templated":true}]}}