{"id":2905,"date":"2022-04-24T13:34:09","date_gmt":"2022-04-24T11:34:09","guid":{"rendered":"https:\/\/cormac.eu\/?post_type=product&#038;p=2905"},"modified":"2022-06-05T19:05:25","modified_gmt":"2022-06-05T17:05:25","slug":"stockage-reservoir-tampon","status":"publish","type":"product","link":"https:\/\/cormac.eu\/fr\/product\/storage-buffer-tank\/","title":{"rendered":"Stockage\/ r\u00e9servoir tampon"},"content":{"rendered":"<p>Les cuves AR sont dot\u00e9es d'une double enveloppe et \u00e9quip\u00e9es en fonction de l'application. Par exemple, il existe le type ARFO utilis\u00e9 pour la fusion, le type ARA utilis\u00e9 pour le stockage et le type ARX utilis\u00e9 pour la trempe et le conchage. En g\u00e9n\u00e9ral, les cuves AR ont une double enveloppe avec de l'eau distribu\u00e9e tout autour de la cuve dans un circuit efficace, ce qui permet d'obtenir une distribution parfaite de la chaleur. Les cuves sont \u00e9quip\u00e9es d'un agitateur plan\u00e9taire pour \u00e9viter la formation de grumeaux dans la masse et lui donner plus d'homog\u00e9n\u00e9it\u00e9 et de plasticit\u00e9. Le syst\u00e8me de chauffage est constitu\u00e9 de r\u00e9sistances \u00e9lectriques immerg\u00e9es dans la double enveloppe et contr\u00f4l\u00e9es par un thermostat. Un contr\u00f4le enti\u00e8rement automatique de la temp\u00e9rature peut \u00eatre fourni en option pour un meilleur travail de trempe. Le r\u00e9servoir est livr\u00e9 avec un moto-r\u00e9ducteur, un thermom\u00e8tre pour le contenu et une pompe pour la circulation de l'eau plac\u00e9e au fond de la machine. L'acc\u00e9l\u00e9rateur de conchage utilis\u00e9 dans la version ARX est situ\u00e9 sur le dessus de la cuve. Il prend le chocolat de la m\u00eame pompe, qui vide le r\u00e9servoir en le faisant recirculer \u00e0 travers la pompe jusqu'au sommet du r\u00e9servoir. Une fois que le pipeline atteint le sommet de la cuve, sa sortie est r\u00e9tr\u00e9cie en queue de poisson, ce qui cr\u00e9e une tr\u00e8s fine pellicule de chocolat. De l'air chaud est souffl\u00e9 directement \u00e0 travers cette pellicule de chocolat, ce qui permet d'\u00e9vaporer l'humidit\u00e9 et les acides volatils et de conchier la masse de chocolat. La recirculation \u00e0 travers ce dispositif peut \u00eatre prolong\u00e9e selon les besoins. La capacit\u00e9 varie de 250 \u00e0 7 000 kg.<\/p>\n<p>&nbsp;<\/p>\n<table style=\"height: 592px\" width=\"776\">\n<tbody>\n<tr>\n<td width=\"197\"><strong>\u00a0Caract\u00e9ristiques<\/strong><\/td>\n<td width=\"197\">\u00a0<strong>Avantages<\/strong><\/td>\n<\/tr>\n<tr>\n<td>R\u00e9servoir \u00e0 double enveloppe<\/td>\n<td>\n<ul>\n<li>Excellentes qualit\u00e9s de trempe<\/li>\n<\/ul>\n<\/td>\n<\/tr>\n<tr>\n<td>Agitateur \u00e0 mouvement plan\u00e9taire<\/td>\n<td>\n<ul>\n<li>Conditionnement en masse homog\u00e8ne<\/li>\n<\/ul>\n<\/td>\n<\/tr>\n<tr>\n<td>Y compris le moto-r\u00e9ducteur, le thermom\u00e8tre et la pompe de circulation d'eau<\/td>\n<td>\n<ul>\n<li>Robuste et fiable<\/li>\n<li>complet<\/li>\n<li>un bon contr\u00f4le des processus<\/li>\n<\/ul>\n<\/td>\n<\/tr>\n<tr>\n<td>Acc\u00e9l\u00e9rateur de conchage en option<\/td>\n<td>\n<ul>\n<li>l'am\u00e9lioration de la qualit\u00e9 des produits<\/li>\n<li>une meilleure homog\u00e9n\u00e9isation<\/li>\n<li>meilleur go\u00fbt<\/li>\n<\/ul>\n<\/td>\n<\/tr>\n<tr>\n<td>Ex\u00e9cution en acier inoxydable en option<\/td>\n<td>\n<ul>\n<li>Ex\u00e9cution hygi\u00e9nique<\/li>\n<\/ul>\n<\/td>\n<\/tr>\n<\/tbody>\n<\/table>","protected":false},"excerpt":{"rendered":"<p>R\u00e9servoir de stockage et d'agitation \u00e0 temp\u00e9rature fixe pour les masses grasses telles que les compos\u00e9s, les masses de chocolat et la cr\u00e8me.<\/p>","protected":false},"featured_media":2904,"comment_status":"open","ping_status":"closed","template":"","meta":{"uix_meta_title":"","uix_meta_description":"","uix_canonical_url":""},"product_brand":[],"product_cat":[104],"product_tag":[238,237,239],"class_list":{"0":"post-2905","1":"product","2":"type-product","3":"status-publish","4":"has-post-thumbnail","6":"product_cat-processing","7":"product_tag-chocolate-mass","8":"product_tag-fat-masses","9":"product_tag-storage","11":"first","12":"instock","13":"shipping-taxable","14":"product-type-simple"},"_links":{"self":[{"href":"https:\/\/cormac.eu\/fr\/wp-json\/wp\/v2\/product\/2905","targetHints":{"allow":["GET"]}}],"collection":[{"href":"https:\/\/cormac.eu\/fr\/wp-json\/wp\/v2\/product"}],"about":[{"href":"https:\/\/cormac.eu\/fr\/wp-json\/wp\/v2\/types\/product"}],"replies":[{"embeddable":true,"href":"https:\/\/cormac.eu\/fr\/wp-json\/wp\/v2\/comments?post=2905"}],"wp:featuredmedia":[{"embeddable":true,"href":"https:\/\/cormac.eu\/fr\/wp-json\/wp\/v2\/media\/2904"}],"wp:attachment":[{"href":"https:\/\/cormac.eu\/fr\/wp-json\/wp\/v2\/media?parent=2905"}],"wp:term":[{"taxonomy":"product_brand","embeddable":true,"href":"https:\/\/cormac.eu\/fr\/wp-json\/wp\/v2\/product_brand?post=2905"},{"taxonomy":"product_cat","embeddable":true,"href":"https:\/\/cormac.eu\/fr\/wp-json\/wp\/v2\/product_cat?post=2905"},{"taxonomy":"product_tag","embeddable":true,"href":"https:\/\/cormac.eu\/fr\/wp-json\/wp\/v2\/product_tag?post=2905"}],"curies":[{"name":"wp","href":"https:\/\/api.w.org\/{rel}","templated":true}]}}