{"id":2901,"date":"2022-04-24T12:47:37","date_gmt":"2022-04-24T10:47:37","guid":{"rendered":"https:\/\/cormac.eu\/?post_type=product&#038;p=2901"},"modified":"2022-04-24T12:48:50","modified_gmt":"2022-04-24T10:48:50","slug":"systeme-de-revetement-ade-2","status":"publish","type":"product","link":"https:\/\/cormac.eu\/fr\/product\/coating-system-ade\/","title":{"rendered":"Syst\u00e8me de rev\u00eatement ADE"},"content":{"rendered":"<p>Le syst\u00e8me de rev\u00eatement de type ADE est inclinable. Le bac peut \u00eatre pivot\u00e9 \u00e0 l'aide d'un motor\u00e9ducteur de -90\u00b0 \u00e0 +90\u00b0 par rapport \u00e0 la ligne horizontale. La machine est \u00e9quip\u00e9e d'une hotte pour le guidage de l'air d'alimentation et d'\u00e9vacuation et de connexions pour un syst\u00e8me de pulv\u00e9risation. L'ADE est command\u00e9 par un \u00e9cran graphique (\u00e9cran tactile) qui permet de contr\u00f4ler la p\u00e9riph\u00e9rie (r\u00e9cipient pour le fluide, station de traitement de l'air, pulv\u00e9risation automatis\u00e9e). Pour un haut degr\u00e9 d'automatisation, le syst\u00e8me peut bien s\u00fbr \u00eatre \u00e9quip\u00e9 d'une unit\u00e9 de contr\u00f4le des recettes.<\/p>\n<p>&nbsp;<\/p>\n<table style=\"height: 413px\" width=\"589\">\n<tbody>\n<tr>\n<td width=\"153\">\u00a0<strong>Caract\u00e9ristiques<\/strong><\/td>\n<td width=\"153\">\u00a0<strong>Avantages<\/strong><\/td>\n<\/tr>\n<tr>\n<td>M\u00e9canisme de basculement<\/td>\n<td>\n<ul>\n<li>Convivialit\u00e9 de l'op\u00e9rateur<\/li>\n<li>Vidange plus facile<\/li>\n<\/ul>\n<\/td>\n<\/tr>\n<tr>\n<td>Acier inoxydable 1.4301<\/td>\n<td>\n<ul>\n<li>Hygenic<\/li>\n<li>Fort<\/li>\n<\/ul>\n<\/td>\n<\/tr>\n<tr>\n<td>Entra\u00eenement \u00e0 fr\u00e9quence contr\u00f4l\u00e9e<\/td>\n<td>\n<ul>\n<li>contr\u00f4le de la vitesse<\/li>\n<\/ul>\n<\/td>\n<\/tr>\n<tr>\n<td>Indicateur num\u00e9rique de vitesse<\/td>\n<td>\n<ul>\n<li>Contr\u00f4le des processus<\/li>\n<\/ul>\n<\/td>\n<\/tr>\n<\/tbody>\n<\/table>\n<p>&nbsp;<\/p>\n<p>&nbsp;<\/p>","protected":false},"excerpt":{"rendered":"<p>Syst\u00e8me d'enrobage de table de titrage pour l'enrobage de sucre \u00e0 l'\u00e9chelle industrielle.<\/p>","protected":false},"featured_media":2900,"comment_status":"open","ping_status":"closed","template":"","meta":{"uix_meta_title":"","uix_meta_description":"","uix_canonical_url":""},"product_brand":[],"product_cat":[104],"product_tag":[],"class_list":{"0":"post-2901","1":"product","2":"type-product","3":"status-publish","4":"has-post-thumbnail","6":"product_cat-processing","8":"first","9":"instock","10":"shipping-taxable","11":"product-type-simple"},"_links":{"self":[{"href":"https:\/\/cormac.eu\/fr\/wp-json\/wp\/v2\/product\/2901","targetHints":{"allow":["GET"]}}],"collection":[{"href":"https:\/\/cormac.eu\/fr\/wp-json\/wp\/v2\/product"}],"about":[{"href":"https:\/\/cormac.eu\/fr\/wp-json\/wp\/v2\/types\/product"}],"replies":[{"embeddable":true,"href":"https:\/\/cormac.eu\/fr\/wp-json\/wp\/v2\/comments?post=2901"}],"wp:featuredmedia":[{"embeddable":true,"href":"https:\/\/cormac.eu\/fr\/wp-json\/wp\/v2\/media\/2900"}],"wp:attachment":[{"href":"https:\/\/cormac.eu\/fr\/wp-json\/wp\/v2\/media?parent=2901"}],"wp:term":[{"taxonomy":"product_brand","embeddable":true,"href":"https:\/\/cormac.eu\/fr\/wp-json\/wp\/v2\/product_brand?post=2901"},{"taxonomy":"product_cat","embeddable":true,"href":"https:\/\/cormac.eu\/fr\/wp-json\/wp\/v2\/product_cat?post=2901"},{"taxonomy":"product_tag","embeddable":true,"href":"https:\/\/cormac.eu\/fr\/wp-json\/wp\/v2\/product_tag?post=2901"}],"curies":[{"name":"wp","href":"https:\/\/api.w.org\/{rel}","templated":true}]}}