{"id":2897,"date":"2022-04-24T12:40:29","date_gmt":"2022-04-24T10:40:29","guid":{"rendered":"https:\/\/cormac.eu\/?post_type=product&#038;p=2897"},"modified":"2022-04-24T12:40:29","modified_gmt":"2022-04-24T10:40:29","slug":"machine-denrobage-de-laboratoire-etendue","status":"publish","type":"product","link":"https:\/\/cormac.eu\/fr\/product\/extended-laboratory-coating-machine\/","title":{"rendered":"Machine d'enrobage de laboratoire \u00e9tendue"},"content":{"rendered":"<p>La machine d'enrobage ADG est une machine de laboratoire \u00e9quip\u00e9e d'un dispositif de chauffage et\/ou de refroidissement de l'air de traitement. L'ensemble du syst\u00e8me de climatisation est enferm\u00e9 dans une unit\u00e9 de base sur laquelle est fix\u00e9 le bac d'enrobage de laboratoire. Le panneau de commande est install\u00e9 \u00e0 proximit\u00e9 de la machine \u00e0 enduire, de sorte que le panneau de commande et la machine constituent une seule unit\u00e9 conviviale. Comme la machine d'enrobage ADO, tous les bacs ont la m\u00eame bride de raccordement. Ils sont donc facilement interchangeables. L'angle du plateau est compris entre 0\u00b0 et 50\u00b0 par rapport \u00e0 la ligne horizontale et peut \u00eatre modifi\u00e9 au moyen d'un levier actionn\u00e9 manuellement. L'angle du bac peut donc \u00eatre adapt\u00e9 \u00e0 diff\u00e9rents produits.<\/p>\n<p>&nbsp;<\/p>\n<table style=\"height: 356px\" width=\"633\">\n<tbody>\n<tr>\n<td width=\"171\">\u00a0<strong>Caract\u00e9ristiques<\/strong><\/td>\n<td width=\"171\">\u00a0<strong>Avantages<\/strong><\/td>\n<\/tr>\n<tr>\n<td>Acier inoxydable 1.4301<\/td>\n<td>\n<ul>\n<li>Ex\u00e9cution hygi\u00e9nique<\/li>\n<\/ul>\n<\/td>\n<\/tr>\n<tr>\n<td>\u00a0Entra\u00eenement \u00e0 fr\u00e9quence contr\u00f4l\u00e9e<\/td>\n<td>\n<ul>\n<li>contr\u00f4le de la vitesse<\/li>\n<\/ul>\n<\/td>\n<\/tr>\n<tr>\n<td>\u00a0Indicateur num\u00e9rique de vitesse<\/td>\n<td>\n<ul>\n<li>contr\u00f4le des processus<\/li>\n<\/ul>\n<\/td>\n<\/tr>\n<tr>\n<td>contr\u00f4le des recettes \u00e0 la demande<\/td>\n<td>\n<ul>\n<li>divers travaux de laboratoire<\/li>\n<\/ul>\n<\/td>\n<\/tr>\n<\/tbody>\n<\/table>","protected":false},"excerpt":{"rendered":"<p>Bac d'enrobage de laboratoire, enti\u00e8rement \u00e9quip\u00e9 d'un dispositif de chauffage et\/ou de refroidissement de l'air de traitement.<\/p>","protected":false},"featured_media":2896,"comment_status":"open","ping_status":"closed","template":"","meta":{"uix_meta_title":"","uix_meta_description":"","uix_canonical_url":""},"product_brand":[],"product_cat":[107,135,104],"product_tag":[],"class_list":{"0":"post-2897","1":"product","2":"type-product","3":"status-publish","4":"has-post-thumbnail","6":"product_cat-artisanal","7":"product_cat-laboratory","8":"product_cat-processing","10":"first","11":"instock","12":"shipping-taxable","13":"product-type-simple"},"_links":{"self":[{"href":"https:\/\/cormac.eu\/fr\/wp-json\/wp\/v2\/product\/2897","targetHints":{"allow":["GET"]}}],"collection":[{"href":"https:\/\/cormac.eu\/fr\/wp-json\/wp\/v2\/product"}],"about":[{"href":"https:\/\/cormac.eu\/fr\/wp-json\/wp\/v2\/types\/product"}],"replies":[{"embeddable":true,"href":"https:\/\/cormac.eu\/fr\/wp-json\/wp\/v2\/comments?post=2897"}],"wp:featuredmedia":[{"embeddable":true,"href":"https:\/\/cormac.eu\/fr\/wp-json\/wp\/v2\/media\/2896"}],"wp:attachment":[{"href":"https:\/\/cormac.eu\/fr\/wp-json\/wp\/v2\/media?parent=2897"}],"wp:term":[{"taxonomy":"product_brand","embeddable":true,"href":"https:\/\/cormac.eu\/fr\/wp-json\/wp\/v2\/product_brand?post=2897"},{"taxonomy":"product_cat","embeddable":true,"href":"https:\/\/cormac.eu\/fr\/wp-json\/wp\/v2\/product_cat?post=2897"},{"taxonomy":"product_tag","embeddable":true,"href":"https:\/\/cormac.eu\/fr\/wp-json\/wp\/v2\/product_tag?post=2897"}],"curies":[{"name":"wp","href":"https:\/\/api.w.org\/{rel}","templated":true}]}}