{"id":2895,"date":"2022-04-24T12:37:20","date_gmt":"2022-04-24T10:37:20","guid":{"rendered":"https:\/\/cormac.eu\/?post_type=product&#038;p=2895"},"modified":"2022-04-24T12:37:20","modified_gmt":"2022-04-24T10:37:20","slug":"bac-a-dragees-de-laboratoire","status":"publish","type":"product","link":"https:\/\/cormac.eu\/fr\/product\/laboratory-sugar-coating-pan\/","title":{"rendered":"Bac \u00e0 sucre de laboratoire"},"content":{"rendered":"<p>La machine d'enrobage de type ADO est une machine plus petite qui convient au laboratoire. L'angle du plateau est compris entre 0\u00b0 et 50\u00b0 par rapport \u00e0 la ligne horizontale et peut \u00eatre modifi\u00e9 \u00e0 l'aide d'un levier manuel. L'angle du plateau peut donc \u00eatre adapt\u00e9 \u00e0 diff\u00e9rents produits. Le dos du plateau, les arbres, les roulements, etc. sont recouverts d'une peinture \u00e0 deux composants. Sur demande, le dos du bac et les arbres peuvent \u00e9galement \u00eatre fabriqu\u00e9s en acier inoxydable. La livraison d'une machine de rev\u00eatement contr\u00f4l\u00e9e par recette est possible.<\/p>\n<p>&nbsp;<\/p>\n<table style=\"height: 350px\" width=\"620\">\n<tbody>\n<tr>\n<td width=\"153\">\u00a0<strong>Caract\u00e9ristiques<\/strong><\/td>\n<td width=\"153\">\u00a0<strong>Avantages<\/strong><\/td>\n<\/tr>\n<tr>\n<td>Ex\u00e9cution en acier inoxydable<\/td>\n<td>\n<ul>\n<li>Hygenic<\/li>\n<\/ul>\n<\/td>\n<\/tr>\n<tr>\n<td>Construction robuste<\/td>\n<td>\n<ul>\n<li>Durable<\/li>\n<\/ul>\n<\/td>\n<\/tr>\n<tr>\n<td>Entra\u00eenement \u00e0 fr\u00e9quence contr\u00f4l\u00e9e<\/td>\n<td>\n<ul>\n<li>contr\u00f4le de la vitesse<\/li>\n<\/ul>\n<\/td>\n<\/tr>\n<tr>\n<td>Indicateur num\u00e9rique de vitesse<\/td>\n<td>\n<ul>\n<li>contr\u00f4le des processus<\/li>\n<\/ul>\n<\/td>\n<\/tr>\n<\/tbody>\n<\/table>","protected":false},"excerpt":{"rendered":"<p>Cuvette de drag\u00e9ification pour laboratoire et \u00e9chelle artisanale.<\/p>","protected":false},"featured_media":2894,"comment_status":"open","ping_status":"closed","template":"","meta":{"uix_meta_title":"","uix_meta_description":"","uix_canonical_url":""},"product_brand":[],"product_cat":[107,135,104],"product_tag":[],"class_list":{"0":"post-2895","1":"product","2":"type-product","3":"status-publish","4":"has-post-thumbnail","6":"product_cat-artisanal","7":"product_cat-laboratory","8":"product_cat-processing","10":"first","11":"instock","12":"shipping-taxable","13":"product-type-simple"},"_links":{"self":[{"href":"https:\/\/cormac.eu\/fr\/wp-json\/wp\/v2\/product\/2895","targetHints":{"allow":["GET"]}}],"collection":[{"href":"https:\/\/cormac.eu\/fr\/wp-json\/wp\/v2\/product"}],"about":[{"href":"https:\/\/cormac.eu\/fr\/wp-json\/wp\/v2\/types\/product"}],"replies":[{"embeddable":true,"href":"https:\/\/cormac.eu\/fr\/wp-json\/wp\/v2\/comments?post=2895"}],"wp:featuredmedia":[{"embeddable":true,"href":"https:\/\/cormac.eu\/fr\/wp-json\/wp\/v2\/media\/2894"}],"wp:attachment":[{"href":"https:\/\/cormac.eu\/fr\/wp-json\/wp\/v2\/media?parent=2895"}],"wp:term":[{"taxonomy":"product_brand","embeddable":true,"href":"https:\/\/cormac.eu\/fr\/wp-json\/wp\/v2\/product_brand?post=2895"},{"taxonomy":"product_cat","embeddable":true,"href":"https:\/\/cormac.eu\/fr\/wp-json\/wp\/v2\/product_cat?post=2895"},{"taxonomy":"product_tag","embeddable":true,"href":"https:\/\/cormac.eu\/fr\/wp-json\/wp\/v2\/product_tag?post=2895"}],"curies":[{"name":"wp","href":"https:\/\/api.w.org\/{rel}","templated":true}]}}