{"id":2893,"date":"2022-04-24T12:31:25","date_gmt":"2022-04-24T10:31:25","guid":{"rendered":"https:\/\/cormac.eu\/?post_type=product&#038;p=2893"},"modified":"2022-04-24T12:31:25","modified_gmt":"2022-04-24T10:31:25","slug":"systeme-de-climatisation-pour-le-processus-de-revetement-2","status":"publish","type":"product","link":"https:\/\/cormac.eu\/fr\/product\/airconditioning-system-for-coating-process\/","title":{"rendered":"Syst\u00e8me de climatisation pour le processus de rev\u00eatement"},"content":{"rendered":"<p>Les syst\u00e8mes de climatisation LAA sont con\u00e7us pour le chauffage de l'air, le refroidissement de l'air ou les syst\u00e8mes combin\u00e9s de chauffage et de refroidissement de l'air. Ils garantissent une qualit\u00e9 \u00e9lev\u00e9e de l'air fourni et de l'air \u00e9vacu\u00e9. La temp\u00e9rature, la quantit\u00e9 et la puret\u00e9 de l'air d'alimentation restent toujours constantes. Les filtres d'\u00e9vacuation d'air sont install\u00e9s pour un air \u00e9vacu\u00e9 exempt de poussi\u00e8re. En fonction de l'application souhait\u00e9e et des besoins individuels de nos clients, des pr\u00e9filtres et des filtres fins, un ventilateur, un dispositif de chauffage\/refroidissement, un syst\u00e8me de d\u00e9rivation et un compensateur sont con\u00e7us et combin\u00e9s.<\/p>\n<p>Les processus de rev\u00eatement peuvent \u00eatre extr\u00eamement longs car il faut du temps pour \u00e9liminer les particules d'eau pr\u00e9sentes dans le milieu de rev\u00eatement appliqu\u00e9 sur le produit. La r\u00e9duction du temps de s\u00e9chage influence consid\u00e9rablement la productivit\u00e9 et la rentabilit\u00e9 d'un syst\u00e8me de rev\u00eatement. La conception standard d'un syst\u00e8me de conditionnement d'air LAA comprend un ventilateur de soufflage, un ventilateur d'extraction, un filtre de soufflage et un filtre d'extraction. En fonction de l'application, des classes de filtres allant de G3 (pr\u00e9filtre) \u00e0 H11 sont install\u00e9es. En outre, le syst\u00e8me de climatisation de base comprend un chauffage, deux vannes d'\u00e9tranglement de l'air et une vanne de d\u00e9rivation. Le chauffage peut \u00eatre fourni sous la forme d'un chauffage \u00e9lectrique ou d'un \u00e9changeur de chaleur \u00e0 vapeur, qui sont tous deux adapt\u00e9s \u00e0 la chaleur requise. Un syst\u00e8me de climatisation peut \u00eatre compl\u00e9t\u00e9 par plusieurs modules de refroidissement ou de d\u00e9shumidification. La d\u00e9shumidification standard de l'air par condensation permet d'atteindre une humidit\u00e9 finale (absolue) de 10 g d'eau\/kg d'air. Si, en plus du refroidisseur, un d\u00e9shumidificateur \u00e0 absorption est utilis\u00e9, une humidit\u00e9 de 2 g d'eau\/kg d'air est possible. Si le syst\u00e8me de climatisation utilise l'air ext\u00e9rieur, un pr\u00e9chauffage est n\u00e9cessaire en hiver. Pour \u00e9conomiser l'\u00e9nergie, pr\u00e9server les ressources et prot\u00e9ger l'environnement, la chaleur de l'air \u00e9vacu\u00e9 peut \u00eatre recycl\u00e9e.<\/p>\n<p>&nbsp;<\/p>\n<table style=\"height: 309px\" width=\"580\">\n<tbody>\n<tr>\n<td width=\"153\">\u00a0<strong>Caract\u00e9ristiques<\/strong><\/td>\n<td width=\"153\">\u00a0<strong>Avantages<\/strong><\/td>\n<\/tr>\n<tr>\n<td>Filtres \u00e0 air d'\u00e9chappement<\/td>\n<td>\n<ul>\n<li>air d'\u00e9chappement exempt de poussi\u00e8res<\/li>\n<\/ul>\n<\/td>\n<\/tr>\n<tr>\n<td>Vari\u00e9t\u00e9 de filtres disponibles<\/td>\n<td>\n<ul>\n<li>polyvalence<\/li>\n<\/ul>\n<\/td>\n<\/tr>\n<tr>\n<td>\u00a0Recyclage de l'air possible<\/td>\n<td>\n<ul>\n<li>\u00e9conomies d'\u00e9nergie<\/li>\n<li>protection de l'environnement<\/li>\n<\/ul>\n<\/td>\n<\/tr>\n<\/tbody>\n<\/table>\n<p>&nbsp;<\/p>\n<p>&nbsp;<\/p>\n<p>&nbsp;<\/p>","protected":false},"excerpt":{"rendered":"<p>Syst\u00e8me de conditionnement de l'air utilis\u00e9 pour le s\u00e9chage d'un lot de produits dans un bac d'enrobage.<\/p>","protected":false},"featured_media":2892,"comment_status":"open","ping_status":"closed","template":"","meta":{"uix_meta_title":"","uix_meta_description":"","uix_canonical_url":""},"product_brand":[],"product_cat":[104],"product_tag":[],"class_list":{"0":"post-2893","1":"product","2":"type-product","3":"status-publish","4":"has-post-thumbnail","6":"product_cat-processing","8":"first","9":"instock","10":"shipping-taxable","11":"product-type-simple"},"_links":{"self":[{"href":"https:\/\/cormac.eu\/fr\/wp-json\/wp\/v2\/product\/2893","targetHints":{"allow":["GET"]}}],"collection":[{"href":"https:\/\/cormac.eu\/fr\/wp-json\/wp\/v2\/product"}],"about":[{"href":"https:\/\/cormac.eu\/fr\/wp-json\/wp\/v2\/types\/product"}],"replies":[{"embeddable":true,"href":"https:\/\/cormac.eu\/fr\/wp-json\/wp\/v2\/comments?post=2893"}],"wp:featuredmedia":[{"embeddable":true,"href":"https:\/\/cormac.eu\/fr\/wp-json\/wp\/v2\/media\/2892"}],"wp:attachment":[{"href":"https:\/\/cormac.eu\/fr\/wp-json\/wp\/v2\/media?parent=2893"}],"wp:term":[{"taxonomy":"product_brand","embeddable":true,"href":"https:\/\/cormac.eu\/fr\/wp-json\/wp\/v2\/product_brand?post=2893"},{"taxonomy":"product_cat","embeddable":true,"href":"https:\/\/cormac.eu\/fr\/wp-json\/wp\/v2\/product_cat?post=2893"},{"taxonomy":"product_tag","embeddable":true,"href":"https:\/\/cormac.eu\/fr\/wp-json\/wp\/v2\/product_tag?post=2893"}],"curies":[{"name":"wp","href":"https:\/\/api.w.org\/{rel}","templated":true}]}}