{"id":2886,"date":"2022-04-24T12:19:21","date_gmt":"2022-04-24T10:19:21","guid":{"rendered":"https:\/\/cormac.eu\/?post_type=product&#038;p=2886"},"modified":"2022-04-24T12:19:42","modified_gmt":"2022-04-24T10:19:42","slug":"systemes-de-transport-2","status":"publish","type":"product","link":"https:\/\/cormac.eu\/fr\/product\/conveying-systems\/","title":{"rendered":"Syst\u00e8mes de transport"},"content":{"rendered":"<p>Syst\u00e8mes de transport standard, \u00e9l\u00e9vateur et \u00e0 col de cygne. La vitesse variable des bandes est obtenue gr\u00e2ce \u00e0 l'utilisation de moteurs \u00e0 engrenages command\u00e9s par fr\u00e9quence, ce qui garantit la flexibilit\u00e9 du syst\u00e8me de transport. Les syst\u00e8mes de transport pour le remplissage et le vidage des machines d'enrobage garantissent un haut degr\u00e9 d'automatisation et assurent une production sans probl\u00e8me. Configuration selon les besoins du client.<\/p>\n<p>&nbsp;<\/p>\n<table style=\"height: 335px\" width=\"653\">\n<tbody>\n<tr>\n<td width=\"160\">\u00a0<strong>Caract\u00e9ristiques<\/strong><\/td>\n<td width=\"160\">\u00a0<strong>Avantages<\/strong><\/td>\n<\/tr>\n<tr>\n<td>Mat\u00e9riau de la courroie de qualit\u00e9 alimentaire<\/td>\n<td>\n<ul>\n<li>hygi\u00e9nique<\/li>\n<li>facile \u00e0 nettoyer<\/li>\n<\/ul>\n<\/td>\n<\/tr>\n<tr>\n<td>Construction robuste<\/td>\n<td>\n<ul>\n<li>durable<\/li>\n<li>fiable<\/li>\n<\/ul>\n<\/td>\n<\/tr>\n<tr>\n<td>Entra\u00eenements \u00e0 fr\u00e9quence contr\u00f4l\u00e9e<\/td>\n<td>\n<ul>\n<li>bon fonctionnement<\/li>\n<li>un fonctionnement sans probl\u00e8me<\/li>\n<\/ul>\n<\/td>\n<\/tr>\n<\/tbody>\n<\/table>\n<p>&nbsp;<\/p>\n<p>&nbsp;<\/p>\n<p>&nbsp;<\/p>","protected":false},"excerpt":{"rendered":"<p>Bande transporteuse pour la r\u00e9ception et le transport des produits.<\/p>","protected":false},"featured_media":2885,"comment_status":"open","ping_status":"closed","template":"","meta":{"uix_meta_title":"","uix_meta_description":"","uix_canonical_url":""},"product_brand":[],"product_cat":[104],"product_tag":[],"class_list":{"0":"post-2886","1":"product","2":"type-product","3":"status-publish","4":"has-post-thumbnail","6":"product_cat-processing","8":"first","9":"instock","10":"shipping-taxable","11":"product-type-simple"},"_links":{"self":[{"href":"https:\/\/cormac.eu\/fr\/wp-json\/wp\/v2\/product\/2886","targetHints":{"allow":["GET"]}}],"collection":[{"href":"https:\/\/cormac.eu\/fr\/wp-json\/wp\/v2\/product"}],"about":[{"href":"https:\/\/cormac.eu\/fr\/wp-json\/wp\/v2\/types\/product"}],"replies":[{"embeddable":true,"href":"https:\/\/cormac.eu\/fr\/wp-json\/wp\/v2\/comments?post=2886"}],"wp:featuredmedia":[{"embeddable":true,"href":"https:\/\/cormac.eu\/fr\/wp-json\/wp\/v2\/media\/2885"}],"wp:attachment":[{"href":"https:\/\/cormac.eu\/fr\/wp-json\/wp\/v2\/media?parent=2886"}],"wp:term":[{"taxonomy":"product_brand","embeddable":true,"href":"https:\/\/cormac.eu\/fr\/wp-json\/wp\/v2\/product_brand?post=2886"},{"taxonomy":"product_cat","embeddable":true,"href":"https:\/\/cormac.eu\/fr\/wp-json\/wp\/v2\/product_cat?post=2886"},{"taxonomy":"product_tag","embeddable":true,"href":"https:\/\/cormac.eu\/fr\/wp-json\/wp\/v2\/product_tag?post=2886"}],"curies":[{"name":"wp","href":"https:\/\/api.w.org\/{rel}","templated":true}]}}