{"id":2880,"date":"2022-04-24T12:07:22","date_gmt":"2022-04-24T10:07:22","guid":{"rendered":"https:\/\/cormac.eu\/?post_type=product&#038;p=2880"},"modified":"2022-04-24T12:07:22","modified_gmt":"2022-04-24T10:07:22","slug":"annonces-sur-les-bacs-de-revetement-2","status":"publish","type":"product","link":"https:\/\/cormac.eu\/fr\/product\/coating-pan-ads\/","title":{"rendered":"Bac d'enrobage ADS"},"content":{"rendered":"<p>La machine de rev\u00eatement ADS est un d\u00e9veloppement de Friedhelm Stechel.  Le bac pivote \u00e0 l'int\u00e9rieur d'un cadre en forme de U, de sorte que l'angle du bac peut \u00eatre modifi\u00e9. Le remplissage et la vidange des machines d'enrobage existantes peuvent \u00eatre automatis\u00e9s car elles peuvent \u00eatre mont\u00e9es dans ce cadre sp\u00e9cial. L'une des caract\u00e9ristiques remarquables de cette conception est que la largeur totale de la coucheuse n'est pas plus grande que le bac lui-m\u00eame. Cela fait de l'ADS une unit\u00e9 peu encombrante. Bien entendu, cette machine \u00e0 enduire peut \u00eatre \u00e9quip\u00e9e de hottes pour le guidage de l'air d'alimentation et d'\u00e9vacuation et de raccords pour un syst\u00e8me de pulv\u00e9risation. Capacit\u00e9 : selon les besoins du client.<\/p>\n<p>&nbsp;<\/p>\n<table style=\"height: 489px\" width=\"595\">\n<tbody>\n<tr>\n<td width=\"158\">\u00a0<strong>Caract\u00e9ristiques<\/strong><\/td>\n<td width=\"158\">\u00a0<strong>Avantages<\/strong><\/td>\n<\/tr>\n<tr>\n<td>Cadre en forme de U<\/td>\n<td>\n<ul>\n<li>large gamme d'angles panoramiques<\/li>\n<li>une automatisation plus facile<\/li>\n<\/ul>\n<\/td>\n<\/tr>\n<tr>\n<td>Acier inoxydable 1.4301<\/td>\n<td>\n<ul>\n<li>hygi\u00e9nique<\/li>\n<li>construction robuste<\/li>\n<li>b\u00e9n\u00e9fice 3<\/li>\n<\/ul>\n<\/td>\n<\/tr>\n<tr>\n<td>Entra\u00eenement \u00e0 fr\u00e9quence contr\u00f4l\u00e9e<\/td>\n<td>\n<ul>\n<li>contr\u00f4le de la vitesse<\/li>\n<\/ul>\n<\/td>\n<\/tr>\n<tr>\n<td>Indicateur num\u00e9rique de vitesse<\/td>\n<td>\n<ul>\n<li>contr\u00f4le des processus<\/li>\n<\/ul>\n<\/td>\n<\/tr>\n<\/tbody>\n<\/table>\n<p>&nbsp;<\/p>","protected":false},"excerpt":{"rendered":"<p>Bac d'enrobage pour l'enrobage du sucre \u00e0 l'\u00e9chelle industrielle<\/p>","protected":false},"featured_media":2879,"comment_status":"open","ping_status":"closed","template":"","meta":{"uix_meta_title":"","uix_meta_description":"","uix_canonical_url":""},"product_brand":[],"product_cat":[104],"product_tag":[],"class_list":{"0":"post-2880","1":"product","2":"type-product","3":"status-publish","4":"has-post-thumbnail","6":"product_cat-processing","8":"first","9":"instock","10":"shipping-taxable","11":"product-type-simple"},"_links":{"self":[{"href":"https:\/\/cormac.eu\/fr\/wp-json\/wp\/v2\/product\/2880","targetHints":{"allow":["GET"]}}],"collection":[{"href":"https:\/\/cormac.eu\/fr\/wp-json\/wp\/v2\/product"}],"about":[{"href":"https:\/\/cormac.eu\/fr\/wp-json\/wp\/v2\/types\/product"}],"replies":[{"embeddable":true,"href":"https:\/\/cormac.eu\/fr\/wp-json\/wp\/v2\/comments?post=2880"}],"wp:featuredmedia":[{"embeddable":true,"href":"https:\/\/cormac.eu\/fr\/wp-json\/wp\/v2\/media\/2879"}],"wp:attachment":[{"href":"https:\/\/cormac.eu\/fr\/wp-json\/wp\/v2\/media?parent=2880"}],"wp:term":[{"taxonomy":"product_brand","embeddable":true,"href":"https:\/\/cormac.eu\/fr\/wp-json\/wp\/v2\/product_brand?post=2880"},{"taxonomy":"product_cat","embeddable":true,"href":"https:\/\/cormac.eu\/fr\/wp-json\/wp\/v2\/product_cat?post=2880"},{"taxonomy":"product_tag","embeddable":true,"href":"https:\/\/cormac.eu\/fr\/wp-json\/wp\/v2\/product_tag?post=2880"}],"curies":[{"name":"wp","href":"https:\/\/api.w.org\/{rel}","templated":true}]}}