{"id":2865,"date":"2022-04-24T11:24:01","date_gmt":"2022-04-24T09:24:01","guid":{"rendered":"https:\/\/cormac.eu\/?post_type=product&#038;p=2865"},"modified":"2022-04-24T11:36:31","modified_gmt":"2022-04-24T09:36:31","slug":"tambour-de-graissage","status":"publish","type":"product","link":"https:\/\/cormac.eu\/fr\/product\/oiling-drum\/","title":{"rendered":"Tambour d'huilage"},"content":{"rendered":"<p>La Vomashine est un tambour d'huilage qui permet d'appliquer une couche brillante sur des produits tels que les gel\u00e9es et les gommes. Cette op\u00e9ration est effectu\u00e9e apr\u00e8s que la poudre a \u00e9t\u00e9 retir\u00e9e du produit. La vitesse de rotation du tambour est contr\u00f4l\u00e9e par fr\u00e9quence. Le tambour peut tourner \u00e0 gauche et \u00e0 droite. Le premier sens de rotation est celui de la production et l'autre celui de la d\u00e9charge. Ces machines ont une conception hygi\u00e9nique et sont enti\u00e8rement construites en acier inoxydable. La capacit\u00e9 varie de 1.000 \u00e0 5.000 kg\/hr.<\/p>\n<p><img decoding=\"async\" class=\"alignnone size-medium wp-image-2871\" src=\"https:\/\/cormac.eu\/wp-content\/uploads\/2022\/04\/iStock_000051985832_Large-300x161.jpg\" alt=\"\" width=\"300\" height=\"161\" srcset=\"https:\/\/cormac.eu\/wp-content\/uploads\/2022\/04\/iStock_000051985832_Large-300x161.jpg 300w, https:\/\/cormac.eu\/wp-content\/uploads\/2022\/04\/iStock_000051985832_Large-1024x549.jpg 1024w, https:\/\/cormac.eu\/wp-content\/uploads\/2022\/04\/iStock_000051985832_Large-768x412.jpg 768w, https:\/\/cormac.eu\/wp-content\/uploads\/2022\/04\/iStock_000051985832_Large-1536x823.jpg 1536w, https:\/\/cormac.eu\/wp-content\/uploads\/2022\/04\/iStock_000051985832_Large-2048x1097.jpg 2048w, https:\/\/cormac.eu\/wp-content\/uploads\/2022\/04\/iStock_000051985832_Large-600x321.jpg 600w\" sizes=\"(max-width: 300px) 100vw, 300px\" \/><\/p>\n<p>&nbsp;<\/p>\n<table style=\"height: 365px\" width=\"560\">\n<tbody>\n<tr>\n<td width=\"159\">\u00a0<strong>Caract\u00e9ristiques<\/strong><\/td>\n<td width=\"159\">\u00a0<strong>Avantages<\/strong><\/td>\n<\/tr>\n<tr>\n<td>\u00a0Conception robuste<\/td>\n<td>\n<ul>\n<li>longue dur\u00e9e de vie technique<\/li>\n<li>peu d'entretien<\/li>\n<\/ul>\n<\/td>\n<\/tr>\n<tr>\n<td>\u00a0construction en acier inoxydable<\/td>\n<td>\n<ul>\n<li>hygi\u00e9nique<\/li>\n<li>nettoyage facile<\/li>\n<\/ul>\n<\/td>\n<\/tr>\n<tr>\n<td>\u00a0variateur de fr\u00e9quence<\/td>\n<td>\n<ul>\n<li>contr\u00f4le de la vitesse de rotation<\/li>\n<\/ul>\n<\/td>\n<\/tr>\n<\/tbody>\n<\/table>","protected":false},"excerpt":{"rendered":"<p>Tambour de cuisson pour l'application d'un rev\u00eatement brillant sur des produits de confiserie moul\u00e9s \u00e0 l'amidon.<\/p>","protected":false},"featured_media":2864,"comment_status":"open","ping_status":"closed","template":"","meta":{"uix_meta_title":"","uix_meta_description":"","uix_canonical_url":""},"product_brand":[],"product_cat":[104],"product_tag":[],"class_list":{"0":"post-2865","1":"product","2":"type-product","3":"status-publish","4":"has-post-thumbnail","6":"product_cat-processing","8":"first","9":"instock","10":"shipping-taxable","11":"product-type-simple"},"_links":{"self":[{"href":"https:\/\/cormac.eu\/fr\/wp-json\/wp\/v2\/product\/2865","targetHints":{"allow":["GET"]}}],"collection":[{"href":"https:\/\/cormac.eu\/fr\/wp-json\/wp\/v2\/product"}],"about":[{"href":"https:\/\/cormac.eu\/fr\/wp-json\/wp\/v2\/types\/product"}],"replies":[{"embeddable":true,"href":"https:\/\/cormac.eu\/fr\/wp-json\/wp\/v2\/comments?post=2865"}],"wp:featuredmedia":[{"embeddable":true,"href":"https:\/\/cormac.eu\/fr\/wp-json\/wp\/v2\/media\/2864"}],"wp:attachment":[{"href":"https:\/\/cormac.eu\/fr\/wp-json\/wp\/v2\/media?parent=2865"}],"wp:term":[{"taxonomy":"product_brand","embeddable":true,"href":"https:\/\/cormac.eu\/fr\/wp-json\/wp\/v2\/product_brand?post=2865"},{"taxonomy":"product_cat","embeddable":true,"href":"https:\/\/cormac.eu\/fr\/wp-json\/wp\/v2\/product_cat?post=2865"},{"taxonomy":"product_tag","embeddable":true,"href":"https:\/\/cormac.eu\/fr\/wp-json\/wp\/v2\/product_tag?post=2865"}],"curies":[{"name":"wp","href":"https:\/\/api.w.org\/{rel}","templated":true}]}}