{"id":2863,"date":"2022-04-24T11:20:17","date_gmt":"2022-04-24T09:20:17","guid":{"rendered":"https:\/\/cormac.eu\/?post_type=product&#038;p=2863"},"modified":"2022-04-24T11:20:17","modified_gmt":"2022-04-24T09:20:17","slug":"cuiseur-en-discontinu-2","status":"publish","type":"product","link":"https:\/\/cormac.eu\/fr\/product\/batch-cooker\/","title":{"rendered":"Cuisinier en discontinu"},"content":{"rendered":"<p>Le cuiseur discontinu se pr\u00e9sente sous la forme d'une demi-boule avec des chemises de vapeur (double paroi). Ils sont \u00e9quip\u00e9s d'agitateurs \u00e0 ancre, avec ou sans racleurs en t\u00e9flon. Les marmites sont fournies avec ou sans vide et peuvent \u00eatre construites pour \u00eatre d\u00e9charg\u00e9es sous pression. Ces bouilloires sont fabriqu\u00e9es en acier inoxydable et peuvent \u00eatre actionn\u00e9es manuellement ou automatiquement. Elles sont disponibles en diff\u00e9rentes tailles et dans une grande vari\u00e9t\u00e9 d'ex\u00e9cutions. Il est \u00e9galement possible d'avoir une double ex\u00e9cution pour augmenter la capacit\u00e9 et permettre une cuisson semi-continue. Gamme de capacit\u00e9s : 100 kg, 250 kg, 500 kg.  Pour les capacit\u00e9s sup\u00e9rieures \u00e0 500 kg\/h, nous recommandons g\u00e9n\u00e9ralement un cuiseur continu.<\/p>\n<p>&nbsp;<\/p>\n<table style=\"height: 386px\" width=\"612\">\n<tbody>\n<tr>\n<td width=\"165\">\u00a0<strong>Caract\u00e9ristiques<\/strong><\/td>\n<td width=\"165\">\u00a0<strong>Avantages<\/strong><\/td>\n<\/tr>\n<tr>\n<td>\u00a0Acier inoxydable<\/td>\n<td>\n<ul>\n<li>hygi\u00e9nique<\/li>\n<li>nettoyage facile<\/li>\n<li>robuste<\/li>\n<\/ul>\n<\/td>\n<\/tr>\n<tr>\n<td>\u00a0double paroi<\/td>\n<td>\n<ul>\n<li>excellent transfert de chaleur<\/li>\n<\/ul>\n<\/td>\n<\/tr>\n<tr>\n<td>\u00a0agitateur \u00e0 ancre en option avec<br \/>\ngrattoir en t\u00e9flon<\/td>\n<td>\n<ul>\n<li>bon m\u00e9lange<\/li>\n<li>pas de br\u00fblure<\/li>\n<li>nettoyer les parois int\u00e9rieures<\/li>\n<\/ul>\n<\/td>\n<\/tr>\n<\/tbody>\n<\/table>\n<p>&nbsp;<\/p>","protected":false},"excerpt":{"rendered":"<p>Cuiseur en discontinu pour les masses de sucre.<\/p>","protected":false},"featured_media":2862,"comment_status":"open","ping_status":"closed","template":"","meta":{"uix_meta_title":"","uix_meta_description":"","uix_canonical_url":""},"product_brand":[],"product_cat":[104],"product_tag":[],"class_list":{"0":"post-2863","1":"product","2":"type-product","3":"status-publish","4":"has-post-thumbnail","6":"product_cat-processing","8":"first","9":"instock","10":"shipping-taxable","11":"product-type-simple"},"_links":{"self":[{"href":"https:\/\/cormac.eu\/fr\/wp-json\/wp\/v2\/product\/2863","targetHints":{"allow":["GET"]}}],"collection":[{"href":"https:\/\/cormac.eu\/fr\/wp-json\/wp\/v2\/product"}],"about":[{"href":"https:\/\/cormac.eu\/fr\/wp-json\/wp\/v2\/types\/product"}],"replies":[{"embeddable":true,"href":"https:\/\/cormac.eu\/fr\/wp-json\/wp\/v2\/comments?post=2863"}],"wp:featuredmedia":[{"embeddable":true,"href":"https:\/\/cormac.eu\/fr\/wp-json\/wp\/v2\/media\/2862"}],"wp:attachment":[{"href":"https:\/\/cormac.eu\/fr\/wp-json\/wp\/v2\/media?parent=2863"}],"wp:term":[{"taxonomy":"product_brand","embeddable":true,"href":"https:\/\/cormac.eu\/fr\/wp-json\/wp\/v2\/product_brand?post=2863"},{"taxonomy":"product_cat","embeddable":true,"href":"https:\/\/cormac.eu\/fr\/wp-json\/wp\/v2\/product_cat?post=2863"},{"taxonomy":"product_tag","embeddable":true,"href":"https:\/\/cormac.eu\/fr\/wp-json\/wp\/v2\/product_tag?post=2863"}],"curies":[{"name":"wp","href":"https:\/\/api.w.org\/{rel}","templated":true}]}}