{"id":2855,"date":"2022-04-24T10:48:12","date_gmt":"2022-04-24T08:48:12","guid":{"rendered":"https:\/\/cormac.eu\/?post_type=product&#038;p=2855"},"modified":"2022-04-24T10:48:24","modified_gmt":"2022-04-24T08:48:24","slug":"installation-de-cuisson-pilote-2","status":"publish","type":"product","link":"https:\/\/cormac.eu\/fr\/product\/pilot-cooking-plant\/","title":{"rendered":"Installation de cuisson pilote"},"content":{"rendered":"<p>Cette mini installation de cuisson est utilis\u00e9e pour le d\u00e9veloppement de produits et les petites productions. Ce type d'installation est tr\u00e8s utilis\u00e9 dans les laboratoires des usines de confiserie et des producteurs de mati\u00e8res premi\u00e8res. Les entreprises qui ont install\u00e9 des installations Vomadiss plus importantes utilisent \u00e9galement ces installations pilotes. Ce syst\u00e8me de cuisson universel est tr\u00e8s demand\u00e9, notamment parce que les param\u00e8tres trouv\u00e9s peuvent \u00eatre transf\u00e9r\u00e9s 1 \u00e0 1 aux grandes machines de production. Il est \u00e9galement possible de construire une combinaison de diff\u00e9rents cuiseurs, afin de fabriquer diff\u00e9rents produits, par exemple un cuiseur \u00e0 injection de vapeur Jet Cooker pour les produits \u00e0 base d'amidon, un \u00e9changeur de chaleur \u00e0 raclage pour le caramel ou les produits sp\u00e9ciaux \u00e0 base d'amidon. La machine peut \u00e9galement \u00eatre lou\u00e9e. Capacit\u00e9 : 50-100 kg\/hr.<\/p>\n<p>&nbsp;<\/p>\n<table style=\"height: 451px\" width=\"533\">\n<tbody>\n<tr>\n<td width=\"159\">\u00a0<strong>Caract\u00e9ristiques<\/strong><\/td>\n<td width=\"159\">\u00a0<strong>Avantages<\/strong><\/td>\n<\/tr>\n<tr>\n<td>\u00a0tous construits sur un m\u00eame cadre<\/td>\n<td>\n<ul>\n<li>installation plug &amp; play<\/li>\n<li>compact<\/li>\n<\/ul>\n<\/td>\n<\/tr>\n<tr>\n<td>\u00a0configuration personnalis\u00e9e<\/td>\n<td>\n<ul>\n<li>polyvalent<\/li>\n<\/ul>\n<\/td>\n<\/tr>\n<tr>\n<td>\u00a0construction en acier inoxydable<\/td>\n<td>\n<ul>\n<li>hygi\u00e9nique<\/li>\n<li>nettoyage facile<\/li>\n<\/ul>\n<\/td>\n<\/tr>\n<tr>\n<td>\u00a0PLC (en option)<\/td>\n<td>\n<ul>\n<li>stockage des recettes<\/li>\n<li>contr\u00f4le des processus<\/li>\n<\/ul>\n<\/td>\n<\/tr>\n<\/tbody>\n<\/table>","protected":false},"excerpt":{"rendered":"<p>Installation de cuisson pilote pour tester les applications de cuisson avec toutes sortes de masses de sucre.<\/p>","protected":false},"featured_media":2854,"comment_status":"open","ping_status":"closed","template":"","meta":{"uix_meta_title":"","uix_meta_description":"","uix_canonical_url":""},"product_brand":[],"product_cat":[104],"product_tag":[],"class_list":{"0":"post-2855","1":"product","2":"type-product","3":"status-publish","4":"has-post-thumbnail","6":"product_cat-processing","8":"first","9":"instock","10":"shipping-taxable","11":"product-type-simple"},"_links":{"self":[{"href":"https:\/\/cormac.eu\/fr\/wp-json\/wp\/v2\/product\/2855","targetHints":{"allow":["GET"]}}],"collection":[{"href":"https:\/\/cormac.eu\/fr\/wp-json\/wp\/v2\/product"}],"about":[{"href":"https:\/\/cormac.eu\/fr\/wp-json\/wp\/v2\/types\/product"}],"replies":[{"embeddable":true,"href":"https:\/\/cormac.eu\/fr\/wp-json\/wp\/v2\/comments?post=2855"}],"wp:featuredmedia":[{"embeddable":true,"href":"https:\/\/cormac.eu\/fr\/wp-json\/wp\/v2\/media\/2854"}],"wp:attachment":[{"href":"https:\/\/cormac.eu\/fr\/wp-json\/wp\/v2\/media?parent=2855"}],"wp:term":[{"taxonomy":"product_brand","embeddable":true,"href":"https:\/\/cormac.eu\/fr\/wp-json\/wp\/v2\/product_brand?post=2855"},{"taxonomy":"product_cat","embeddable":true,"href":"https:\/\/cormac.eu\/fr\/wp-json\/wp\/v2\/product_cat?post=2855"},{"taxonomy":"product_tag","embeddable":true,"href":"https:\/\/cormac.eu\/fr\/wp-json\/wp\/v2\/product_tag?post=2855"}],"curies":[{"name":"wp","href":"https:\/\/api.w.org\/{rel}","templated":true}]}}