{"id":2849,"date":"2022-04-24T10:01:33","date_gmt":"2022-04-24T08:01:33","guid":{"rendered":"https:\/\/cormac.eu\/?post_type=product&#038;p=2849"},"modified":"2022-04-24T11:37:04","modified_gmt":"2022-04-24T09:37:04","slug":"installation-de-cuisson-cle-en-main","status":"publish","type":"product","link":"https:\/\/cormac.eu\/fr\/product\/turn-key-cooking-installation\/","title":{"rendered":"Cuisine de production compl\u00e8te cl\u00e9 en main"},"content":{"rendered":"<p>Une cuisine de production enti\u00e8rement automatique, construite sur un seul skid, pr\u00eate \u00e0 \u00eatre branch\u00e9e. Cette m\u00e9thode de construction permet d'\u00e9conomiser de l'espace. Chaque installation est enti\u00e8rement personnalis\u00e9e. Cette cuisine de production peut comprendre le pesage et le dosage automatiques des ingr\u00e9dients, une installation de pr\u00e9m\u00e9lange et de m\u00e9lange, un cuiseur continu, un cuiseur \u00e0 jet d'injection de vapeur, la chambre \u00e0 vide, l'armoire de commande centrale avec l'automate Siemens ainsi qu'un ensemble de dosage pour les ar\u00f4mes, les colorants et l'acide. Capacit\u00e9 jusqu'\u00e0 3 tonnes par heure.<\/p>\n<p><img fetchpriority=\"high\" decoding=\"async\" class=\"alignnone size-medium wp-image-2869\" src=\"https:\/\/cormac.eu\/wp-content\/uploads\/2022\/04\/Candy-iStock_000012762654_Large-300x199.jpg\" alt=\"\" width=\"300\" height=\"199\" srcset=\"https:\/\/cormac.eu\/wp-content\/uploads\/2022\/04\/Candy-iStock_000012762654_Large-300x199.jpg 300w, https:\/\/cormac.eu\/wp-content\/uploads\/2022\/04\/Candy-iStock_000012762654_Large-1024x680.jpg 1024w, https:\/\/cormac.eu\/wp-content\/uploads\/2022\/04\/Candy-iStock_000012762654_Large-768x510.jpg 768w, https:\/\/cormac.eu\/wp-content\/uploads\/2022\/04\/Candy-iStock_000012762654_Large-1536x1019.jpg 1536w, https:\/\/cormac.eu\/wp-content\/uploads\/2022\/04\/Candy-iStock_000012762654_Large-2048x1359.jpg 2048w, https:\/\/cormac.eu\/wp-content\/uploads\/2022\/04\/Candy-iStock_000012762654_Large-600x398.jpg 600w\" sizes=\"(max-width: 300px) 100vw, 300px\" \/><\/p>\n<p>&nbsp;<\/p>\n<table style=\"height: 396px\" width=\"547\">\n<tbody>\n<tr>\n<td width=\"179\">\u00a0<strong>Caract\u00e9ristiques<\/strong><\/td>\n<td width=\"179\">\u00a0<strong>Avantages<\/strong><\/td>\n<\/tr>\n<tr>\n<td>\u00a0construit sur patin<\/td>\n<td>\n<ul>\n<li>installation facile<\/li>\n<li>compact<\/li>\n<\/ul>\n<\/td>\n<\/tr>\n<tr>\n<td>\u00a0tout en acier inoxydable<\/td>\n<td>\n<ul>\n<li>hygi\u00e9nique<\/li>\n<li>nettoyage facile<\/li>\n<\/ul>\n<\/td>\n<\/tr>\n<tr>\n<td>\u00a0Contr\u00f4l\u00e9 par PLC<\/td>\n<td>\n<ul>\n<li>contr\u00f4le total du processus<\/li>\n<li>stockage des recettes<\/li>\n<\/ul>\n<\/td>\n<\/tr>\n<tr>\n<td>\u00a0Construction sur mesure<\/td>\n<td>\n<ul>\n<li>construit selon les sp\u00e9cifications du client<\/li>\n<\/ul>\n<\/td>\n<\/tr>\n<\/tbody>\n<\/table>","protected":false},"excerpt":{"rendered":"<p>Cuisine de production enti\u00e8rement automatique con\u00e7ue selon les besoins du client, construite sur un skid, compacte, plug &amp; play. Convient \u00e0 la production de sucres cuits, y compris les gel\u00e9es et les gommes, les guimauves, les bonbons \u00e0 m\u00e2cher, la r\u00e9glisse, le fondant, le nougat, les bonbons durs, les articles sans sucre, etc.<\/p>","protected":false},"featured_media":2853,"comment_status":"open","ping_status":"closed","template":"","meta":{"uix_meta_title":"","uix_meta_description":"","uix_canonical_url":""},"product_brand":[],"product_cat":[104],"product_tag":[],"class_list":{"0":"post-2849","1":"product","2":"type-product","3":"status-publish","4":"has-post-thumbnail","6":"product_cat-processing","8":"first","9":"instock","10":"shipping-taxable","11":"product-type-simple"},"_links":{"self":[{"href":"https:\/\/cormac.eu\/fr\/wp-json\/wp\/v2\/product\/2849","targetHints":{"allow":["GET"]}}],"collection":[{"href":"https:\/\/cormac.eu\/fr\/wp-json\/wp\/v2\/product"}],"about":[{"href":"https:\/\/cormac.eu\/fr\/wp-json\/wp\/v2\/types\/product"}],"replies":[{"embeddable":true,"href":"https:\/\/cormac.eu\/fr\/wp-json\/wp\/v2\/comments?post=2849"}],"wp:featuredmedia":[{"embeddable":true,"href":"https:\/\/cormac.eu\/fr\/wp-json\/wp\/v2\/media\/2853"}],"wp:attachment":[{"href":"https:\/\/cormac.eu\/fr\/wp-json\/wp\/v2\/media?parent=2849"}],"wp:term":[{"taxonomy":"product_brand","embeddable":true,"href":"https:\/\/cormac.eu\/fr\/wp-json\/wp\/v2\/product_brand?post=2849"},{"taxonomy":"product_cat","embeddable":true,"href":"https:\/\/cormac.eu\/fr\/wp-json\/wp\/v2\/product_cat?post=2849"},{"taxonomy":"product_tag","embeddable":true,"href":"https:\/\/cormac.eu\/fr\/wp-json\/wp\/v2\/product_tag?post=2849"}],"curies":[{"name":"wp","href":"https:\/\/api.w.org\/{rel}","templated":true}]}}