{"id":2847,"date":"2022-04-24T09:58:59","date_gmt":"2022-04-24T07:58:59","guid":{"rendered":"https:\/\/cormac.eu\/?post_type=product&#038;p=2847"},"modified":"2022-04-24T09:58:59","modified_gmt":"2022-04-24T07:58:59","slug":"speedmixer-2","status":"publish","type":"product","link":"https:\/\/cormac.eu\/fr\/product\/speedmixer\/","title":{"rendered":"Speedmixer"},"content":{"rendered":"<p>Le speedmix est une bonne solution pour de nombreux probl\u00e8mes de m\u00e9lange.  Dans la turbine de m\u00e9lange speedmix, l'arbre de rotation est prot\u00e9g\u00e9 par un tuyau gain\u00e9. Sous ce tuyau est mont\u00e9 un sas de retenue dans lequel tourne l'h\u00e9lice. Ce sas de retenue fonctionne comme une pompe et provoque un courant axial. La conduite \u00e0 double enveloppe \u00e9vite qu'un fortx ne s'\u00e9l\u00e8ve le long de l'arbre \u00e0 rotation rapide. La cartouche \u00e0 courant axial du speedmix garantit un m\u00e9lange intensif sans impact d'air entre les liquides qui doivent \u00eatre m\u00e9lang\u00e9s avec des poudres et des granul\u00e9s, m\u00eame \u00e0 des r\u00e9gimes \u00e9lev\u00e9s. Le speedmix peut \u00eatre utilis\u00e9 pour m\u00e9langer, homog\u00e9n\u00e9iser, disperser, suspendre et dissoudre une large gamme de masses. Plage de puissance : de 0,75 \u00e0 30 kW, 750 - 3000 tr\/min.<\/p>\n<p><img fetchpriority=\"high\" decoding=\"async\" class=\"alignnone size-medium wp-image-2846\" src=\"https:\/\/cormac.eu\/wp-content\/uploads\/2022\/04\/Speedmix4-200x300.jpg\" alt=\"\" width=\"200\" height=\"300\" srcset=\"https:\/\/cormac.eu\/wp-content\/uploads\/2022\/04\/Speedmix4-200x300.jpg 200w, https:\/\/cormac.eu\/wp-content\/uploads\/2022\/04\/Speedmix4-681x1024.jpg 681w, https:\/\/cormac.eu\/wp-content\/uploads\/2022\/04\/Speedmix4-768x1154.jpg 768w, https:\/\/cormac.eu\/wp-content\/uploads\/2022\/04\/Speedmix4-1022x1536.jpg 1022w, https:\/\/cormac.eu\/wp-content\/uploads\/2022\/04\/Speedmix4-1363x2048.jpg 1363w, https:\/\/cormac.eu\/wp-content\/uploads\/2022\/04\/Speedmix4-600x902.jpg 600w, https:\/\/cormac.eu\/wp-content\/uploads\/2022\/04\/Speedmix4-scaled.jpg 1703w\" sizes=\"(max-width: 200px) 100vw, 200px\" \/><\/p>\n<table style=\"height: 514px\" width=\"653\">\n<tbody>\n<tr>\n<td width=\"252\">\u00a0<strong>Caract\u00e9ristiques<\/strong><\/td>\n<td width=\"249\">\u00a0<strong>Avantages<\/strong><\/td>\n<\/tr>\n<tr>\n<td>\u00a0Variateur de vitesse \u00e0 r\u00e9gulation de fr\u00e9quence progressive<\/td>\n<td>\n<ul>\n<li>Contr\u00f4le de la vitesse<\/li>\n<\/ul>\n<\/td>\n<\/tr>\n<tr>\n<td>\u00a0Une excellente technologie de soudage<\/td>\n<td>\n<ul>\n<li>ex\u00e9cution sanitaire<\/li>\n<li>pas d'arrachage de cheveux dans l'acier<\/li>\n<li>nettoyage et rin\u00e7age faciles<\/li>\n<\/ul>\n<\/td>\n<\/tr>\n<tr>\n<td>\u00a0construction en acier inoxydable<\/td>\n<td>\n<ul>\n<li>hygi\u00e9nique<\/li>\n<li>nettoyage facile<\/li>\n<\/ul>\n<\/td>\n<\/tr>\n<tr>\n<td>\u00a0Pas de contact avec le produit de l'oursin<\/td>\n<td>\n<ul>\n<li>pas de contamination<\/li>\n<li>l'hygi\u00e8ne<\/li>\n<\/ul>\n<\/td>\n<\/tr>\n<tr>\n<td>Brides normalis\u00e9es<\/td>\n<td>\n<ul>\n<li>remplacement et entretien faciles<\/li>\n<\/ul>\n<\/td>\n<\/tr>\n<\/tbody>\n<\/table>\n<p>&nbsp;<\/p>\n<p>&nbsp;<\/p>","protected":false},"excerpt":{"rendered":"<p>Speedmixer pour m\u00e9langer, homog\u00e9n\u00e9iser, disperser, suspendre et dissoudre une large gamme de masses.<\/p>","protected":false},"featured_media":2845,"comment_status":"open","ping_status":"closed","template":"","meta":{"uix_meta_title":"","uix_meta_description":"","uix_canonical_url":""},"product_brand":[],"product_cat":[104],"product_tag":[],"class_list":{"0":"post-2847","1":"product","2":"type-product","3":"status-publish","4":"has-post-thumbnail","6":"product_cat-processing","8":"first","9":"instock","10":"shipping-taxable","11":"product-type-simple"},"_links":{"self":[{"href":"https:\/\/cormac.eu\/fr\/wp-json\/wp\/v2\/product\/2847","targetHints":{"allow":["GET"]}}],"collection":[{"href":"https:\/\/cormac.eu\/fr\/wp-json\/wp\/v2\/product"}],"about":[{"href":"https:\/\/cormac.eu\/fr\/wp-json\/wp\/v2\/types\/product"}],"replies":[{"embeddable":true,"href":"https:\/\/cormac.eu\/fr\/wp-json\/wp\/v2\/comments?post=2847"}],"wp:featuredmedia":[{"embeddable":true,"href":"https:\/\/cormac.eu\/fr\/wp-json\/wp\/v2\/media\/2845"}],"wp:attachment":[{"href":"https:\/\/cormac.eu\/fr\/wp-json\/wp\/v2\/media?parent=2847"}],"wp:term":[{"taxonomy":"product_brand","embeddable":true,"href":"https:\/\/cormac.eu\/fr\/wp-json\/wp\/v2\/product_brand?post=2847"},{"taxonomy":"product_cat","embeddable":true,"href":"https:\/\/cormac.eu\/fr\/wp-json\/wp\/v2\/product_cat?post=2847"},{"taxonomy":"product_tag","embeddable":true,"href":"https:\/\/cormac.eu\/fr\/wp-json\/wp\/v2\/product_tag?post=2847"}],"curies":[{"name":"wp","href":"https:\/\/api.w.org\/{rel}","templated":true}]}}