{"id":2793,"date":"2022-04-22T11:37:24","date_gmt":"2022-04-22T09:37:24","guid":{"rendered":"https:\/\/cormac.eu\/?post_type=product&#038;p=2793"},"modified":"2022-05-30T16:29:02","modified_gmt":"2022-05-30T14:29:02","slug":"melangeur-en-continu-2","status":"publish","type":"product","link":"https:\/\/cormac.eu\/fr\/product\/continuous-blender\/","title":{"rendered":"M\u00e9langeur en continu"},"content":{"rendered":"<p>La nouvelle machine de m\u00e9lange Trefa permet de m\u00e9langer plusieurs ingr\u00e9dients en ligne et en continu. La caract\u00e9ristique unique de cette machine est que le m\u00e9lange se fait avec un minimum de cisaillement et sans risque de blocage ou d'endommagement des ingr\u00e9dients ou de la structure d\u00e9licate des cellules de la mousse. Si elle est connect\u00e9e apr\u00e8s une machine de moussage continu Trefa, cette mousse peut \u00eatre m\u00e9lang\u00e9e en continu avec une autre mousse ou avec des particules solides de diff\u00e9rentes tailles comme des morceaux de fruits (secs), du chocolat, des noix, des raisins secs, etc. Dans la t\u00eate de m\u00e9lange sp\u00e9cialement con\u00e7ue, les ingr\u00e9dients sont soigneusement m\u00e9lang\u00e9s sans risque d'endommager les ingr\u00e9dients ou la structure d\u00e9licate de la mousse, ce qui permet d'obtenir un produit final tr\u00e8s stable et homog\u00e8ne. Au cours de ce processus, la t\u00eate de m\u00e9lange peut \u00eatre refroidie ou chauff\u00e9e si n\u00e9cessaire. Cette machine peut \u00eatre \u00e9quip\u00e9e d'une unit\u00e9 d'injection pour l'injection d'ar\u00f4mes et\/ou de colorants. Bien entendu, cette machine est con\u00e7ue et fabriqu\u00e9e dans un souci d'hygi\u00e8ne, c'est pourquoi elle est enti\u00e8rement fabriqu\u00e9e en acier inoxydable et peut \u00eatre nettoy\u00e9e en ligne ou connect\u00e9e \u00e0 un syst\u00e8me de nettoyage en place (CIP).<\/p>\n<p>&nbsp;<\/p>\n<p><img fetchpriority=\"high\" decoding=\"async\" class=\"alignnone size-medium wp-image-2796\" src=\"https:\/\/cormac.eu\/wp-content\/uploads\/2022\/04\/mixing-ingredients-into-batter-300x217.jpg\" alt=\"\" width=\"300\" height=\"217\" srcset=\"https:\/\/cormac.eu\/wp-content\/uploads\/2022\/04\/mixing-ingredients-into-batter-300x217.jpg 300w, https:\/\/cormac.eu\/wp-content\/uploads\/2022\/04\/mixing-ingredients-into-batter.jpg 406w\" sizes=\"(max-width: 300px) 100vw, 300px\" \/><\/p>\n<p>&nbsp;<\/p>\n<table style=\"height: 351px;\" width=\"587\">\n<tbody>\n<tr>\n<td width=\"197\">\u00a0<strong>Caract\u00e9ristiques<\/strong><\/td>\n<td width=\"197\">\u00a0<strong>Avantages<\/strong><\/td>\n<\/tr>\n<tr>\n<td>T\u00eate de m\u00e9lange de conception sp\u00e9ciale<\/td>\n<td>\n<ul>\n<li>faible cisaillement<\/li>\n<li>pas d'endommagement des structures d\u00e9licates de la mousse<\/li>\n<li>aucun dommage aux ingr\u00e9dients<\/li>\n<\/ul>\n<\/td>\n<\/tr>\n<tr>\n<td>Ex\u00e9cution en acier inoxydable<\/td>\n<td>\n<ul>\n<li>l'hygi\u00e8ne<\/li>\n<li>facile \u00e0 nettoyer<\/li>\n<\/ul>\n<\/td>\n<\/tr>\n<tr>\n<td>T\u00eate de m\u00e9lange \u00e0 double enveloppe<\/td>\n<td>\n<ul>\n<li>contr\u00f4le de la temp\u00e9rature<\/li>\n<\/ul>\n<\/td>\n<\/tr>\n<\/tbody>\n<\/table>\n<p>&nbsp;<\/p>","protected":false},"excerpt":{"rendered":"<p>Machine pour m\u00e9langer des mousses (a\u00e9r\u00e9es) avec d'autres masses ou ingr\u00e9dients tels que des particules de fruits, des noix, des p\u00e9pites de chocolat, des raisins secs, etc. Capacit\u00e9 de 25 kg\/h \u00e0 7.500 kg\/h.<\/p>","protected":false},"featured_media":2794,"comment_status":"open","ping_status":"closed","template":"","meta":{"uix_meta_title":"","uix_meta_description":"","uix_canonical_url":""},"product_brand":[],"product_cat":[104],"product_tag":[],"class_list":{"0":"post-2793","1":"product","2":"type-product","3":"status-publish","4":"has-post-thumbnail","6":"product_cat-processing","8":"first","9":"instock","10":"shipping-taxable","11":"product-type-simple"},"_links":{"self":[{"href":"https:\/\/cormac.eu\/fr\/wp-json\/wp\/v2\/product\/2793","targetHints":{"allow":["GET"]}}],"collection":[{"href":"https:\/\/cormac.eu\/fr\/wp-json\/wp\/v2\/product"}],"about":[{"href":"https:\/\/cormac.eu\/fr\/wp-json\/wp\/v2\/types\/product"}],"replies":[{"embeddable":true,"href":"https:\/\/cormac.eu\/fr\/wp-json\/wp\/v2\/comments?post=2793"}],"wp:featuredmedia":[{"embeddable":true,"href":"https:\/\/cormac.eu\/fr\/wp-json\/wp\/v2\/media\/2794"}],"wp:attachment":[{"href":"https:\/\/cormac.eu\/fr\/wp-json\/wp\/v2\/media?parent=2793"}],"wp:term":[{"taxonomy":"product_brand","embeddable":true,"href":"https:\/\/cormac.eu\/fr\/wp-json\/wp\/v2\/product_brand?post=2793"},{"taxonomy":"product_cat","embeddable":true,"href":"https:\/\/cormac.eu\/fr\/wp-json\/wp\/v2\/product_cat?post=2793"},{"taxonomy":"product_tag","embeddable":true,"href":"https:\/\/cormac.eu\/fr\/wp-json\/wp\/v2\/product_tag?post=2793"}],"curies":[{"name":"wp","href":"https:\/\/api.w.org\/{rel}","templated":true}]}}