{"id":2790,"date":"2022-04-22T11:31:49","date_gmt":"2022-04-22T09:31:49","guid":{"rendered":"https:\/\/cormac.eu\/?post_type=product&#038;p=2790"},"modified":"2022-06-07T18:35:43","modified_gmt":"2022-06-07T16:35:43","slug":"reservoir-tampon","status":"publish","type":"product","link":"https:\/\/cormac.eu\/fr\/product\/buffer-tank\/","title":{"rendered":"R\u00e9servoir tampon"},"content":{"rendered":"<p>R\u00e9servoir tampon faisant partie d'une ligne de production, pouvant \u00eatre ex\u00e9cut\u00e9 \u00e0 simple ou double paroi, isol\u00e9, avec ou sans agitateur, avec d\u00e9charge pour les produits \u00e0 faible ou haute viscosit\u00e9. En option, une pompe appropri\u00e9e peut \u00eatre fournie avec le r\u00e9servoir tampon. Bien entendu, il est possible de pr\u00e9parer le r\u00e9servoir pour un nettoyage manuel ou pour une connexion \u00e0 un syst\u00e8me CIP.<\/p>\n<p>&nbsp;<\/p>\n<table style=\"height: 269px\" width=\"509\">\n<tbody>\n<tr>\n<td width=\"143\">\n<p style=\"text-align: center\">\u00a0<strong>Caract\u00e9ristiques<\/strong><\/p>\n<\/td>\n<td width=\"143\">\n<p style=\"text-align: center\">\u00a0<strong>Avantages<\/strong><\/p>\n<\/td>\n<\/tr>\n<tr>\n<td>Ex\u00e9cution en acier inoxydable<\/td>\n<td>\n<ul>\n<li>Hygi\u00e9nique<\/li>\n<li>Facile \u00e0 nettoyer<\/li>\n<\/ul>\n<\/td>\n<\/tr>\n<tr>\n<td>Construction robuste<\/td>\n<td>\n<ul>\n<li>Longue dur\u00e9e de vie<\/li>\n<li>fonctionnement intensif<\/li>\n<\/ul>\n<\/td>\n<\/tr>\n<\/tbody>\n<\/table>","protected":false},"excerpt":{"rendered":"<p>R\u00e9servoir tampon pour l'int\u00e9gration dans le processus de production.<\/p>","protected":false},"featured_media":2791,"comment_status":"open","ping_status":"closed","template":"","meta":{"uix_meta_title":"","uix_meta_description":"","uix_canonical_url":""},"product_brand":[],"product_cat":[104],"product_tag":[],"class_list":{"0":"post-2790","1":"product","2":"type-product","3":"status-publish","4":"has-post-thumbnail","6":"product_cat-processing","8":"first","9":"instock","10":"shipping-taxable","11":"product-type-simple"},"_links":{"self":[{"href":"https:\/\/cormac.eu\/fr\/wp-json\/wp\/v2\/product\/2790","targetHints":{"allow":["GET"]}}],"collection":[{"href":"https:\/\/cormac.eu\/fr\/wp-json\/wp\/v2\/product"}],"about":[{"href":"https:\/\/cormac.eu\/fr\/wp-json\/wp\/v2\/types\/product"}],"replies":[{"embeddable":true,"href":"https:\/\/cormac.eu\/fr\/wp-json\/wp\/v2\/comments?post=2790"}],"wp:featuredmedia":[{"embeddable":true,"href":"https:\/\/cormac.eu\/fr\/wp-json\/wp\/v2\/media\/2791"}],"wp:attachment":[{"href":"https:\/\/cormac.eu\/fr\/wp-json\/wp\/v2\/media?parent=2790"}],"wp:term":[{"taxonomy":"product_brand","embeddable":true,"href":"https:\/\/cormac.eu\/fr\/wp-json\/wp\/v2\/product_brand?post=2790"},{"taxonomy":"product_cat","embeddable":true,"href":"https:\/\/cormac.eu\/fr\/wp-json\/wp\/v2\/product_cat?post=2790"},{"taxonomy":"product_tag","embeddable":true,"href":"https:\/\/cormac.eu\/fr\/wp-json\/wp\/v2\/product_tag?post=2790"}],"curies":[{"name":"wp","href":"https:\/\/api.w.org\/{rel}","templated":true}]}}