{"id":2740,"date":"2022-04-21T21:48:27","date_gmt":"2022-04-21T19:48:27","guid":{"rendered":"https:\/\/cormac.eu\/?post_type=product&#038;p=2740"},"modified":"2022-04-21T22:36:58","modified_gmt":"2022-04-21T20:36:58","slug":"machine-demballage-type-rz","status":"publish","type":"product","link":"https:\/\/cormac.eu\/fr\/product\/wrapping-machine-type-rz\/","title":{"rendered":"Machine d'emballage RZ"},"content":{"rendered":"<p>Machine d'emballage pour articles en chocolat moul\u00e9s ou enrob\u00e9s de petite taille avec un fond plat dans le pliage inf\u00e9rieur, tels que les pralines, les produits ronds comme par exemple les boules Mozart, les chocolats ovales, les produits rectangulaires, les chocolats carr\u00e9s.  La machine d'emballage Rasch RZ peut \u00eatre ex\u00e9cut\u00e9e avec un pliage \u00e0 l'emporte-pi\u00e8ce ou un emballage d'enveloppe, soit avec une matrice \u00e0 brosses, soit avec une bo\u00eete \u00e0 pliage haut. Diff\u00e9rents syst\u00e8mes d'alimentation sont disponibles. Cette machine peut fonctionner seule ou en ligne. Au fil des ans, cette machine a \u00e9galement \u00e9t\u00e9 utilis\u00e9e - dans le cadre d'une ex\u00e9cution sp\u00e9ciale - pour des articles non alimentaires tels que des articles en caoutchouc, afin de les envelopper dans un emballage thermoscell\u00e9 inviolable avec une bande de d\u00e9chirement. Poids approximatif 1300 kg ; Puissance 1,5 kVA ;<\/p>\n<p>Mode d'emballage : pliage par le bas, emballage en botte, thermoscellage<\/p>\n<p><img decoding=\"async\" class=\"alignnone wp-image-2700\" src=\"https:\/\/cormac.eu\/wp-content\/uploads\/2022\/04\/sample-4.jpg\" alt=\"\" width=\"135\" height=\"98\" \/><img decoding=\"async\" class=\"alignnone wp-image-2701\" src=\"https:\/\/cormac.eu\/wp-content\/uploads\/2022\/04\/sample-5.jpg\" alt=\"\" width=\"85\" height=\"107\" \/><img decoding=\"async\" class=\"alignnone size-full wp-image-2728\" src=\"https:\/\/cormac.eu\/wp-content\/uploads\/2022\/04\/style-Knipsel.jpg\" alt=\"\" width=\"148\" height=\"104\" \/><\/p>\n<p>Capacit\u00e9 : jusqu'\u00e0 200 pi\u00e8ces par minute (type RZ) ou 230 pi\u00e8ces par minute (type RZ II) en fonction des caract\u00e9ristiques du produit et de la m\u00e9thode d'alimentation.<\/p>\n<table>\n<tbody>\n<tr>\n<td width=\"293\">\n<p style=\"text-align: center\"><strong>Caract\u00e9ristiques (certaines en option)<\/strong><\/p>\n<\/td>\n<td width=\"293\">\n<p style=\"text-align: center\"><strong>Avantages<\/strong><\/p>\n<\/td>\n<\/tr>\n<tr>\n<td width=\"293\">T\u00eate de contr\u00f4le du registre<\/td>\n<td width=\"293\">\n<ul>\n<li>Contr\u00f4le total de toutes les fonctions de la machine<\/li>\n<\/ul>\n<\/td>\n<\/tr>\n<tr>\n<td width=\"293\">Bo\u00eete de vitesses ferm\u00e9e avec syst\u00e8me de lubrification centralis\u00e9 et filtrage constant de l'huile<\/td>\n<td width=\"293\">\n<ul>\n<li>Pr\u00e9vention de la contamination de l'huile, faible entretien<\/li>\n<\/ul>\n<\/td>\n<\/tr>\n<tr>\n<td width=\"293\">R\u00e9gulation de la vitesse en continu avec convertisseur de fr\u00e9quence<\/td>\n<td width=\"293\">\n<ul>\n<li>Un contr\u00f4le parfait de la vitesse<\/li>\n<\/ul>\n<\/td>\n<\/tr>\n<tr>\n<td width=\"293\">Transport de sortie<\/td>\n<td width=\"293\">\n<ul>\n<li>D\u00e9chargement contr\u00f4l\u00e9 des produits<\/li>\n<\/ul>\n<\/td>\n<\/tr>\n<tr>\n<td width=\"293\">Tapis d'alimentation et syst\u00e8mes d'alimentation automatique<\/td>\n<td width=\"293\">\n<ul>\n<li>Efficacit\u00e9 accrue<\/li>\n<\/ul>\n<\/td>\n<\/tr>\n<tr>\n<td width=\"293\">Contr\u00f4le des taches de photo-cellules<\/td>\n<td width=\"293\">\n<ul>\n<li>Contr\u00f4le du positionnement de l'impression<\/li>\n<\/ul>\n<\/td>\n<\/tr>\n<tr>\n<td width=\"293\">Compteur de pi\u00e8ces et de tact<\/td>\n<td width=\"293\">\n<ul>\n<li>Mesure pr\u00e9cise du produit<\/li>\n<\/ul>\n<\/td>\n<\/tr>\n<tr>\n<td width=\"293\">Pi\u00e8ces de format, pi\u00e8ces d'entr\u00e9e, de pliage et d'\u00e9vacuation facilement accessibles<\/td>\n<td width=\"293\">\n<ul>\n<li>Changement rapide<\/li>\n<li>Entretien facile<\/li>\n<\/ul>\n<\/td>\n<\/tr>\n<tr>\n<td width=\"293\">Arr\u00eat automatique de l'alimentation en feuilles<\/td>\n<td width=\"293\">\n<ul>\n<li>Pas de produit - pas d'emballage<\/li>\n<li>Pr\u00e9venir les bourrages de film<\/li>\n<\/ul>\n<\/td>\n<\/tr>\n<tr>\n<td width=\"293\">Deuxi\u00e8me dispositif de d\u00e9roulement de la feuille<\/td>\n<td width=\"293\">\n<ul>\n<li>Application d'un mat\u00e9riau d'emballage int\u00e9rieur et ext\u00e9rieur<\/li>\n<\/ul>\n<\/td>\n<\/tr>\n<tr>\n<td width=\"293\">Unit\u00e9 d'\u00e9pissage<\/td>\n<td width=\"293\">\n<ul>\n<li>Changement automatique des bobines pour une plus grande efficacit\u00e9<\/li>\n<\/ul>\n<\/td>\n<\/tr>\n<tr>\n<td width=\"293\">Dispositif d'\u00e9tiquetage<\/td>\n<td width=\"293\">\n<ul>\n<li>Informations plus d\u00e9taill\u00e9es sur les produits<\/li>\n<\/ul>\n<\/td>\n<\/tr>\n<tr>\n<td width=\"293\">Armoire de commande avec SPS<\/td>\n<td width=\"293\">\n<ul>\n<li>Excellente commande centrale de la machine<\/li>\n<\/ul>\n<\/td>\n<\/tr>\n<\/tbody>\n<\/table>\n<p>&nbsp;<\/p>\n<table>\n<tbody>\n<tr>\n<td colspan=\"4\" width=\"585\">\n<p style=\"text-align: center\">Dimensions du produit<\/p>\n<\/td>\n<\/tr>\n<tr>\n<td width=\"146\">\n<p style=\"text-align: center\">Longueur<\/p>\n<\/td>\n<td style=\"text-align: center\" width=\"146\">Largeur<\/td>\n<td style=\"text-align: center\" width=\"146\">Hauteur<\/td>\n<td style=\"text-align: center\" width=\"146\">Diam\u00e8tre<\/td>\n<\/tr>\n<tr>\n<td style=\"text-align: center\" width=\"146\">20- 55 mm<\/td>\n<td style=\"text-align: center\" width=\"146\">15 - 35 mm<\/td>\n<td style=\"text-align: center\" width=\"146\">5 - 30 mm<\/td>\n<td width=\"146\">\n<p style=\"text-align: center\">20 - 40 mm<\/p>\n<\/td>\n<\/tr>\n<\/tbody>\n<\/table>\n<table>\n<tbody>\n<tr>\n<td colspan=\"4\" width=\"585\">\n<p style=\"text-align: center\">Dimensions du mat\u00e9riel d'emballage<\/p>\n<\/td>\n<\/tr>\n<tr>\n<td width=\"146\">\n<p style=\"text-align: center\">Largeur<\/p>\n<\/td>\n<td style=\"text-align: center\" width=\"146\">Longueur de coupe<\/td>\n<td style=\"text-align: center\" width=\"146\">Enrouleur \u00d8<\/td>\n<td style=\"text-align: center\" width=\"146\">Noyau \u00d8<\/td>\n<\/tr>\n<tr>\n<td style=\"text-align: center\" width=\"146\">40-120 mm<\/td>\n<td style=\"text-align: center\" width=\"146\">40-120 mm<\/td>\n<td style=\"text-align: center\" width=\"146\">250 mm<\/td>\n<td width=\"146\">\n<p style=\"text-align: center\">35-78 mm<\/p>\n<\/td>\n<\/tr>\n<\/tbody>\n<\/table>","protected":false},"excerpt":{"rendered":"<p>Enveloppeuse pour articles en chocolat moul\u00e9s ou enrob\u00e9s de petite taille \u00e0 fond plat<\/p>","protected":false},"featured_media":2737,"comment_status":"open","ping_status":"closed","template":"","meta":{"uix_meta_title":"","uix_meta_description":"","uix_canonical_url":""},"product_brand":[],"product_cat":[105],"product_tag":[],"class_list":{"0":"post-2740","1":"product","2":"type-product","3":"status-publish","4":"has-post-thumbnail","6":"product_cat-packaging","8":"first","9":"instock","10":"shipping-taxable","11":"product-type-simple"},"_links":{"self":[{"href":"https:\/\/cormac.eu\/fr\/wp-json\/wp\/v2\/product\/2740","targetHints":{"allow":["GET"]}}],"collection":[{"href":"https:\/\/cormac.eu\/fr\/wp-json\/wp\/v2\/product"}],"about":[{"href":"https:\/\/cormac.eu\/fr\/wp-json\/wp\/v2\/types\/product"}],"replies":[{"embeddable":true,"href":"https:\/\/cormac.eu\/fr\/wp-json\/wp\/v2\/comments?post=2740"}],"wp:featuredmedia":[{"embeddable":true,"href":"https:\/\/cormac.eu\/fr\/wp-json\/wp\/v2\/media\/2737"}],"wp:attachment":[{"href":"https:\/\/cormac.eu\/fr\/wp-json\/wp\/v2\/media?parent=2740"}],"wp:term":[{"taxonomy":"product_brand","embeddable":true,"href":"https:\/\/cormac.eu\/fr\/wp-json\/wp\/v2\/product_brand?post=2740"},{"taxonomy":"product_cat","embeddable":true,"href":"https:\/\/cormac.eu\/fr\/wp-json\/wp\/v2\/product_cat?post=2740"},{"taxonomy":"product_tag","embeddable":true,"href":"https:\/\/cormac.eu\/fr\/wp-json\/wp\/v2\/product_tag?post=2740"}],"curies":[{"name":"wp","href":"https:\/\/api.w.org\/{rel}","templated":true}]}}