{"id":2736,"date":"2022-04-21T21:04:04","date_gmt":"2022-04-21T19:04:04","guid":{"rendered":"https:\/\/cormac.eu\/?post_type=product&#038;p=2736"},"modified":"2022-04-21T21:16:11","modified_gmt":"2022-04-21T19:16:11","slug":"machine-demballage-universelle-en-marche-2","status":"publish","type":"product","link":"https:\/\/cormac.eu\/fr\/product\/run-universal-wrapping-machine\/","title":{"rendered":"Enveloppeuse universelle RUN"},"content":{"rendered":"<p><strong>Description : <\/strong>Enveloppeuse universelle pour divers produits, tels que les produits \u00e0 fond plat, les \u0153ufs, les boules, les barils et les figures creuses dans divers styles d'emballage. Cette machine est un d\u00e9veloppement ult\u00e9rieur des machines RU \u00e9prouv\u00e9es, \u00e0 la diff\u00e9rence que ses composants sont regroup\u00e9s en modules, que la vitesse est plus \u00e9lev\u00e9e et que, pour cette derni\u00e8re raison, cette machine est g\u00e9n\u00e9ralement livr\u00e9e avec un syst\u00e8me d'alimentation automatique. Poids approx. 1700 kg ; Puissance 3kVA.<\/p>\n<p><strong>\u00a0<\/strong><strong>Style d'emballage<\/strong>Les produits de cette cat\u00e9gorie sont les suivants : emballage en botte, double torsion, fixation par ficelle ; fixation par collage au pied, \u00e9tiquetage, thermoscellage, pliage avant, pliage arri\u00e8re, couture de pliage inf\u00e9rieure, film plastique, ficelle torsad\u00e9e, ficelle avec ruban adh\u00e9sif.<\/p>\n<p><strong>Plage de capacit\u00e9 :<\/strong> jusqu'\u00e0 150 ppm , en fonction de la forme et de la r\u00e9gularit\u00e9<\/p>\n<p><img decoding=\"async\" class=\"alignnone size-medium wp-image-2732\" src=\"https:\/\/cormac.eu\/wp-content\/uploads\/2022\/04\/Products-Knipsel-300x157.jpg\" alt=\"\" width=\"300\" height=\"157\" srcset=\"https:\/\/cormac.eu\/wp-content\/uploads\/2022\/04\/Products-Knipsel-300x157.jpg 300w, https:\/\/cormac.eu\/wp-content\/uploads\/2022\/04\/Products-Knipsel.jpg 414w\" sizes=\"(max-width: 300px) 100vw, 300px\" \/><\/p>\n<p>&nbsp;<\/p>\n<table>\n<tbody>\n<tr>\n<td width=\"293\"><strong>Caract\u00e9ristiques (certaines en option)<\/strong><\/td>\n<td width=\"293\"><strong>Avantages<\/strong><\/td>\n<\/tr>\n<tr>\n<td width=\"293\">T\u00eate de contr\u00f4le du registre<\/td>\n<td width=\"293\">\n<ul>\n<li>Contr\u00f4le total des fonctions de la machine<\/li>\n<\/ul>\n<\/td>\n<\/tr>\n<tr>\n<td width=\"293\">Bo\u00eete de vitesses ferm\u00e9e avec syst\u00e8me de lubrification centralis\u00e9 et filtrage constant de l'huile<\/td>\n<td width=\"293\">\n<ul>\n<li>Pr\u00e9vention de la contamination de l'huile<\/li>\n<li>peu d'entretien<\/li>\n<\/ul>\n<\/td>\n<\/tr>\n<tr>\n<td width=\"293\">R\u00e9gulation de la vitesse en continu avec convertisseur de fr\u00e9quence<\/td>\n<td width=\"293\">\n<ul>\n<li>Un contr\u00f4le parfait de la vitesse<\/li>\n<\/ul>\n<\/td>\n<\/tr>\n<tr>\n<td width=\"293\">Transport de sortie<\/td>\n<td width=\"293\">\n<ul>\n<li>D\u00e9chargement contr\u00f4l\u00e9 des produits<\/li>\n<\/ul>\n<\/td>\n<\/tr>\n<tr>\n<td width=\"293\">Tapis d'alimentation et syst\u00e8mes d'alimentation automatique<\/td>\n<td width=\"293\">\n<ul>\n<li>Efficacit\u00e9 accrue<\/li>\n<\/ul>\n<\/td>\n<\/tr>\n<tr>\n<td width=\"293\">Contr\u00f4le des taches de photo-cellules<\/td>\n<td width=\"293\">\n<ul>\n<li>Contr\u00f4le du positionnement de l'impression<\/li>\n<\/ul>\n<\/td>\n<\/tr>\n<tr>\n<td width=\"293\">Compteur de pi\u00e8ces et de tact<\/td>\n<td width=\"293\">\n<ul>\n<li>Mesure pr\u00e9cise de la sortie<\/li>\n<\/ul>\n<\/td>\n<\/tr>\n<tr>\n<td width=\"293\">Pi\u00e8ces de format, pi\u00e8ces d'entr\u00e9e, de pliage et d'\u00e9vacuation facilement accessibles<\/td>\n<td width=\"293\">\n<ul>\n<li>Changement rapide<\/li>\n<li>Entretien facile<\/li>\n<\/ul>\n<\/td>\n<\/tr>\n<tr>\n<td width=\"293\">Arr\u00eat automatique de l'alimentation en feuilles<\/td>\n<td width=\"293\">\n<ul>\n<li>Pas de produit - pas d'emballage<\/li>\n<li>Pr\u00e9venir les bourrages de film<\/li>\n<\/ul>\n<\/td>\n<\/tr>\n<tr>\n<td width=\"293\">Deuxi\u00e8me dispositif de d\u00e9roulement de la feuille<\/td>\n<td width=\"293\">\n<ul>\n<li>Application d'un mat\u00e9riau d'emballage int\u00e9rieur et ext\u00e9rieur<\/li>\n<\/ul>\n<\/td>\n<\/tr>\n<tr>\n<td width=\"293\">Unit\u00e9 d'\u00e9pissage<\/td>\n<td width=\"293\">\n<ul>\n<li>Changement automatique des bobines pour une plus grande efficacit\u00e9<\/li>\n<\/ul>\n<\/td>\n<\/tr>\n<tr>\n<td width=\"293\">Armoire de commande avec SPS<\/td>\n<td width=\"293\">\n<ul>\n<li>Excellente commande centrale de la machine<\/li>\n<\/ul>\n<\/td>\n<\/tr>\n<\/tbody>\n<\/table>\n<p>&nbsp;<\/p>\n<table>\n<tbody>\n<tr>\n<td colspan=\"4\" width=\"585\">\n<p style=\"text-align: center\"><strong>Dimensions du mat\u00e9riau d'emballage<\/strong><\/p>\n<\/td>\n<\/tr>\n<tr>\n<td width=\"146\">\n<p style=\"text-align: center\">Largeur<\/p>\n<\/td>\n<td style=\"text-align: center\" width=\"146\">Longueur de coupe<\/td>\n<td style=\"text-align: center\" width=\"146\">Enrouleur \u00d8<\/td>\n<td style=\"text-align: center\" width=\"146\">Noyau \u00d8<\/td>\n<\/tr>\n<tr>\n<td style=\"text-align: center\" width=\"146\">40 - 100 mm<\/td>\n<td style=\"text-align: center\" width=\"146\">40 - 100 mm<\/td>\n<td style=\"text-align: center\" width=\"146\">250 mm<\/td>\n<td width=\"146\">\n<p style=\"text-align: center\">35 - 78 mm<\/p>\n<\/td>\n<\/tr>\n<\/tbody>\n<\/table>\n<p>&nbsp;<\/p>","protected":false},"excerpt":{"rendered":"<p>Enveloppeuse universelle pour une large gamme de produits chocolat\u00e9s et certains produits de boulangerie<\/p>","protected":false},"featured_media":2735,"comment_status":"open","ping_status":"closed","template":"","meta":{"uix_meta_title":"","uix_meta_description":"","uix_canonical_url":""},"product_brand":[],"product_cat":[105],"product_tag":[],"class_list":{"0":"post-2736","1":"product","2":"type-product","3":"status-publish","4":"has-post-thumbnail","6":"product_cat-packaging","8":"first","9":"instock","10":"shipping-taxable","11":"product-type-simple"},"_links":{"self":[{"href":"https:\/\/cormac.eu\/fr\/wp-json\/wp\/v2\/product\/2736","targetHints":{"allow":["GET"]}}],"collection":[{"href":"https:\/\/cormac.eu\/fr\/wp-json\/wp\/v2\/product"}],"about":[{"href":"https:\/\/cormac.eu\/fr\/wp-json\/wp\/v2\/types\/product"}],"replies":[{"embeddable":true,"href":"https:\/\/cormac.eu\/fr\/wp-json\/wp\/v2\/comments?post=2736"}],"wp:featuredmedia":[{"embeddable":true,"href":"https:\/\/cormac.eu\/fr\/wp-json\/wp\/v2\/media\/2735"}],"wp:attachment":[{"href":"https:\/\/cormac.eu\/fr\/wp-json\/wp\/v2\/media?parent=2736"}],"wp:term":[{"taxonomy":"product_brand","embeddable":true,"href":"https:\/\/cormac.eu\/fr\/wp-json\/wp\/v2\/product_brand?post=2736"},{"taxonomy":"product_cat","embeddable":true,"href":"https:\/\/cormac.eu\/fr\/wp-json\/wp\/v2\/product_cat?post=2736"},{"taxonomy":"product_tag","embeddable":true,"href":"https:\/\/cormac.eu\/fr\/wp-json\/wp\/v2\/product_tag?post=2736"}],"curies":[{"name":"wp","href":"https:\/\/api.w.org\/{rel}","templated":true}]}}