{"id":2731,"date":"2022-04-21T19:31:59","date_gmt":"2022-04-21T17:31:59","guid":{"rendered":"https:\/\/cormac.eu\/?post_type=product&#038;p=2731"},"modified":"2022-04-21T22:37:42","modified_gmt":"2022-04-21T20:37:42","slug":"emballage-de-sucette-au-chocolat-rl","status":"publish","type":"product","link":"https:\/\/cormac.eu\/fr\/product\/rl-chocolate-lolly-wrapper\/","title":{"rendered":"Emballage de sucette au chocolat RL"},"content":{"rendered":"<p>Machine d'emballage \u00e0 haut rendement pour emballer les sucettes au chocolat \u00e0 fond plat. Aucun clip de scellage n'est n\u00e9cessaire ! Les sucettes sont pouss\u00e9es dans un sac transparent form\u00e9 par la machine RL et scell\u00e9 autour du b\u00e2tonnet;Mat\u00e9riau d'emballage : feuille thermosoudable double face ; Plage de capacit\u00e9 : Jusqu'\u00e0 100 pi\u00e8ces par minute ; poids de la machine environ 1300 KG ; puissance 4,5 kVA ;<br \/>\nMode d'emballage : emballage en sucette + thermoscellage<\/p>\n<p><img decoding=\"async\" class=\"alignnone wp-image-2730\" src=\"https:\/\/cormac.eu\/wp-content\/uploads\/2022\/04\/wrap-style-Knipsel.jpg\" alt=\"\" width=\"73\" height=\"164\" \/><\/p>\n<table>\n<tbody>\n<tr>\n<td colspan=\"4\" width=\"585\">\n<p style=\"text-align: center\"><strong>Dimensions du produit<\/strong><\/p>\n<\/td>\n<\/tr>\n<tr>\n<td width=\"146\">\n<p style=\"text-align: center\">Hauteur<\/p>\n<\/td>\n<td style=\"text-align: center\" width=\"146\">Longueur, b\u00e2ton compris<\/td>\n<td style=\"text-align: center\" width=\"146\">Longueur sans b\u00e2ton<\/td>\n<td style=\"text-align: center\" width=\"146\">Largeur<\/td>\n<\/tr>\n<tr>\n<td style=\"text-align: center\" width=\"146\">15 mm<\/td>\n<td style=\"text-align: center\" width=\"146\">160 mm<\/td>\n<td style=\"text-align: center\" width=\"146\">65 mm<\/td>\n<td width=\"146\">\n<p style=\"text-align: center\">45 mm<\/p>\n<\/td>\n<\/tr>\n<\/tbody>\n<\/table>\n<p>&nbsp;<\/p>\n<table style=\"height: 641px\" width=\"610\">\n<tbody>\n<tr>\n<td width=\"366\">\n<p style=\"text-align: center\"><strong>Caract\u00e9ristiques<\/strong><\/p>\n<\/td>\n<td width=\"219\">\n<p style=\"text-align: center\"><strong>Avantages<\/strong><\/p>\n<\/td>\n<\/tr>\n<tr>\n<td width=\"366\">Alimentation manuelle de la cha\u00eene en continu<\/td>\n<td width=\"219\">\n<ul>\n<li>Alimentation \u00e0 grande vitesse<\/li>\n<\/ul>\n<p>&nbsp;<\/td>\n<\/tr>\n<tr>\n<td width=\"366\">T\u00eate de contr\u00f4le du registre<\/td>\n<td width=\"219\">\n<ul>\n<li>Contr\u00f4le de l'impression<\/li>\n<\/ul>\n<\/td>\n<\/tr>\n<tr>\n<td width=\"366\">Bo\u00eete de vitesses ferm\u00e9e avec syst\u00e8me de lubrification centralis\u00e9<\/td>\n<td width=\"219\">\n<ul>\n<li>Peu d'entretien<\/li>\n<\/ul>\n<\/td>\n<\/tr>\n<tr>\n<td width=\"366\">R\u00e9gulation de la vitesse en continu avec convertisseur de fr\u00e9quence<\/td>\n<td width=\"219\">\n<ul>\n<li>Un contr\u00f4le parfait de la vitesse<\/li>\n<\/ul>\n<p>&nbsp;<\/td>\n<\/tr>\n<tr>\n<td width=\"366\">Arr\u00eat automatique de l'alimentation en feuilles<\/td>\n<td width=\"219\">\n<ul>\n<li>Pas de produit - pas d'emballage<\/li>\n<li>\u00e9viter les bourrages de film<\/li>\n<\/ul>\n<\/td>\n<\/tr>\n<tr>\n<td width=\"366\">Unit\u00e9 d'\u00e9pissage<\/td>\n<td width=\"219\">\n<ul>\n<li>Efficacit\u00e9 accrue<\/li>\n<\/ul>\n<\/td>\n<\/tr>\n<tr>\n<td width=\"366\">Armoire de commande avec SPS<\/td>\n<td width=\"219\">\n<ul>\n<li>Excellente ma\u00eetrise de la machine<\/li>\n<\/ul>\n<\/td>\n<\/tr>\n<tr>\n<td width=\"366\">Compteur de produits et de cycles<\/td>\n<td width=\"219\">\n<ul>\n<li>Contr\u00f4le de la sortie<\/li>\n<\/ul>\n<\/td>\n<\/tr>\n<\/tbody>\n<\/table>","protected":false},"excerpt":{"rendered":"<p>Machine d'emballage \u00e0 haut rendement pour emballer les sucettes au chocolat \u00e0 fond plat.<\/p>","protected":false},"featured_media":2729,"comment_status":"open","ping_status":"closed","template":"","meta":{"uix_meta_title":"","uix_meta_description":"","uix_canonical_url":""},"product_brand":[],"product_cat":[105],"product_tag":[],"class_list":{"0":"post-2731","1":"product","2":"type-product","3":"status-publish","4":"has-post-thumbnail","6":"product_cat-packaging","8":"first","9":"instock","10":"shipping-taxable","11":"product-type-simple"},"_links":{"self":[{"href":"https:\/\/cormac.eu\/fr\/wp-json\/wp\/v2\/product\/2731","targetHints":{"allow":["GET"]}}],"collection":[{"href":"https:\/\/cormac.eu\/fr\/wp-json\/wp\/v2\/product"}],"about":[{"href":"https:\/\/cormac.eu\/fr\/wp-json\/wp\/v2\/types\/product"}],"replies":[{"embeddable":true,"href":"https:\/\/cormac.eu\/fr\/wp-json\/wp\/v2\/comments?post=2731"}],"wp:featuredmedia":[{"embeddable":true,"href":"https:\/\/cormac.eu\/fr\/wp-json\/wp\/v2\/media\/2729"}],"wp:attachment":[{"href":"https:\/\/cormac.eu\/fr\/wp-json\/wp\/v2\/media?parent=2731"}],"wp:term":[{"taxonomy":"product_brand","embeddable":true,"href":"https:\/\/cormac.eu\/fr\/wp-json\/wp\/v2\/product_brand?post=2731"},{"taxonomy":"product_cat","embeddable":true,"href":"https:\/\/cormac.eu\/fr\/wp-json\/wp\/v2\/product_cat?post=2731"},{"taxonomy":"product_tag","embeddable":true,"href":"https:\/\/cormac.eu\/fr\/wp-json\/wp\/v2\/product_tag?post=2731"}],"curies":[{"name":"wp","href":"https:\/\/api.w.org\/{rel}","templated":true}]}}