{"id":2727,"date":"2022-04-21T19:02:27","date_gmt":"2022-04-21T17:02:27","guid":{"rendered":"https:\/\/cormac.eu\/?post_type=product&#038;p=2727"},"modified":"2022-04-21T22:38:40","modified_gmt":"2022-04-21T20:38:40","slug":"machine-demballage-rks","status":"publish","type":"product","link":"https:\/\/cormac.eu\/fr\/product\/rks-wrapping-machine\/","title":{"rendered":"Machine d'emballage RKS ll"},"content":{"rendered":"<p><span lang=\"EN-US\">Fardeleuse \u00e0 haute vitesse con\u00e7ue pour les produits \u00e0 fond plat, emballage en pliage par le bas, y compris le syst\u00e8me d'alimentation SV 4 feeders. La machine peut \u00eatre \u00e9quip\u00e9e en option de syst\u00e8mes d'alimentation automatique. Plage de capacit\u00e9 : Jusqu'\u00e0 400 pi\u00e8ces par minute ; Application : Produits \u00e0 fond plat dans l'emballage en botte, thermoscellage.\u00a0<\/span><\/p>\n<p><img decoding=\"async\" class=\"alignnone wp-image-2700\" src=\"https:\/\/cormac.eu\/wp-content\/uploads\/2022\/04\/sample-4.jpg\" alt=\"\" width=\"132\" height=\"95\" \/><img decoding=\"async\" class=\"alignnone wp-image-2701\" src=\"https:\/\/cormac.eu\/wp-content\/uploads\/2022\/04\/sample-5.jpg\" alt=\"\" width=\"99\" height=\"125\" \/><img decoding=\"async\" class=\"alignnone wp-image-2728\" src=\"https:\/\/cormac.eu\/wp-content\/uploads\/2022\/04\/style-Knipsel.jpg\" alt=\"\" width=\"128\" height=\"91\" \/><\/p>\n<table>\n<tbody>\n<tr>\n<td colspan=\"4\" width=\"585\"><strong>Dimensions des mat\u00e9riaux d'emballage<\/strong><\/td>\n<\/tr>\n<tr>\n<td width=\"146\">\n<p style=\"text-align: center\"><strong>Largeur<\/strong><\/p>\n<\/td>\n<td style=\"text-align: center\" width=\"146\"><strong>Longueur de coupe<\/strong><\/td>\n<td style=\"text-align: center\" width=\"146\"><strong>Enrouleur <\/strong><strong>\u00d8<\/strong><\/td>\n<td style=\"text-align: center\" width=\"146\"><strong>C\u0153ur de m\u00e9tier <\/strong><strong>\u00d8<\/strong><\/td>\n<\/tr>\n<tr>\n<td style=\"text-align: center\" width=\"146\">40 - 100 mm<\/td>\n<td style=\"text-align: center\" width=\"146\">40 -100 mm<\/td>\n<td style=\"text-align: center\" width=\"146\">250 mm<\/td>\n<td width=\"146\">\n<p style=\"text-align: center\">35 - 78 mm<\/p>\n<\/td>\n<\/tr>\n<\/tbody>\n<\/table>\n<p>&nbsp;<\/p>\n<table style=\"height: 1081px\" width=\"612\">\n<tbody>\n<tr>\n<td width=\"293\">\n<p style=\"text-align: center\"><strong>Caract\u00e9ristiques (certaines en option)<\/strong><\/p>\n<\/td>\n<td width=\"293\">\n<p style=\"text-align: center\"><strong>Avantages<\/strong><\/p>\n<\/td>\n<\/tr>\n<tr>\n<td width=\"293\">T\u00eate de contr\u00f4le du registre<\/td>\n<td width=\"293\">\n<ul>\n<li>Contr\u00f4le de toutes les fonctions de la machine<\/li>\n<\/ul>\n<\/td>\n<\/tr>\n<tr>\n<td width=\"293\">Bo\u00eete de vitesses ferm\u00e9e, syst\u00e8me de lubrification centralis\u00e9, filtrage constant de l'huile<\/td>\n<td width=\"293\">\n<ul>\n<li>Pr\u00e9vention de la contamination de l'huile, faible entretien<\/li>\n<\/ul>\n<\/td>\n<\/tr>\n<tr>\n<td width=\"293\">R\u00e9gulation de la vitesse en continu avec convertisseur de fr\u00e9quence<\/td>\n<td width=\"293\">\n<ul>\n<li>Un contr\u00f4le parfait de la vitesse<\/li>\n<\/ul>\n<p>&nbsp;<\/td>\n<\/tr>\n<tr>\n<td width=\"293\">Moteur d'entra\u00eenement 1,1 kW<\/td>\n<td width=\"293\">\n<ul>\n<li>Fonctionnement en douceur, entra\u00eenement puissant et fiable<\/li>\n<\/ul>\n<\/td>\n<\/tr>\n<tr>\n<td width=\"293\">Transport de sortie<\/td>\n<td width=\"293\">\n<ul>\n<li>D\u00e9chargement contr\u00f4l\u00e9 des produits<\/li>\n<\/ul>\n<\/td>\n<\/tr>\n<tr>\n<td width=\"293\">Tapis d'alimentation et syst\u00e8mes d'alimentation automatique<\/td>\n<td width=\"293\">\n<ul>\n<li>Efficacit\u00e9 accrue<\/li>\n<\/ul>\n<p>&nbsp;<\/td>\n<\/tr>\n<tr>\n<td width=\"293\">Contr\u00f4le des taches de photo-cellules<\/td>\n<td width=\"293\">\n<ul>\n<li>Contr\u00f4le du positionnement de l'impression<\/li>\n<\/ul>\n<\/td>\n<\/tr>\n<tr>\n<td width=\"293\">Compteur de pi\u00e8ces et de tact<\/td>\n<td width=\"293\">\n<ul>\n<li>Mesure pr\u00e9cise du produit<\/li>\n<\/ul>\n<\/td>\n<\/tr>\n<tr>\n<td width=\"293\">Pi\u00e8ces de format, pi\u00e8ces d'alimentation, de pliage et d'\u00e9vacuation facilement accessibles<\/td>\n<td width=\"293\">\n<ul>\n<li>Changement rapide<\/li>\n<li>Nettoyage facile<\/li>\n<\/ul>\n<\/td>\n<\/tr>\n<tr>\n<td width=\"293\">Arr\u00eat automatique de l'alimentation en feuilles<\/td>\n<td width=\"293\">\n<ul>\n<li>Pas de produit - pas d'emballage<\/li>\n<li>Pr\u00e9venir les bourrages de film<\/li>\n<\/ul>\n<\/td>\n<\/tr>\n<tr>\n<td width=\"293\">Deuxi\u00e8me dispositif de d\u00e9roulement de la feuille<\/td>\n<td width=\"293\">\n<ul>\n<li>Application d'un mat\u00e9riau d'emballage int\u00e9rieur et ext\u00e9rieur<\/li>\n<\/ul>\n<\/td>\n<\/tr>\n<tr>\n<td width=\"293\">Unit\u00e9 d'\u00e9pissage<\/td>\n<td width=\"293\">\n<ul>\n<li>Changement automatique des bobines pour une plus grande efficacit\u00e9<\/li>\n<\/ul>\n<\/td>\n<\/tr>\n<tr>\n<td width=\"293\">Armoire de commande avec SPS<\/td>\n<td width=\"293\">\n<ul>\n<li>Excellente ma\u00eetrise de la machine<\/li>\n<\/ul>\n<\/td>\n<\/tr>\n<\/tbody>\n<\/table>","protected":false},"excerpt":{"rendered":"<p>Machine d'emballage \u00e0 grande vitesse pour les produits \u00e0 fond plat.<\/p>","protected":false},"featured_media":2726,"comment_status":"open","ping_status":"closed","template":"","meta":{"uix_meta_title":"","uix_meta_description":"","uix_canonical_url":""},"product_brand":[],"product_cat":[105],"product_tag":[],"class_list":{"0":"post-2727","1":"product","2":"type-product","3":"status-publish","4":"has-post-thumbnail","6":"product_cat-packaging","8":"first","9":"instock","10":"shipping-taxable","11":"product-type-simple"},"_links":{"self":[{"href":"https:\/\/cormac.eu\/fr\/wp-json\/wp\/v2\/product\/2727","targetHints":{"allow":["GET"]}}],"collection":[{"href":"https:\/\/cormac.eu\/fr\/wp-json\/wp\/v2\/product"}],"about":[{"href":"https:\/\/cormac.eu\/fr\/wp-json\/wp\/v2\/types\/product"}],"replies":[{"embeddable":true,"href":"https:\/\/cormac.eu\/fr\/wp-json\/wp\/v2\/comments?post=2727"}],"wp:featuredmedia":[{"embeddable":true,"href":"https:\/\/cormac.eu\/fr\/wp-json\/wp\/v2\/media\/2726"}],"wp:attachment":[{"href":"https:\/\/cormac.eu\/fr\/wp-json\/wp\/v2\/media?parent=2727"}],"wp:term":[{"taxonomy":"product_brand","embeddable":true,"href":"https:\/\/cormac.eu\/fr\/wp-json\/wp\/v2\/product_brand?post=2727"},{"taxonomy":"product_cat","embeddable":true,"href":"https:\/\/cormac.eu\/fr\/wp-json\/wp\/v2\/product_cat?post=2727"},{"taxonomy":"product_tag","embeddable":true,"href":"https:\/\/cormac.eu\/fr\/wp-json\/wp\/v2\/product_tag?post=2727"}],"curies":[{"name":"wp","href":"https:\/\/api.w.org\/{rel}","templated":true}]}}