{"id":2725,"date":"2022-04-21T16:56:38","date_gmt":"2022-04-21T14:56:38","guid":{"rendered":"https:\/\/cormac.eu\/?post_type=product&#038;p=2725"},"modified":"2022-04-21T22:39:30","modified_gmt":"2022-04-21T20:39:30","slug":"machine-demballage-rge-2","status":"publish","type":"product","link":"https:\/\/cormac.eu\/fr\/product\/rge-wrapping-machine\/","title":{"rendered":"Enveloppeuse RGE"},"content":{"rendered":"<p>Machine d'emballage pour produits tels que les \u0153ufs et les boules (creuses ou fourr\u00e9es) en pliage frontal, ficelle torsad\u00e9e et double torsion. Cette machine \u00e0 emballer le chocolat peut atteindre une vitesse de 55 pi\u00e8ces par minute. La version standard de la RGE peut traiter des produits d'un diam\u00e8tre allant jusqu'\u00e0 70 mm. La version RGE-100 permet d'emballer des produits d'un diam\u00e8tre maximum de 100 mm. La machine RGE de Rasch peut \u00eatre aliment\u00e9e manuellement ou \u00e9quip\u00e9e d'un syst\u00e8me d'alimentation automatique qui peut comprendre, par exemple, des bandes d'alimentation, des syst\u00e8mes d'alignement ainsi que des syst\u00e8mes robotis\u00e9s de prise et de d\u00e9pose. Des pi\u00e8ces de format personnalis\u00e9 peuvent \u00eatre install\u00e9es et les changements ne sont pas compliqu\u00e9s.<\/p>\n<p>&nbsp;<\/p>\n<table style=\"height: 924px\" width=\"949\">\n<tbody>\n<tr>\n<td width=\"197\"><strong>Caract\u00e9ristiques<\/strong><\/td>\n<td width=\"197\"><strong>Avantages<\/strong><\/td>\n<\/tr>\n<tr>\n<td>Table d'alimentation et syst\u00e8mes d'alimentation automatique en option<\/p>\n<p>&nbsp;<\/td>\n<td>\n<ul>\n<li>Efficacit\u00e9 accrue<\/li>\n<\/ul>\n<\/td>\n<\/tr>\n<tr>\n<td>T\u00eate de contr\u00f4le du registre<\/td>\n<td>\n<ul>\n<li>contr\u00f4le de l'impression<\/li>\n<\/ul>\n<\/td>\n<\/tr>\n<tr>\n<td>Arr\u00eat automatique de l'alimentation en feuilles<\/td>\n<td>\n<ul>\n<li>Pas de produit - pas d'emballage<\/li>\n<li>\u00e9viter les bourrages de film<\/li>\n<\/ul>\n<\/td>\n<\/tr>\n<tr>\n<td>&nbsp;<\/p>\n<p>R\u00e9gulation de la vitesse en continu avec convertisseur de fr\u00e9quence<\/td>\n<td>\n<ul>\n<li>Un contr\u00f4le parfait de la vitesse<\/li>\n<\/ul>\n<\/td>\n<\/tr>\n<tr>\n<td>Deuxi\u00e8me dispositif de d\u00e9roulement de la feuille<\/td>\n<td>\n<ul>\n<li>Application d'un mat\u00e9riau d'emballage int\u00e9rieur et ext\u00e9rieur<\/li>\n<\/ul>\n<\/td>\n<\/tr>\n<tr>\n<td>Bo\u00eete de vitesses ferm\u00e9e avec syst\u00e8me de lubrification centralis\u00e9<\/td>\n<td>\n<ul>\n<li>Peu d'entretien<\/li>\n<\/ul>\n<\/td>\n<\/tr>\n<tr>\n<td>Unit\u00e9 d'\u00e9pissage en option<\/td>\n<td>\n<ul>\n<li>Changement automatique de bobine<\/li>\n<li>une plus grande efficacit\u00e9<\/li>\n<\/ul>\n<\/td>\n<\/tr>\n<tr>\n<td>Armoire de commande avec SPS<\/td>\n<td>\n<ul>\n<li>Excellente ma\u00eetrise de la machine<\/li>\n<\/ul>\n<\/td>\n<\/tr>\n<\/tbody>\n<\/table>\n<p>&nbsp;<\/p>","protected":false},"excerpt":{"rendered":"<p>Machine \u00e0 emballer les \u0153ufs et les boules en chocolat<\/p>","protected":false},"featured_media":2724,"comment_status":"open","ping_status":"closed","template":"","meta":{"uix_meta_title":"","uix_meta_description":"","uix_canonical_url":""},"product_brand":[],"product_cat":[105],"product_tag":[],"class_list":{"0":"post-2725","1":"product","2":"type-product","3":"status-publish","4":"has-post-thumbnail","6":"product_cat-packaging","8":"first","9":"instock","10":"shipping-taxable","11":"product-type-simple"},"_links":{"self":[{"href":"https:\/\/cormac.eu\/fr\/wp-json\/wp\/v2\/product\/2725","targetHints":{"allow":["GET"]}}],"collection":[{"href":"https:\/\/cormac.eu\/fr\/wp-json\/wp\/v2\/product"}],"about":[{"href":"https:\/\/cormac.eu\/fr\/wp-json\/wp\/v2\/types\/product"}],"replies":[{"embeddable":true,"href":"https:\/\/cormac.eu\/fr\/wp-json\/wp\/v2\/comments?post=2725"}],"wp:featuredmedia":[{"embeddable":true,"href":"https:\/\/cormac.eu\/fr\/wp-json\/wp\/v2\/media\/2724"}],"wp:attachment":[{"href":"https:\/\/cormac.eu\/fr\/wp-json\/wp\/v2\/media?parent=2725"}],"wp:term":[{"taxonomy":"product_brand","embeddable":true,"href":"https:\/\/cormac.eu\/fr\/wp-json\/wp\/v2\/product_brand?post=2725"},{"taxonomy":"product_cat","embeddable":true,"href":"https:\/\/cormac.eu\/fr\/wp-json\/wp\/v2\/product_cat?post=2725"},{"taxonomy":"product_tag","embeddable":true,"href":"https:\/\/cormac.eu\/fr\/wp-json\/wp\/v2\/product_tag?post=2725"}],"curies":[{"name":"wp","href":"https:\/\/api.w.org\/{rel}","templated":true}]}}